{"id":2615,"date":"2024-06-06T09:47:24","date_gmt":"2024-06-06T07:47:24","guid":{"rendered":"https:\/\/new3.sclerodermie.ch\/die-krankheit\/systemische-sklerose\/"},"modified":"2026-01-27T16:37:14","modified_gmt":"2026-01-27T15:37:14","slug":"systemische-sklerose","status":"publish","type":"page","link":"https:\/\/www.sclerodermie.ch\/de\/die-krankheit\/systemische-sklerose\/","title":{"rendered":"Systemische Sklerose"},"content":{"rendered":"\n<div class=\"wp-block-citadela-blocks-custom-container citadela-block-custom-container size-wide bg-type-none inside-space-none\"><div class=\"inner-holder\">\n<div style=\"height:100px\" aria-hidden=\"true\" class=\"wp-block-spacer\"><\/div>\n\n\n<div style=\"--bb--crumb-gap:.4em; font-style:normal;font-weight:600;\" class=\"hide-home-page wp-block-boldblocks-breadcrumb-block has-large-font-size\"><nav role=\"navigation\" aria-label=\"Breadcrumbs\" class=\"breadcrumb\"><ol class=\"breadcrumb-items\"><li class=\"breadcrumb-item breadcrumb-item--current breadcrumb-item--home\"><span class=\"breadcrumb-item-name\">Home<\/span><\/li><\/ol><\/nav><\/div>\n\n\n<hr class=\"wp-block-separator has-alpha-channel-opacity is-style-wide\"\/>\n\n\n\n<h2 class=\"wp-block-heading\">Auszug aus der neuen Brosch\u00fcre der Rheumaliga Schweiz (2021)<\/h2>\n\n\n<div class=\"wp-block-image\">\n<figure class=\"alignleft size-full\"><img loading=\"lazy\" decoding=\"async\" width=\"722\" height=\"542\" src=\"https:\/\/www.sclerodermie.ch\/wp-content\/uploads\/2024\/06\/Systemische_Sklerose_D_362_Layout_low_210830_72dpi-pdf-722x1024-1-edited.jpg\" alt=\"\" class=\"wp-image-2617\" srcset=\"https:\/\/www.sclerodermie.ch\/wp-content\/uploads\/2024\/06\/Systemische_Sklerose_D_362_Layout_low_210830_72dpi-pdf-722x1024-1-edited.jpg 722w, https:\/\/www.sclerodermie.ch\/wp-content\/uploads\/2024\/06\/Systemische_Sklerose_D_362_Layout_low_210830_72dpi-pdf-722x1024-1-edited-300x225.jpg 300w, https:\/\/www.sclerodermie.ch\/wp-content\/uploads\/2024\/06\/Systemische_Sklerose_D_362_Layout_low_210830_72dpi-pdf-722x1024-1-edited-640x480.jpg 640w, https:\/\/www.sclerodermie.ch\/wp-content\/uploads\/2024\/06\/Systemische_Sklerose_D_362_Layout_low_210830_72dpi-pdf-722x1024-1-edited-480x360.jpg 480w\" sizes=\"auto, (max-width: 722px) 100vw, 722px\" \/><\/figure>\n<\/div>\n\n\n<p class=\"has-medium-font-size\">Haben Sie selber oder hat eine Ihnen nahestehende Person die Diagnose systemische Sklerose erhalten? Vielleicht nach nur kurzer Dauer des Nichtwissens, m\u00f6glicherweise aber auch erst im Zuge einer langen, nervenaufreibenden Suche nach den Ursachen der Beschwerden? So unterschiedlich die Wege zur Diagnose sind, so verschieden sind auch die Reaktionen darauf.   <br> <br>Es ist verst\u00e4ndlich, wenn Ihnen das Gef\u00fchl der Ungewissheit im ersten Moment die Luft raubt und Sie sich mit dieser unbekannten, weil seltenen Erkrankung alleine f\u00fchlen. Doch seien Sie versichert: Engagierte Spezialistinnen und Spezialisten kennen die systemische Sklerose gut, und Sie sind bei ihnen mit Sicherheit in guten H\u00e4nden. Die Krankheit ist bis heute zwar nicht heilbar, aber sie ist behandelbar. Das macht einen grossen Unterschied.<br> <br>Diese Brosch\u00fcre soll Ihnen helfen, die Krankheit und die damit verbundenen Beschwerden besser zu verstehen. Au\u00dferdem werden die derzeit verf\u00fcgbaren Behandlungsm\u00f6glichkeiten erl\u00e4utert.  Da die systemische Sklerodermie von Person zu Person sehr unterschiedlich verl\u00e4uft, erfordert sie eine individuelle Behandlung und Betreuung, die auf jeden Einzelnen zugeschnitten ist. W\u00e4hrend einige Betroffene mit regelm\u00e4\u00dfigen Kontrollen durch Spezialisten &#8222;zufrieden&#8220; sein k\u00f6nnen, ben\u00f6tigen andere eine komplexe Behandlung, die eine medikament\u00f6se Behandlung mit anderen Ma\u00dfnahmen kombiniert. Es ist m\u00f6glich, die Symptome durch zus\u00e4tzliche Behandlungen zu reduzieren und die Lebensqualit\u00e4t von Menschen mit systemischer Sklerodermie zu verbessern. Um eine optimale Behandlung zu gew\u00e4hrleisten, sind umfassende Untersuchungen und eine sorgf\u00e4ltige \u00dcberwachung der Betroffenen unerl\u00e4sslich.   <br> <br>Z\u00f6gern Sie nicht, alle Fragen, die Sie besch\u00e4ftigen, den Spezialisten zu stellen, die Sie betreuen. Mit der Zeit werden Sie so zu einer Expertin oder einem Experten Ihrer eigenen Krankheit und wissen, was Ihnen gut tut und das Leben erleichtert. <br> <br>Lassen Sie sich Zeit, die Diagnose zu akzeptieren und sie in Ihr Leben zu integrieren. Seien Sie auch geduldig mit Ihren Mitmenschen. Im Gegensatz zu einem gebrochenen Bein bleibt die Krankheit f\u00fcr diejenigen, die sie nicht kennen, weitgehend unsichtbar. Je besser Sie sich und Ihre Angeh\u00f6rigen \u00fcber Ihre Krankheit informieren, desto besser k\u00f6nnen Sie alle mit ihr leben.   <\/p>\n\n\n\n<blockquote class=\"wp-block-quote is-layout-flow wp-block-quote-is-layout-flow\">\n<p class=\"has-medium-font-size\"><strong>Leben Sie &#8222;mit&#8220; Ihrer Krankheit und nicht &#8222;f\u00fcr&#8220; sie.<\/strong><\/p>\n<\/blockquote>\n\n\n\n<p class=\"has-medium-font-size\">Die Rheumaliga Schweiz, Ihre \u00c4rzte oder die Schweizerische Vereinigung der Sklerodermie-Betroffenen stehen Ihnen zur Seite.<\/p>\n\n\n\n<p class=\"has-medium-font-size\"><em>Ihre Rheumaliga Schweiz<\/em><\/p>\n\n\n\n<p class=\"has-medium-font-size\"><strong><a href=\"https:\/\/www.sclerodermie.ch\/wp-content\/uploads\/2024\/06\/Sclerose_systemique_F362_Layout_low_210830-2.pdf\" target=\"_blank\" rel=\"noreferrer noopener\">Laden Sie die vollst\u00e4ndige Brosch\u00fcre HIER herunter.<\/a><br><\/strong><a href=\"https:\/\/rheumaliga-schweiz.ch\/de\/shop\/produkte\/publikationen\/rheumatische-erkrankungen\/sklerodermie\/systemische-sklerose\/\" target=\"_blank\" rel=\"noreferrer noopener\"><strong>Bestellen Sie die Brosch\u00fcre direkt bei der Rheumaliga HIER.<\/strong><\/a><br><strong><a href=\"https:\/\/www.sclerodermie.ch\/de\/kontakt\/\" data-type=\"page\" data-id=\"523\" target=\"_blank\" rel=\"noreferrer noopener\">Bestellen Sie die Brosch\u00fcre HIER.<\/a><\/strong><\/p>\n\n\n\n<p class=\"has-medium-font-size\"><strong>Hier finden Sie folgende Informationen:<\/strong><\/p>\n\n\n\n<figure class=\"wp-block-table is-style-stripes\"><table><thead><tr><th>Zeite<\/th><th>Titel<\/th><th><\/th><th>Zeite<\/th><th>Titel<\/th><\/tr><\/thead><tbody><tr><td><\/td><td><\/td><td><\/td><td><\/td><td><\/td><\/tr><tr><td>9<\/td><td>Wie zeigt sich die systemische Sklerose?<\/td><td><\/td><td>24<\/td><td>Nieren, renale Krise<\/td><\/tr><tr><td>9<\/td><td>Raynaud-Syndrom<\/td><td><\/td><td>25<\/td><td>Sexualfunktion<\/td><\/tr><tr><td>12<\/td><td>Wunden<\/td><td><\/td><td>26<\/td><td><br> Psyche<\/td><\/tr><tr><td>13<\/td><td>Haut<\/td><td><\/td><td>27<\/td><td>Wie wird die Diagnose gestellt?<\/td><\/tr><tr><td>17<\/td><td>Gelenke und Muskulatur<\/td><td><\/td><td>38<\/td><td>Wie wird die systemische Sklerose behandelt?<\/td><\/tr><tr><td>18<\/td><td>Knochen<\/td><td><\/td><td>39<\/td><td>Organbezogene medikament\u00f6se Therapien<\/td><\/tr><tr><td>19<\/td><td>Verdauungstrakt<\/td><td><\/td><td>53<\/td><td>Nicht-medikament\u00f6se Therapieformen<\/td><\/tr><tr><td>21<\/td><td>Lunge, Lungenhochdruck und Herz<\/td><td><\/td><td>71<\/td><td>N\u00fctzliche Kontakte<\/td><\/tr><\/tbody><\/table><\/figure>\n<\/div><\/div>\n\n\n\n<div class=\"wp-block-citadela-blocks-custom-container citadela-block-custom-container size-wide bg-type-color inside-space-zero has-bg\" style=\"background-color:rgba(238, 113, 37, 1)\"><div class=\"inner-holder\">\n<div class=\"wp-block-columns alignwide are-vertically-aligned-center has-3-columns has-white-color has-text-color has-link-color wp-elements-232ba89b49a3990389afbc019e1467d3 is-layout-flex wp-container-core-columns-is-layout-9d6595d7 wp-block-columns-is-layout-flex\">\n<div class=\"wp-block-column is-vertically-aligned-center is-layout-flow wp-block-column-is-layout-flow\">\n<div class=\"wp-block-citadela-blocks-service citadela-block-service main-holder layout-box header-type-icon standard\"><div class=\"service-header\"><div class=\"service-icon\"><a href=\"https:\/\/www.sclerodermie.ch\/de\/kontakt\/\" target=\"_blank\" rel=\"noopener noreferrer\"><i class=\"fas fa-at\" style=\"color:#ffffff\"><\/i><\/a><\/div><\/div><div class=\"service-content\"><div class=\"service-content-wrap\"><a href=\"https:\/\/www.sclerodermie.ch\/de\/kontakt\/\" target=\"_blank\" rel=\"noopener noreferrer\"><h3 class=\"service-title\" style=\"color:#ffffff\">SCHREIBEN SIE UNS<\/h3><\/a><p class=\"service-description\" style=\"color:#ffffff\">info@sclerodermie.ch<br>sclerodermie.ch<br>3000 Berne <\/p><\/div><\/div><\/div>\n<\/div>\n\n\n\n<div class=\"wp-block-column is-vertically-aligned-center is-layout-flow wp-block-column-is-layout-flow\">\n<div class=\"wp-block-citadela-blocks-service citadela-block-service main-holder layout-box header-type-icon standard\"><div class=\"service-header\"><div class=\"service-icon\"><i class=\"fas fa-phone\" style=\"color:#ffffff\"><\/i><\/div><\/div><div class=\"service-content\"><div class=\"service-content-wrap\"><h3 class=\"service-title\" style=\"color:#ffffff\">RUFEN SIE UNS AN<\/h3><p class=\"service-description\" style=\"color:#ffffff\"><strong>077 469 75 58 &#8211; Franz\u00f6sisch<br>077 502 18 68 &#8211; Deutsch<br>077 501 67 59 &#8211; Italiano  <\/strong><\/p><\/div><\/div><\/div>\n<\/div>\n\n\n\n<div class=\"wp-block-column is-vertically-aligned-center is-layout-flow wp-block-column-is-layout-flow\">\n<div class=\"wp-block-citadela-blocks-service citadela-block-service main-holder layout-box header-type-icon standard\"><div class=\"service-header\"><div class=\"service-icon\"><i class=\"fas fa-piggy-bank\" style=\"color:#ffffff\"><\/i><\/div><\/div><div class=\"service-content\"><div class=\"service-content-wrap\"><h3 class=\"service-title\" style=\"color:#ffffff\">UNS UNTERST\u00dcTZEN<\/h3><p class=\"service-description\" style=\"color:#ffffff\">Postkonto: 12-864923-6 CHF<br>BIC-Code: POFICHBEXXXX<br>IBAN : CH47 0900 0000 1286 4923 6<\/p><\/div><\/div><\/div>\n<\/div>\n<\/div>\n<\/div><\/div>\n\n\n\n<p><\/p>\n","protected":false},"excerpt":{"rendered":"","protected":false},"author":1,"featured_media":0,"parent":2546,"menu_order":0,"comment_status":"closed","ping_status":"closed","template":"page-templates\/right-sidebar.php","meta":{"_citadela_hide_page_title":"1","_citadela_remove_header_space":"1","_citadela_custom_class":"","_citadela_half_map_provider":"","_citadela_half_map_theme":"","_citadela_half_map_themeOSM":"","_citadela_half_map_customTheme":"","_citadela_half_map_dataType":"","_citadela_half_map_dynamicTrack":false,"_citadela_half_map_trackColor":"","_citadela_half_map_trackEndpointsColor":"","_citadela_half_map_filterCategory":"","_citadela_half_map_filterLocation":"","_citadela_half_map_filterFeatured":false,"_citadela_half_map_noDataBehavior":"empty-map","_citadela_half_map_noDataText":"","_citadela_half_map_clusterGridSize":80,"_citadela_header":false,"_citadela_header_over_content":false,"_citadela_header_text_color":"","_citadela_header_logo":[],"_citadela_header_bg_image":[],"_citadela_header_bg_position":{"x":0.5,"y":0.5},"_citadela_header_bg_size":"cover","_citadela_header_bg_repeat":"no-repeat","_citadela_header_bg_fixed":false,"_citadela_header_bg_color":"","_citadela_header_bg_image_overlay":"","_citadela_header_transparent_bg":false,"_citadela_content_width":"","_citadela_half_layout_position":"","footnotes":""},"class_list":["post-2615","page","type-page","status-publish","hentry"],"_links":{"self":[{"href":"https:\/\/www.sclerodermie.ch\/de\/wp-json\/wp\/v2\/pages\/2615","targetHints":{"allow":["GET"]}}],"collection":[{"href":"https:\/\/www.sclerodermie.ch\/de\/wp-json\/wp\/v2\/pages"}],"about":[{"href":"https:\/\/www.sclerodermie.ch\/de\/wp-json\/wp\/v2\/types\/page"}],"author":[{"embeddable":true,"href":"https:\/\/www.sclerodermie.ch\/de\/wp-json\/wp\/v2\/users\/1"}],"replies":[{"embeddable":true,"href":"https:\/\/www.sclerodermie.ch\/de\/wp-json\/wp\/v2\/comments?post=2615"}],"version-history":[{"count":29,"href":"https:\/\/www.sclerodermie.ch\/de\/wp-json\/wp\/v2\/pages\/2615\/revisions"}],"predecessor-version":[{"id":4537,"href":"https:\/\/www.sclerodermie.ch\/de\/wp-json\/wp\/v2\/pages\/2615\/revisions\/4537"}],"up":[{"embeddable":true,"href":"https:\/\/www.sclerodermie.ch\/de\/wp-json\/wp\/v2\/pages\/2546"}],"wp:attachment":[{"href":"https:\/\/www.sclerodermie.ch\/de\/wp-json\/wp\/v2\/media?parent=2615"}],"curies":[{"name":"wp","href":"https:\/\/api.w.org\/{rel}","templated":true}]}}