{"id":2842,"date":"2024-06-06T09:48:07","date_gmt":"2024-06-06T07:48:07","guid":{"rendered":"https:\/\/new3.sclerodermie.ch\/die-krankheit\/mund-und-zahngesundheit\/"},"modified":"2025-05-27T12:26:43","modified_gmt":"2025-05-27T10:26:43","slug":"mund-und-zahngesundheit","status":"publish","type":"page","link":"https:\/\/www.sclerodermie.ch\/de\/die-krankheit\/mund-und-zahngesundheit\/","title":{"rendered":"Mund-und Zahngesundheit"},"content":{"rendered":"\n<div class=\"wp-block-citadela-blocks-custom-container citadela-block-custom-container size-wide bg-type-none inside-space-none\"><div class=\"inner-holder\">\n<div style=\"height:100px\" aria-hidden=\"true\" class=\"wp-block-spacer\"><\/div>\n\n\n<div style=\"--bb--crumb-gap:.4em; font-style:normal;font-weight:600;\" class=\"hide-home-page wp-block-boldblocks-breadcrumb-block has-large-font-size\"><nav role=\"navigation\" aria-label=\"Breadcrumbs\" class=\"breadcrumb\"><ol class=\"breadcrumb-items\"><li class=\"breadcrumb-item breadcrumb-item--current breadcrumb-item--home\"><span class=\"breadcrumb-item-name\">Home<\/span><\/li><\/ol><\/nav><\/div>\n\n\n<hr class=\"wp-block-separator has-alpha-channel-opacity is-style-wide\"\/>\n\n\n\n<div class=\"wp-block-group\"><div class=\"wp-block-group__inner-container is-layout-constrained wp-block-group-is-layout-constrained\">\n<div class=\"wp-block-media-text is-stacked-on-mobile\"><figure class=\"wp-block-media-text__media\"><img loading=\"lazy\" decoding=\"async\" width=\"723\" height=\"1024\" src=\"https:\/\/www.sclerodermie.ch\/wp-content\/uploads\/2024\/10\/Zahne.D-pdf-723x1024.jpg\" alt=\"\" class=\"wp-image-2808 size-citadela_service\" srcset=\"https:\/\/www.sclerodermie.ch\/wp-content\/uploads\/2024\/10\/Zahne.D-pdf-723x1024.jpg 723w, https:\/\/www.sclerodermie.ch\/wp-content\/uploads\/2024\/10\/Zahne.D-pdf-212x300.jpg 212w, https:\/\/www.sclerodermie.ch\/wp-content\/uploads\/2024\/10\/Zahne.D-pdf.jpg 747w\" sizes=\"auto, (max-width: 723px) 100vw, 723px\" \/><\/figure><div class=\"wp-block-media-text__content\">\n<p class=\"has-medium-font-size\">Bei Sklerodermiebetroffenen k\u00f6nnen schon in jungen Jahren vermehrt Probleme an den Z\u00e4hnen und\/oder am Zahnhalteapparat auftreten.<\/p>\n\n\n\n<p class=\"has-medium-font-size\">Dies ist in erster Linie auf die k\u00f6rperlichen Ver\u00e4nderungen zur\u00fcckzuf\u00fchren, die die Krankheit verursacht, wie die Verengung der Mund\u00f6ffnung oder der Mangel an Speichel. Zweitens, weil diese Ver\u00e4nderungen wiederum zu erheblichen Schwierigkeiten bei der Aufrechterhaltung einer guten Mundhygiene f\u00fchren. Auch Probleme mit der Fingerfertigkeit k\u00f6nnen die Qualit\u00e4t der Zahnpflege beeintr\u00e4chtigen. Neben Karies und Zahnfleischentz\u00fcndungen kann Sklerodermie auch schmerzhafte Sch\u00e4den am Kiefer und seinen Gelenken verursachen. Es ist auch bekannt, dass Menschen mit Sklerodermie auch ohne Parodontose eine Vergr\u00f6\u00dferung des Desmodonts (Ligamentraum zwischen Wurzel und Knochen) aufweisen, was zur Fr\u00fcherkennung der Krankheit beitragen kann.<\/p>\n\n\n\n<p class=\"has-medium-font-size\"><strong><a href=\"https:\/\/www.sclerodermie.ch\/wp-content\/uploads\/2024\/10\/Zahne.D.pdf\" data-type=\"link\" data-id=\"https:\/\/www.sclerodermie.ch\/wp-content\/uploads\/2024\/10\/Zahne.D.pdf\">Laden Sie die komplette Brosch\u00fcre HIER.<\/a><br><a href=\"https:\/\/www.sclerodermie.ch\/de\/kontakt\/\" data-type=\"page\" data-id=\"523\">Bestellen Sie die Brosch\u00fcre HIER.<\/a><\/strong><\/p>\n\n\n\n<p class=\"has-medium-font-size\"><\/p>\n<\/div><\/div>\n<\/div><\/div>\n\n\n\n<p class=\"has-medium-font-size\"><strong>In dieser Brosch\u00fcre finden Sie Informationen zu:<\/strong><\/p>\n\n\n\n<div class=\"wp-block-group\"><div class=\"wp-block-group__inner-container is-layout-constrained wp-block-group-is-layout-constrained\">\n<div class=\"wp-block-group\"><div class=\"wp-block-group__inner-container is-layout-constrained wp-block-group-is-layout-constrained\">\n<ul class=\"wp-block-list\">\n<li class=\"has-medium-font-size\">Verkleinerung des Mundes<\/li>\n\n\n\n<li class=\"has-medium-font-size\">Trockener Mund<\/li>\n\n\n\n<li class=\"has-medium-font-size\">Zahnfleischerkrankungen<\/li>\n\n\n\n<li class=\"has-medium-font-size\">Auswirkungen von Medikamenten auf die Mund- und Zahngesunheit<\/li>\n\n\n\n<li class=\"has-medium-font-size\">Schmerzen beim Kauen<\/li>\n\n\n\n<li class=\"has-medium-font-size\">Zahnersath- und Implantatversorgung<\/li>\n\n\n\n<li class=\"has-medium-font-size\">Ratschl\u00e4ge f\u00fcr die Aufrechterhaltung einer guten Mund- und Zahngesundheit und -hygiene<\/li>\n<\/ul>\n<\/div><\/div>\n<\/div><\/div>\n<\/div><\/div>\n\n\n\n<div class=\"wp-block-citadela-blocks-custom-container citadela-block-custom-container size-wide bg-type-color inside-space-zero has-bg\" style=\"background-color:rgba(238, 113, 37, 1)\"><div class=\"inner-holder\">\n<div class=\"wp-block-columns alignwide are-vertically-aligned-center has-3-columns has-white-color has-text-color has-link-color wp-elements-232ba89b49a3990389afbc019e1467d3 is-layout-flex wp-container-core-columns-is-layout-9d6595d7 wp-block-columns-is-layout-flex\">\n<div class=\"wp-block-column is-vertically-aligned-center is-layout-flow wp-block-column-is-layout-flow\">\n<div class=\"wp-block-citadela-blocks-service citadela-block-service main-holder layout-box header-type-icon standard\"><div class=\"service-header\"><div class=\"service-icon\"><a href=\"https:\/\/www.sclerodermie.ch\/de\/kontakt\/\" target=\"_blank\" rel=\"noopener noreferrer\"><i class=\"fas fa-at\" style=\"color:#ffffff\"><\/i><\/a><\/div><\/div><div class=\"service-content\"><div class=\"service-content-wrap\"><a href=\"https:\/\/www.sclerodermie.ch\/de\/kontakt\/\" target=\"_blank\" rel=\"noopener noreferrer\"><h3 class=\"service-title\" style=\"color:#ffffff\">SCHREIBEN SIE UNS<\/h3><\/a><p class=\"service-description\" style=\"color:#ffffff\">info@sclerodermie.ch<br>sclerodermie.ch<br>3000 Berne <\/p><\/div><\/div><\/div>\n<\/div>\n\n\n\n<div class=\"wp-block-column is-vertically-aligned-center is-layout-flow wp-block-column-is-layout-flow\">\n<div class=\"wp-block-citadela-blocks-service citadela-block-service main-holder layout-box header-type-icon standard\"><div class=\"service-header\"><div class=\"service-icon\"><i class=\"fas fa-phone\" style=\"color:#ffffff\"><\/i><\/div><\/div><div class=\"service-content\"><div class=\"service-content-wrap\"><h3 class=\"service-title\" style=\"color:#ffffff\">RUFEN SIE UNS AN<\/h3><p class=\"service-description\" style=\"color:#ffffff\"><strong>077 469 75 58 &#8211; Franz\u00f6sisch<br>077 502 18 68 &#8211; Deutsch<br>077 501 67 59 &#8211; Italiano  <\/strong><\/p><\/div><\/div><\/div>\n<\/div>\n\n\n\n<div class=\"wp-block-column is-vertically-aligned-center is-layout-flow wp-block-column-is-layout-flow\">\n<div class=\"wp-block-citadela-blocks-service citadela-block-service main-holder layout-box header-type-icon standard\"><div class=\"service-header\"><div class=\"service-icon\"><i class=\"fas fa-piggy-bank\" style=\"color:#ffffff\"><\/i><\/div><\/div><div class=\"service-content\"><div class=\"service-content-wrap\"><h3 class=\"service-title\" style=\"color:#ffffff\">UNS UNTERST\u00dcTZEN<\/h3><p class=\"service-description\" style=\"color:#ffffff\">Postkonto: 12-864923-6 CHF<br>BIC-Code: POFICHBEXXXX<br>IBAN : CH47 0900 0000 1286 4923 6<\/p><\/div><\/div><\/div>\n<\/div>\n<\/div>\n<\/div><\/div>\n","protected":false},"excerpt":{"rendered":"","protected":false},"author":1,"featured_media":0,"parent":2546,"menu_order":1,"comment_status":"closed","ping_status":"closed","template":"","meta":{"_citadela_hide_page_title":"","_citadela_remove_header_space":"","_citadela_custom_class":"","_citadela_half_map_provider":"","_citadela_half_map_theme":"","_citadela_half_map_themeOSM":"","_citadela_half_map_customTheme":"","_citadela_half_map_dataType":"","_citadela_half_map_dynamicTrack":false,"_citadela_half_map_trackColor":"","_citadela_half_map_trackEndpointsColor":"","_citadela_half_map_filterCategory":"","_citadela_half_map_filterLocation":"","_citadela_half_map_filterFeatured":false,"_citadela_half_map_noDataBehavior":"empty-map","_citadela_half_map_noDataText":"","_citadela_half_map_clusterGridSize":80,"_citadela_header":false,"_citadela_header_over_content":false,"_citadela_header_text_color":"","_citadela_header_logo":[],"_citadela_header_bg_image":[],"_citadela_header_bg_position":[],"_citadela_header_bg_size":"","_citadela_header_bg_repeat":"","_citadela_header_bg_fixed":false,"_citadela_header_bg_color":"","_citadela_header_bg_image_overlay":"","_citadela_header_transparent_bg":false,"_citadela_content_width":"","_citadela_half_layout_position":"","footnotes":""},"class_list":["post-2842","page","type-page","status-publish","hentry"],"_links":{"self":[{"href":"https:\/\/www.sclerodermie.ch\/de\/wp-json\/wp\/v2\/pages\/2842","targetHints":{"allow":["GET"]}}],"collection":[{"href":"https:\/\/www.sclerodermie.ch\/de\/wp-json\/wp\/v2\/pages"}],"about":[{"href":"https:\/\/www.sclerodermie.ch\/de\/wp-json\/wp\/v2\/types\/page"}],"author":[{"embeddable":true,"href":"https:\/\/www.sclerodermie.ch\/de\/wp-json\/wp\/v2\/users\/1"}],"replies":[{"embeddable":true,"href":"https:\/\/www.sclerodermie.ch\/de\/wp-json\/wp\/v2\/comments?post=2842"}],"version-history":[{"count":7,"href":"https:\/\/www.sclerodermie.ch\/de\/wp-json\/wp\/v2\/pages\/2842\/revisions"}],"predecessor-version":[{"id":4221,"href":"https:\/\/www.sclerodermie.ch\/de\/wp-json\/wp\/v2\/pages\/2842\/revisions\/4221"}],"up":[{"embeddable":true,"href":"https:\/\/www.sclerodermie.ch\/de\/wp-json\/wp\/v2\/pages\/2546"}],"wp:attachment":[{"href":"https:\/\/www.sclerodermie.ch\/de\/wp-json\/wp\/v2\/media?parent=2842"}],"curies":[{"name":"wp","href":"https:\/\/api.w.org\/{rel}","templated":true}]}}