{"id":3514,"date":"2024-06-06T12:17:28","date_gmt":"2024-06-06T10:17:28","guid":{"rendered":"https:\/\/new3.sclerodermie.ch\/datenschutz\/"},"modified":"2024-12-09T22:53:21","modified_gmt":"2024-12-09T21:53:21","slug":"datenschutz","status":"publish","type":"page","link":"https:\/\/www.sclerodermie.ch\/de\/datenschutz\/","title":{"rendered":"Datenschutz"},"content":{"rendered":"\n<div class=\"wp-block-citadela-blocks-custom-container citadela-block-custom-container size-wide bg-type-none inside-space-none\"><div class=\"inner-holder\">\n<div class=\"wp-block-stackable-columns alignfull stk-block-columns stk-block stk-9d130da stk-block-background\" data-block-id=\"9d130da\"><style>.stk-9d130da .stk--block-align-9d130da{align-items:center !important;}.stk-9d130da {background-color:#FFFFFF !important;}.stk-9d130da:before{background-color:#FFFFFF !important;}.stk-9d130da-column{--stk-column-gap:40px !important;}<\/style><div class=\"stk-row stk-inner-blocks stk--block-align-9d130da stk-block-content stk-content-align stk-9d130da-column alignwide\">\n<div class=\"wp-block-stackable-column stk-block-column stk-column stk-block stk-b57c47a\" data-v=\"4\" data-block-id=\"b57c47a\"><div class=\"stk-column-wrapper stk-block-column__content stk-container stk-b57c47a-container stk--no-background stk--no-padding\"><div class=\"stk-block-content stk-inner-blocks stk-b57c47a-inner-blocks\">\n<div class=\"wp-block-stackable-heading stk-block-heading stk-block-heading--v2 stk-block stk-3fb26c1\" id=\"confidentialite\" data-block-id=\"3fb26c1\"><style>.stk-3fb26c1 .stk-block-heading__text{font-size:48px !important;color:#ff6900 !important;}@media screen and (max-width: 1023px){.stk-3fb26c1 .stk-block-heading__text{font-size:48px !important;}}<\/style><h2 class=\"stk-block-heading__text has-text-color\"><strong>Datenschutz<\/strong><\/h2><\/div>\n\n\n\n<p class=\"has-medium-font-size\">Gest\u00fctzt auf Artikel 13 der schweizerischen Bundesverfassung und die datenschutzrechtlichen Bestimmungen des Bundes (Datenschutzgesetz, DSG) hat jede Person Anspruch auf Schutz ihrer Privatsph\u00e4re sowie auf Schutz vor Missbrauch ihrer pers\u00f6nlichen Daten. Wir halten diese Bestimmungen ein. Pers\u00f6nliche Daten werden streng vertraulich behandelt und weder an Dritte verkauft noch weitergegeben.  <\/p>\n\n\n\n<p class=\"has-medium-font-size\">In enger Zusammenarbeit mit unseren Hosting-Providern bem\u00fchen wir uns, die Datenbanken so gut wie m\u00f6glich vor fremden Zugriffen, Verlusten, Missbrauch oder vor F\u00e4lschung zu sch\u00fctzen.<\/p>\n<\/div><\/div><\/div>\n\n\n\n<div class=\"wp-block-stackable-column stk-block-column stk-column stk-block stk-9a16fef\" data-v=\"4\" data-block-id=\"9a16fef\"><div class=\"stk-column-wrapper stk-block-column__content stk-container stk-9a16fef-container stk--no-background stk--no-padding\"><div class=\"stk-block-content stk-inner-blocks stk-9a16fef-inner-blocks\">\n<div class=\"wp-block-stackable-image stk-block-image stk-block stk-978d1a4\" data-block-id=\"978d1a4\"><style>.stk-978d1a4 .stk-img-wrapper{height:600px !important;}<\/style><figure><span class=\"stk-img-wrapper stk-image--shape-stretch\"><img loading=\"lazy\" decoding=\"async\" class=\"stk-img wp-image-3509\" src=\"https:\/\/www.sclerodermie.ch\/wp-content\/uploads\/2024\/12\/mcsdtbwxuzu.jpg\" width=\"1600\" height=\"1060\" alt=\"turned on black and grey laptop computer\" srcset=\"https:\/\/www.sclerodermie.ch\/wp-content\/uploads\/2024\/12\/mcsdtbwxuzu.jpg 1600w, https:\/\/www.sclerodermie.ch\/wp-content\/uploads\/2024\/12\/mcsdtbwxuzu-300x199.jpg 300w, https:\/\/www.sclerodermie.ch\/wp-content\/uploads\/2024\/12\/mcsdtbwxuzu-1024x678.jpg 1024w, https:\/\/www.sclerodermie.ch\/wp-content\/uploads\/2024\/12\/mcsdtbwxuzu-768x509.jpg 768w, https:\/\/www.sclerodermie.ch\/wp-content\/uploads\/2024\/12\/mcsdtbwxuzu-1536x1018.jpg 1536w\" sizes=\"auto, (max-width: 1600px) 100vw, 1600px\" \/><\/span><\/figure><\/div>\n<\/div><\/div><\/div>\n<\/div><\/div>\n<\/div><\/div>\n\n\n\n<div class=\"wp-block-citadela-blocks-custom-container citadela-block-custom-container size-wide bg-type-color inside-space-zero has-bg\" style=\"background-color:rgba(238, 113, 37, 1)\"><div class=\"inner-holder\">\n<div class=\"wp-block-columns alignwide are-vertically-aligned-center has-3-columns has-white-color has-text-color has-link-color wp-elements-232ba89b49a3990389afbc019e1467d3 is-layout-flex wp-container-core-columns-is-layout-9d6595d7 wp-block-columns-is-layout-flex\">\n<div class=\"wp-block-column is-vertically-aligned-center is-layout-flow wp-block-column-is-layout-flow\">\n<div class=\"wp-block-citadela-blocks-service citadela-block-service main-holder layout-box header-type-icon standard\"><div class=\"service-header\"><div class=\"service-icon\"><a href=\"https:\/\/www.sclerodermie.ch\/de\/kontakt\/\" target=\"_blank\" rel=\"noopener noreferrer\"><i class=\"fas fa-at\" style=\"color:#ffffff\"><\/i><\/a><\/div><\/div><div class=\"service-content\"><div class=\"service-content-wrap\"><a href=\"https:\/\/www.sclerodermie.ch\/de\/kontakt\/\" target=\"_blank\" rel=\"noopener noreferrer\"><h3 class=\"service-title\" style=\"color:#ffffff\">SCHREIBEN SIE UNS<\/h3><\/a><p class=\"service-description\" style=\"color:#ffffff\">info@sclerodermie.ch<br>sclerodermie.ch<br>3000 Berne <\/p><\/div><\/div><\/div>\n<\/div>\n\n\n\n<div class=\"wp-block-column is-vertically-aligned-center is-layout-flow wp-block-column-is-layout-flow\">\n<div class=\"wp-block-citadela-blocks-service citadela-block-service main-holder layout-box header-type-icon standard\"><div class=\"service-header\"><div class=\"service-icon\"><i class=\"fas fa-phone\" style=\"color:#ffffff\"><\/i><\/div><\/div><div class=\"service-content\"><div class=\"service-content-wrap\"><h3 class=\"service-title\" style=\"color:#ffffff\">RUFEN SIE UNS AN<\/h3><p class=\"service-description\" style=\"color:#ffffff\"><strong>077 469 75 58 &#8211; Franz\u00f6sisch<br>077 502 18 68 &#8211; Deutsch<br>077 501 67 59 &#8211; Italiano  <\/strong><\/p><\/div><\/div><\/div>\n<\/div>\n\n\n\n<div class=\"wp-block-column is-vertically-aligned-center is-layout-flow wp-block-column-is-layout-flow\">\n<div class=\"wp-block-citadela-blocks-service citadela-block-service main-holder layout-box header-type-icon standard\"><div class=\"service-header\"><div class=\"service-icon\"><i class=\"fas fa-piggy-bank\" style=\"color:#ffffff\"><\/i><\/div><\/div><div class=\"service-content\"><div class=\"service-content-wrap\"><h3 class=\"service-title\" style=\"color:#ffffff\">UNS UNTERST\u00dcTZEN<\/h3><p class=\"service-description\" style=\"color:#ffffff\">Postkonto: 12-864923-6 CHF<br>BIC-Code: POFICHBEXXXX<br>IBAN : CH47 0900 0000 1286 4923 6<\/p><\/div><\/div><\/div>\n<\/div>\n<\/div>\n<\/div><\/div>\n","protected":false},"excerpt":{"rendered":"","protected":false},"author":1,"featured_media":0,"parent":0,"menu_order":9,"comment_status":"closed","ping_status":"closed","template":"","meta":{"_citadela_hide_page_title":"1","_citadela_remove_header_space":"1","_citadela_custom_class":"","_citadela_half_map_provider":"","_citadela_half_map_theme":"","_citadela_half_map_themeOSM":"","_citadela_half_map_customTheme":"","_citadela_half_map_dataType":"","_citadela_half_map_dynamicTrack":false,"_citadela_half_map_trackColor":"","_citadela_half_map_trackEndpointsColor":"","_citadela_half_map_filterCategory":"","_citadela_half_map_filterLocation":"","_citadela_half_map_filterFeatured":false,"_citadela_half_map_noDataBehavior":"empty-map","_citadela_half_map_noDataText":"","_citadela_half_map_clusterGridSize":80,"_citadela_header":false,"_citadela_header_over_content":false,"_citadela_header_text_color":"","_citadela_header_logo":[],"_citadela_header_bg_image":[],"_citadela_header_bg_position":{"x":0.5,"y":0.5},"_citadela_header_bg_size":"cover","_citadela_header_bg_repeat":"no-repeat","_citadela_header_bg_fixed":false,"_citadela_header_bg_color":"","_citadela_header_bg_image_overlay":"","_citadela_header_transparent_bg":false,"_citadela_content_width":"","_citadela_half_layout_position":"","footnotes":""},"class_list":["post-3514","page","type-page","status-publish","hentry"],"_links":{"self":[{"href":"https:\/\/www.sclerodermie.ch\/de\/wp-json\/wp\/v2\/pages\/3514","targetHints":{"allow":["GET"]}}],"collection":[{"href":"https:\/\/www.sclerodermie.ch\/de\/wp-json\/wp\/v2\/pages"}],"about":[{"href":"https:\/\/www.sclerodermie.ch\/de\/wp-json\/wp\/v2\/types\/page"}],"author":[{"embeddable":true,"href":"https:\/\/www.sclerodermie.ch\/de\/wp-json\/wp\/v2\/users\/1"}],"replies":[{"embeddable":true,"href":"https:\/\/www.sclerodermie.ch\/de\/wp-json\/wp\/v2\/comments?post=3514"}],"version-history":[{"count":4,"href":"https:\/\/www.sclerodermie.ch\/de\/wp-json\/wp\/v2\/pages\/3514\/revisions"}],"predecessor-version":[{"id":3525,"href":"https:\/\/www.sclerodermie.ch\/de\/wp-json\/wp\/v2\/pages\/3514\/revisions\/3525"}],"wp:attachment":[{"href":"https:\/\/www.sclerodermie.ch\/de\/wp-json\/wp\/v2\/media?parent=3514"}],"curies":[{"name":"wp","href":"https:\/\/api.w.org\/{rel}","templated":true}]}}