{"id":3613,"date":"2024-12-11T11:16:41","date_gmt":"2024-12-11T10:16:41","guid":{"rendered":"https:\/\/new3.sclerodermie.ch\/?page_id=3613"},"modified":"2026-02-17T14:01:27","modified_gmt":"2026-02-17T13:01:27","slug":"die-rheumaliga-schweiz","status":"publish","type":"page","link":"https:\/\/www.sclerodermie.ch\/de\/partner\/die-rheumaliga-schweiz\/","title":{"rendered":"Die Rheumaliga Schweiz"},"content":{"rendered":"\n<div class=\"wp-block-citadela-blocks-custom-container citadela-block-custom-container size-wide bg-type-none inside-space-none\"><div class=\"inner-holder\">\n<div style=\"height:100px\" aria-hidden=\"true\" class=\"wp-block-spacer\"><\/div>\n\n\n<div style=\"--bb--crumb-gap:.4em; font-style:normal;font-weight:600;\" class=\"hide-home-page wp-block-boldblocks-breadcrumb-block has-large-font-size\"><nav role=\"navigation\" aria-label=\"Breadcrumbs\" class=\"breadcrumb\"><ol class=\"breadcrumb-items\"><li class=\"breadcrumb-item breadcrumb-item--current breadcrumb-item--home\"><span class=\"breadcrumb-item-name\">Home<\/span><\/li><\/ol><\/nav><\/div>\n\n\n<hr class=\"wp-block-separator has-alpha-channel-opacity is-style-wide\"\/>\n\n\n\n<div class=\"wp-block-stackable-columns alignwide stk-block-columns stk-block stk-08ba77d\" data-block-id=\"08ba77d\"><style>.stk-08ba77d-column{--stk-column-gap:48px !important;}<\/style><div class=\"stk-row stk-inner-blocks stk-block-content stk-content-align stk-08ba77d-column alignwide\">\n<div class=\"wp-block-stackable-column stk-block-column stk-column stk-block stk-000439b\" data-v=\"4\" data-block-id=\"000439b\"><style>.stk-000439b-inner-blocks{justify-content:center !important;}.stk-000439b-container{display:flex !important;}<\/style><div class=\"stk-column-wrapper stk-block-column__content stk-container stk-000439b-container stk--no-background stk--no-padding\"><div class=\"stk-block-content stk-inner-blocks stk-000439b-inner-blocks\">\n<p>Die <a href=\"http:\/\/www.ligues-rhumatisme.ch\/\" target=\"_blank\" rel=\"noreferrer noopener\"><strong>Rheumaliga Schweiz<\/strong><\/a> ist eine Nonprofit-Organisation. Mit ihren Leistungen will sie vor allem auf Bed\u00fcrfnisse eingehen, die weder von der \u00f6ffentlichen Hand noch von gewinnorientierten Anbietern gen\u00fcgend abgedeckt werden.<\/p>\n\n\n\n<p>Die Rheumaliga Schweiz f\u00f6rdert die Bek\u00e4mpfung von rheumatischen Erkrankungen seit ihrer Gr\u00fcndung im Jahr 1958. Sie ist der Dachverband von 20 kantonalen\/regionalen Rheu\u00acmaligen, der Gruppe \u201eJunge Menschen mit Rheuma\u201c und von 6 Pa\u00actientenorganisationen: Schweizerische Fibromyalgie Vereinigung, Schweizerische Lupus Erythematodes Vereinigung, Schweizerische Polyarthritiker Vereinigung, Schweizerische Vereinigung Morbus Bechterew, Schweizerische Vereinigung Osteogenesis Imperfecta und Schweizerische Vereinigung der Sklerodermie-Betroffenen. <\/p>\n\n\n\n<p>Im Zentrum der Bem\u00fchungen steht der Mensch mit seinem Bed\u00fcrfnis nach gesundheitlichem Wohlbefinden, Beschwerdefreiheit und Lebensqualit\u00e4t.<\/p>\n<\/div><\/div><\/div>\n\n\n\n<div class=\"wp-block-stackable-column stk-block-column stk-column stk-block stk-0917f86\" data-v=\"4\" data-block-id=\"0917f86\"><div class=\"stk-column-wrapper stk-block-column__content stk-container stk-0917f86-container stk--no-background stk--no-padding\"><div class=\"stk-block-content stk-inner-blocks stk-0917f86-inner-blocks\">\n<div class=\"wp-block-stackable-columns stk-block-columns stk-block stk-9b3ba30\" data-block-id=\"9b3ba30\"><style>.stk-9b3ba30-column{--stk-column-gap:24px !important;}<\/style><div class=\"stk-row stk-inner-blocks stk-block-content stk-content-align stk-9b3ba30-column\">\n<div class=\"wp-block-stackable-column stk-block-column stk-column stk-block stk-16c6d76\" data-v=\"4\" data-block-id=\"16c6d76\"><style>.stk-16c6d76-container{margin-top:0px !important;margin-right:0px !important;margin-bottom:0px !important;margin-left:0px !important;}<\/style><div class=\"stk-column-wrapper stk-block-column__content stk-container stk-16c6d76-container stk--no-background stk--no-padding\"><div class=\"stk-block-content stk-inner-blocks stk-16c6d76-inner-blocks\">\n<div class=\"wp-block-stackable-team-member stk-block-team-member stk-block stk-bc8e2ab is-style-default\" data-v=\"2\" data-block-id=\"bc8e2ab\"><div class=\"stk-block-team-member__content stk-content-align stk-bc8e2ab-column stk-container stk-bc8e2ab-container stk--no-background stk--no-padding\"><div class=\"stk-block-content stk-inner-blocks has-text-align-center stk-bc8e2ab-inner-blocks\">\n<div class=\"wp-block-stackable-image stk-block-image has-text-align-left stk-block stk-95f8950\" data-block-id=\"95f8950\"><style>.stk-95f8950 .stk-img-wrapper{width:100% !important;height:168px !important;}<\/style><figure><span class=\"stk-img-wrapper stk-image--shape-stretch\"><img loading=\"lazy\" decoding=\"async\" class=\"stk-img wp-image-2094\" src=\"https:\/\/www.sclerodermie.ch\/wp-content\/uploads\/2024\/12\/rheumaliga_og_de-480x360-1.jpg\" width=\"600\" height=\"399\"\/><\/span><\/figure><\/div>\n<\/div><\/div><\/div>\n<\/div><\/div><\/div>\n\n\n\n<div class=\"wp-block-stackable-column stk-block-column stk-column stk-block stk-cf7ac09\" data-v=\"4\" data-block-id=\"cf7ac09\"><style>.stk-cf7ac09-container{margin-top:0px !important;margin-right:0px !important;margin-bottom:0px !important;margin-left:0px !important;}<\/style><div class=\"stk-column-wrapper stk-block-column__content stk-container stk-cf7ac09-container stk--no-background stk--no-padding\"><div class=\"stk-block-content stk-inner-blocks stk-cf7ac09-inner-blocks\">\n<div class=\"wp-block-stackable-team-member stk-block-team-member stk-block stk-9444819 is-style-default\" data-v=\"2\" data-block-id=\"9444819\"><div class=\"stk-block-team-member__content stk-content-align stk-9444819-column stk-container stk-9444819-container stk--no-background stk--no-padding\"><div class=\"stk-block-content stk-inner-blocks has-text-align-center stk-9444819-inner-blocks\">\n<div class=\"wp-block-stackable-image stk-block-image stk-block stk-2a98336\" data-block-id=\"2a98336\"><style>.stk-2a98336 .stk-img-wrapper{width:100% !important;height:250px !important;}<\/style><figure><span class=\"stk-img-wrapper stk-image--shape-stretch\"><img loading=\"lazy\" decoding=\"async\" class=\"stk-img wp-image-4654\" src=\"https:\/\/www.sclerodermie.ch\/wp-content\/uploads\/2026\/02\/D303_Medikamente_001.jpg\" width=\"586\" height=\"850\" srcset=\"https:\/\/www.sclerodermie.ch\/wp-content\/uploads\/2026\/02\/D303_Medikamente_001.jpg 586w, https:\/\/www.sclerodermie.ch\/wp-content\/uploads\/2026\/02\/D303_Medikamente_001-207x300.jpg 207w\" sizes=\"auto, (max-width: 586px) 100vw, 586px\" \/><\/span><\/figure><\/div>\n<\/div><\/div><\/div>\n<\/div><\/div><\/div>\n<\/div><\/div>\n\n\n\n<div class=\"wp-block-stackable-columns stk-block-columns stk-block stk-d3a5d4c\" data-block-id=\"d3a5d4c\"><style>.stk-d3a5d4c-column{--stk-column-gap:24px !important;}<\/style><div class=\"stk-row stk-inner-blocks stk-block-content stk-content-align stk-d3a5d4c-column\">\n<div class=\"wp-block-stackable-column stk-block-column stk-column stk-block stk-ee26d9f\" data-v=\"4\" data-block-id=\"ee26d9f\"><style>.stk-ee26d9f-container{margin-top:0px !important;margin-right:0px !important;margin-bottom:0px !important;margin-left:0px !important;}<\/style><div class=\"stk-column-wrapper stk-block-column__content stk-container stk-ee26d9f-container stk--no-background stk--no-padding\"><div class=\"stk-block-content stk-inner-blocks stk-ee26d9f-inner-blocks\">\n<div class=\"wp-block-stackable-team-member stk-block-team-member stk-block stk-039fd16 is-style-default\" data-v=\"2\" data-block-id=\"039fd16\"><div class=\"stk-block-team-member__content stk-content-align stk-039fd16-column stk-container stk-039fd16-container stk--no-background stk--no-padding\"><div class=\"stk-block-content stk-inner-blocks has-text-align-center stk-039fd16-inner-blocks\">\n<div class=\"wp-block-stackable-image stk-block-image stk-block stk-66a7455\" data-block-id=\"66a7455\"><style>.stk-66a7455 .stk-img-wrapper{width:100% !important;height:250px !important;}<\/style><figure><span class=\"stk-img-wrapper stk-image--shape-stretch\"><img loading=\"lazy\" decoding=\"async\" class=\"stk-img wp-image-4661\" src=\"https:\/\/www.sclerodermie.ch\/wp-content\/uploads\/2026\/02\/D431_Genuss_mit_Wirkung_001.jpg\" width=\"599\" height=\"850\" srcset=\"https:\/\/www.sclerodermie.ch\/wp-content\/uploads\/2026\/02\/D431_Genuss_mit_Wirkung_001.jpg 599w, https:\/\/www.sclerodermie.ch\/wp-content\/uploads\/2026\/02\/D431_Genuss_mit_Wirkung_001-211x300.jpg 211w\" sizes=\"auto, (max-width: 599px) 100vw, 599px\" \/><\/span><\/figure><\/div>\n<\/div><\/div><\/div>\n<\/div><\/div><\/div>\n\n\n\n<div class=\"wp-block-stackable-column stk-block-column stk-column stk-block stk-2b07403\" data-v=\"4\" data-block-id=\"2b07403\"><style>.stk-2b07403-container{margin-top:0px !important;margin-right:0px !important;margin-bottom:0px !important;margin-left:0px !important;}<\/style><div class=\"stk-column-wrapper stk-block-column__content stk-container stk-2b07403-container stk--no-background stk--no-padding\"><div class=\"stk-block-content stk-inner-blocks stk-2b07403-inner-blocks\">\n<div class=\"wp-block-stackable-team-member stk-block-team-member stk-block stk-fe4adbe is-style-default\" data-v=\"2\" data-block-id=\"fe4adbe\"><div class=\"stk-block-team-member__content stk-content-align stk-fe4adbe-column stk-container stk-fe4adbe-container stk--no-background stk--no-padding\"><div class=\"stk-block-content stk-inner-blocks has-text-align-center stk-fe4adbe-inner-blocks\">\n<div class=\"wp-block-stackable-image stk-block-image stk-block stk-0bd1d55\" data-block-id=\"0bd1d55\"><style>.stk-0bd1d55 .stk-img-wrapper{width:100% !important;height:250px !important;}<\/style><figure><span class=\"stk-img-wrapper stk-image--shape-stretch\"><img loading=\"lazy\" decoding=\"async\" class=\"stk-img wp-image-3634\" src=\"https:\/\/www.sclerodermie.ch\/wp-content\/uploads\/2024\/12\/8703_winkelmesser.jpg\" width=\"1200\" height=\"1200\" srcset=\"https:\/\/www.sclerodermie.ch\/wp-content\/uploads\/2024\/12\/8703_winkelmesser.jpg 1200w, https:\/\/www.sclerodermie.ch\/wp-content\/uploads\/2024\/12\/8703_winkelmesser-300x300.jpg 300w, https:\/\/www.sclerodermie.ch\/wp-content\/uploads\/2024\/12\/8703_winkelmesser-1024x1024.jpg 1024w, https:\/\/www.sclerodermie.ch\/wp-content\/uploads\/2024\/12\/8703_winkelmesser-150x150.jpg 150w, https:\/\/www.sclerodermie.ch\/wp-content\/uploads\/2024\/12\/8703_winkelmesser-768x768.jpg 768w\" sizes=\"auto, (max-width: 1200px) 100vw, 1200px\" \/><\/span><\/figure><\/div>\n<\/div><\/div><\/div>\n<\/div><\/div><\/div>\n<\/div><\/div>\n<\/div><\/div><\/div>\n<\/div><\/div>\n\n\n\n<div class=\"wp-block-stackable-tabs stk-block-tabs stk-block stk-261f60d\" data-initial-tab=\"1\" data-block-id=\"261f60d\"><style>.stk-261f60d .stk-block-tab-content .stk-block-content .stk-block-column[hidden]{display:none !important;}<\/style><div class=\"stk-row stk-inner-blocks stk-block-content stk-block-tabs--horizontal stk-block-tabs--fade stk-content-align stk-261f60d-column\">\n<div class=\"wp-block-stackable-tab-labels stk-block-tab-labels stk-block stk-4ca8683\" data-block-id=\"4ca8683\"><style>.stk-4ca8683 .stk-block-tabs__tab{color:#999999 !important;background:transparent !important;border-style:solid !important;border-color:transparent !important;border-top-width:0px !important;border-right-width:0px !important;border-bottom-width:2px !important;border-left-width:0px !important;}.stk-4ca8683 .stk-block-tabs__tab.stk-block-tabs__tab--active .stk-block-tab-labels__text{color:#000000 !important;}.stk-4ca8683 {box-shadow:inset 0px -1px 0px 0px #0000001a !important;}.stk-4ca8683 .stk-block-tab-labels__text{color:#999999 !important;}.stk-4ca8683 .stk-block-tabs__tab .stk--inner-svg svg:last-child, .stk-4ca8683 .stk-block-tabs__tab .stk--inner-svg svg:last-child :is(g, path, rect, polygon, ellipse){fill:#909090 !important;}.stk-4ca8683 .stk-block-tabs__tab:not(.stk-block-tabs__tab--active):hover .stk--inner-svg svg:last-child, .stk-4ca8683 .stk-block-tabs__tab:not(.stk-block-tabs__tab--active):hover .stk--inner-svg svg:last-child :is(g, path, rect, polygon, ellipse){fill:#909090 !important;}.stk-4ca8683 .stk-block-tabs__tab.stk-block-tabs__tab--active{border-color:#000000 !important;}.stk-4ca8683 .stk-block-tabs__tab.stk-block-tabs__tab--active .stk--inner-svg svg:last-child, .stk-4ca8683 .stk-block-tabs__tab.stk-block-tabs__tab--active .stk--inner-svg svg:last-child :is(g, path, rect, polygon, ellipse){fill:#000000 !important;}.stk-4ca8683 .stk-block-tabs__tab.stk-block-tabs__tab--active:hover .stk--inner-svg svg:last-child, .stk-4ca8683 .stk-block-tabs__tab.stk-block-tabs__tab--active:hover .stk--inner-svg svg:last-child :is(g, path, rect, polygon, ellipse){fill:#000000 !important;}<\/style><div class=\"stk-block-tab-labels__wrapper\" role=\"tablist\"><button class=\"stk-block-tabs__tab\" role=\"tab\"><div class=\"stk-block-tab-labels__text\"><span>Die Hilfsmittel<\/span><\/div><\/button><button class=\"stk-block-tabs__tab\" role=\"tab\"><div class=\"stk-block-tab-labels__text\"><span>Brosch\u00fcre Medikamente<\/span><\/div><\/button><button class=\"stk-block-tabs__tab\" role=\"tab\"><div class=\"stk-block-tab-labels__text\"><span>Brosch\u00fcre Lebensmittel<\/span><\/div><\/button><\/div><\/div>\n\n\n\n<div class=\"wp-block-stackable-tab-content stk-block-tab-content stk-block stk-436d6b1\" data-block-id=\"436d6b1\"><div class=\"stk-row stk-inner-blocks stk-block-content stk-content-align stk-436d6b1-column\">\n<div class=\"wp-block-stackable-column stk-block-column stk-column stk-block stk-e1f687a\" data-v=\"4\" role=\"tabpanel\" data-block-id=\"e1f687a\"><div class=\"stk-column-wrapper stk-block-column__content stk-container stk-e1f687a-container stk--no-background stk--no-padding\"><div class=\"stk-block-content stk-inner-blocks stk-e1f687a-inner-blocks\">\n<p>Die <a href=\"https:\/\/www.rheumaliga.ch\/\" target=\"_blank\" rel=\"noreferrer noopener\">Rheumaliga Schweiz<\/a> engagiert sich seit \u00fcber 50 Jahren f\u00fcr Rheumabetroffene und Fachleute: mit Information, Beratung, Kursen, Weiterbildung und Alltagshilfen. Das Ziel ist Aufkl\u00e4rung, Pr\u00e4vention, und die optimale Behandlung von Rheuma sowie Selbstst\u00e4ndigkeit f\u00fcr Betroffene. <\/p>\n\n\n\n<p>Sie k\u00f6nnen finden in: <a href=\"https:\/\/www.rheumaliga.ch\/angebote\/hilfsmittel\" target=\"_blank\" rel=\"noreferrer noopener\">https:\/\/www.rheumaliga.ch\/angebote\/hilfsmittel<\/a>.<\/p>\n<\/div><\/div><\/div>\n\n\n\n<div class=\"wp-block-stackable-column stk-block-column stk-column stk-block stk-020d11d\" data-v=\"4\" role=\"tabpanel\" data-block-id=\"020d11d\"><div class=\"stk-column-wrapper stk-block-column__content stk-container stk-020d11d-container stk--no-background stk--no-padding\"><div class=\"stk-block-content stk-inner-blocks stk-020d11d-inner-blocks\">\n<p>Zur Behandlung rheumatischer Krankheiten stehen viele Medikamente mit unterschiedlichen Wirkungsmechanismen zur Verf\u00fcgung. Da es nicht m\u00f6glich ist, alle in der Schweiz erh\u00e4ltlichen Produkte aufzuf\u00fchren, gibt Ihnen diese Brosch\u00fcre einen \u00dcberblick \u00fcber die wichtigsten Pr\u00e4parate der einzelnen Medikamentengruppen.   <\/p>\n\n\n\n<p><a href=\"https:\/\/sclerodermie.ch\/wp-content\/uploads\/2021\/12\/Medikamente_D_303_DS_Inhalt_low_211206.pdf\" target=\"_blank\" rel=\"noreferrer noopener\">Laden Sie die komplette Brosch\u00fcre HIER <\/a>&#8211; <a href=\"https:\/\/www.rheumaliga-shop.ch\/de\/Shop\/Medikamente\/cont-shop\/scat-0000009\/sart-D303-K\" target=\"_blank\" rel=\"noreferrer noopener\">Bestellen Sie die Brosch\u00fcre HIER<\/a><\/p>\n<\/div><\/div><\/div>\n\n\n\n<div class=\"wp-block-stackable-column stk-block-column stk-column stk-block stk-eb8a08d\" data-v=\"4\" role=\"tabpanel\" data-block-id=\"eb8a08d\"><div class=\"stk-column-wrapper stk-block-column__content stk-container stk-eb8a08d-container stk--no-background stk--no-padding\"><div class=\"stk-block-content stk-inner-blocks stk-eb8a08d-inner-blocks\">\n<p>Wir stellen keine Verbote auf und verbreiten keine Listen, die Nahrungsmittel in gut oder b\u00f6se einteilen. Wir wollen mit dieser Brosch\u00fcre lediglich einige \u2013 aber zentrale \u2013 Grundkenntnisse vermitteln und auf die wissenschaftlich gesicherten Pfade zu einer entz\u00fcndungshemmenden Ern\u00e4hrung f\u00fchren. <\/p>\n\n\n\n<p>F\u00fcr Info und bestellung, <a href=\"https:\/\/www.rheumaliga-shop.ch\/de\/Shop\/Genuss-mit-Wirkung\/cont-shop\/sart-D431-K\/ArtIDCurr-D431\" target=\"_blank\" rel=\"noreferrer noopener\">klicken Sie HIER<\/a>.<\/p>\n<\/div><\/div><\/div>\n<\/div><\/div>\n<\/div><\/div>\n\n\n\n<hr class=\"wp-block-separator has-alpha-channel-opacity\"\/>\n<\/div><\/div>\n\n\n\n<div class=\"wp-block-citadela-blocks-custom-container citadela-block-custom-container size-wide bg-type-color inside-space-zero has-bg\" style=\"background-color:rgba(238, 113, 37, 1)\"><div class=\"inner-holder\">\n<div class=\"wp-block-columns alignwide are-vertically-aligned-center has-3-columns has-white-color has-text-color has-link-color wp-elements-232ba89b49a3990389afbc019e1467d3 is-layout-flex wp-container-core-columns-is-layout-9d6595d7 wp-block-columns-is-layout-flex\">\n<div class=\"wp-block-column is-vertically-aligned-center is-layout-flow wp-block-column-is-layout-flow\">\n<div class=\"wp-block-citadela-blocks-service citadela-block-service main-holder layout-box header-type-icon standard\"><div class=\"service-header\"><div class=\"service-icon\"><a href=\"https:\/\/www.sclerodermie.ch\/de\/kontakt\/\" target=\"_blank\" rel=\"noopener noreferrer\"><i class=\"fas fa-at\" style=\"color:#ffffff\"><\/i><\/a><\/div><\/div><div class=\"service-content\"><div class=\"service-content-wrap\"><a href=\"https:\/\/www.sclerodermie.ch\/de\/kontakt\/\" target=\"_blank\" rel=\"noopener noreferrer\"><h3 class=\"service-title\" style=\"color:#ffffff\">SCHREIBEN SIE UNS<\/h3><\/a><p class=\"service-description\" style=\"color:#ffffff\">info@sclerodermie.ch<br>sclerodermie.ch<br>3000 Berne <\/p><\/div><\/div><\/div>\n<\/div>\n\n\n\n<div class=\"wp-block-column is-vertically-aligned-center is-layout-flow wp-block-column-is-layout-flow\">\n<div class=\"wp-block-citadela-blocks-service citadela-block-service main-holder layout-box header-type-icon standard\"><div class=\"service-header\"><div class=\"service-icon\"><i class=\"fas fa-phone\" style=\"color:#ffffff\"><\/i><\/div><\/div><div class=\"service-content\"><div class=\"service-content-wrap\"><h3 class=\"service-title\" style=\"color:#ffffff\">RUFEN SIE UNS AN<\/h3><p class=\"service-description\" style=\"color:#ffffff\"><strong>077 469 75 58 &#8211; Franz\u00f6sisch<br>077 502 18 68 &#8211; Deutsch<br>077 501 67 59 &#8211; Italiano  <\/strong><\/p><\/div><\/div><\/div>\n<\/div>\n\n\n\n<div class=\"wp-block-column is-vertically-aligned-center is-layout-flow wp-block-column-is-layout-flow\">\n<div class=\"wp-block-citadela-blocks-service citadela-block-service main-holder layout-box header-type-icon standard\"><div class=\"service-header\"><div class=\"service-icon\"><i class=\"fas fa-piggy-bank\" style=\"color:#ffffff\"><\/i><\/div><\/div><div class=\"service-content\"><div class=\"service-content-wrap\"><h3 class=\"service-title\" style=\"color:#ffffff\">UNS UNTERST\u00dcTZEN<\/h3><p class=\"service-description\" style=\"color:#ffffff\">Postkonto: 12-864923-6 CHF<br>BIC-Code: POFICHBEXXXX<br>IBAN : CH47 0900 0000 1286 4923 6<\/p><\/div><\/div><\/div>\n<\/div>\n<\/div>\n<\/div><\/div>\n","protected":false},"excerpt":{"rendered":"","protected":false},"author":1,"featured_media":0,"parent":3418,"menu_order":1,"comment_status":"closed","ping_status":"closed","template":"","meta":{"_citadela_hide_page_title":"1","_citadela_remove_header_space":"1","_citadela_custom_class":"","_citadela_half_map_provider":"","_citadela_half_map_theme":"","_citadela_half_map_themeOSM":"","_citadela_half_map_customTheme":"","_citadela_half_map_dataType":"","_citadela_half_map_dynamicTrack":false,"_citadela_half_map_trackColor":"","_citadela_half_map_trackEndpointsColor":"","_citadela_half_map_filterCategory":"","_citadela_half_map_filterLocation":"","_citadela_half_map_filterFeatured":false,"_citadela_half_map_noDataBehavior":"empty-map","_citadela_half_map_noDataText":"","_citadela_half_map_clusterGridSize":80,"_citadela_header":false,"_citadela_header_over_content":false,"_citadela_header_text_color":"","_citadela_header_logo":[],"_citadela_header_bg_image":[],"_citadela_header_bg_position":{"x":0.5,"y":0.5},"_citadela_header_bg_size":"cover","_citadela_header_bg_repeat":"no-repeat","_citadela_header_bg_fixed":false,"_citadela_header_bg_color":"","_citadela_header_bg_image_overlay":"","_citadela_header_transparent_bg":false,"_citadela_content_width":"","_citadela_half_layout_position":"","footnotes":""},"class_list":["post-3613","page","type-page","status-publish","hentry"],"_links":{"self":[{"href":"https:\/\/www.sclerodermie.ch\/de\/wp-json\/wp\/v2\/pages\/3613","targetHints":{"allow":["GET"]}}],"collection":[{"href":"https:\/\/www.sclerodermie.ch\/de\/wp-json\/wp\/v2\/pages"}],"about":[{"href":"https:\/\/www.sclerodermie.ch\/de\/wp-json\/wp\/v2\/types\/page"}],"author":[{"embeddable":true,"href":"https:\/\/www.sclerodermie.ch\/de\/wp-json\/wp\/v2\/users\/1"}],"replies":[{"embeddable":true,"href":"https:\/\/www.sclerodermie.ch\/de\/wp-json\/wp\/v2\/comments?post=3613"}],"version-history":[{"count":12,"href":"https:\/\/www.sclerodermie.ch\/de\/wp-json\/wp\/v2\/pages\/3613\/revisions"}],"predecessor-version":[{"id":4662,"href":"https:\/\/www.sclerodermie.ch\/de\/wp-json\/wp\/v2\/pages\/3613\/revisions\/4662"}],"up":[{"embeddable":true,"href":"https:\/\/www.sclerodermie.ch\/de\/wp-json\/wp\/v2\/pages\/3418"}],"wp:attachment":[{"href":"https:\/\/www.sclerodermie.ch\/de\/wp-json\/wp\/v2\/media?parent=3613"}],"curies":[{"name":"wp","href":"https:\/\/api.w.org\/{rel}","templated":true}]}}