{"id":4094,"date":"2025-05-07T20:35:01","date_gmt":"2025-05-07T18:35:01","guid":{"rendered":"https:\/\/www.sclerodermie.ch\/?page_id=4094"},"modified":"2025-05-07T20:40:42","modified_gmt":"2025-05-07T18:40:42","slug":"dachverband-peerarbeit","status":"publish","type":"page","link":"https:\/\/www.sclerodermie.ch\/de\/partner\/dachverband-peerarbeit\/","title":{"rendered":"Dachverband Peerarbeit"},"content":{"rendered":"\n<div class=\"wp-block-citadela-blocks-custom-container citadela-block-custom-container size-wide bg-type-none inside-space-none\"><div class=\"inner-holder\">\n<div style=\"height:100px\" aria-hidden=\"true\" class=\"wp-block-spacer\"><\/div>\n\n\n<div style=\"--bb--crumb-gap:.4em; font-style:normal;font-weight:600;\" class=\"hide-home-page wp-block-boldblocks-breadcrumb-block has-large-font-size\"><nav role=\"navigation\" aria-label=\"Breadcrumbs\" class=\"breadcrumb\"><ol class=\"breadcrumb-items\"><li class=\"breadcrumb-item breadcrumb-item--current breadcrumb-item--home\"><span class=\"breadcrumb-item-name\">Home<\/span><\/li><\/ol><\/nav><\/div>\n\n\n<hr class=\"wp-block-separator has-alpha-channel-opacity is-style-wide\"\/>\n\n\n\n<div class=\"wp-block-stackable-columns alignwide stk-block-columns stk-block stk-08ba77d\" data-block-id=\"08ba77d\"><style>.stk-08ba77d-column{--stk-column-gap:48px !important;}<\/style><div class=\"stk-row stk-inner-blocks stk-block-content stk-content-align stk-08ba77d-column alignwide\">\n<div class=\"wp-block-stackable-column stk-block-column stk-column stk-block stk-000439b\" data-v=\"4\" data-block-id=\"000439b\"><style>.stk-000439b-inner-blocks{justify-content:center !important;}.stk-000439b-container{display:flex !important;}<\/style><div class=\"stk-column-wrapper stk-block-column__content stk-container stk-000439b-container stk--no-background stk--no-padding\"><div class=\"stk-block-content stk-inner-blocks stk-000439b-inner-blocks\">\n<p><strong><a href=\"https:\/\/peer-dachverband.org\/\" target=\"_blank\" rel=\"noreferrer noopener\">Dachverband Peerarbeit<\/a> \u2013 Gemeinsam f\u00fcr gelebte Erfahrung<\/strong><\/p>\n\n\n\n<p>Der Dachverband Peerarbeit ist ein schweizweiter Zusammenschluss von Personen und Organisationen, die sich f\u00fcr die St\u00e4rkung und Professionalisierung der Peerarbeit einsetzen. Als Netzwerk und Plattform f\u00f6rdert er den Austausch von Erfahrungswissen, entwickelt Qualit\u00e4tsstandards und vertritt die Interessen von Peers gegen\u00fcber Fachwelt, Politik und Gesellschaft.<\/p>\n\n\n\n<p>Mit Bildungs-Partnerschaften wie EX-IN, myPeer und dem Recovery College unterst\u00fctzt der Verband die Aus- und Weiterbildung von Peers und Angeh\u00f6rigen. Ziel ist es, Peerarbeit nachhaltig im Gesundheits- und Sozialwesen zu verankern und neue Formen des Empowerments zu f\u00f6rdern.<\/p>\n\n\n\n<p>Der Dachverband versteht sich als Stimme der gelebten Erfahrung \u2013 f\u00fcr mehr Teilhabe, Chancengleichheit und Sichtbarkeit von Menschen mit Krisenerfahrung.<\/p>\n\n\n\n<p><\/p>\n<\/div><\/div><\/div>\n\n\n\n<div class=\"wp-block-stackable-column stk-block-column stk-column stk-block stk-0917f86\" data-v=\"4\" data-block-id=\"0917f86\"><div class=\"stk-column-wrapper stk-block-column__content stk-container stk-0917f86-container stk--no-background stk--no-padding\"><div class=\"stk-block-content stk-inner-blocks stk-0917f86-inner-blocks\">\n<div class=\"wp-block-stackable-columns stk-block-columns stk-block stk-9b3ba30\" data-block-id=\"9b3ba30\"><style>.stk-9b3ba30-column{--stk-column-gap:24px !important;}<\/style><div class=\"stk-row stk-inner-blocks stk-block-content stk-content-align stk-9b3ba30-column\">\n<div class=\"wp-block-stackable-column stk-block-column stk-column stk-block stk-16c6d76\" data-v=\"4\" data-block-id=\"16c6d76\"><style>.stk-16c6d76-container{margin-top:0px !important;margin-right:0px !important;margin-bottom:0px !important;margin-left:0px !important;}<\/style><div class=\"stk-column-wrapper stk-block-column__content stk-container stk-16c6d76-container stk--no-background stk--no-padding\"><div class=\"stk-block-content stk-inner-blocks stk-16c6d76-inner-blocks\">\n<div class=\"wp-block-stackable-team-member stk-block-team-member stk-block stk-bc8e2ab is-style-default\" data-v=\"2\" data-block-id=\"bc8e2ab\"><div class=\"stk-block-team-member__content stk-content-align stk-bc8e2ab-column stk-container stk-bc8e2ab-container stk--no-background stk--no-padding\"><div class=\"stk-block-content stk-inner-blocks has-text-align-center stk-bc8e2ab-inner-blocks\">\n<div class=\"wp-block-stackable-image aligncenter stk-block-image has-text-align-left stk-block stk-95f8950\" data-block-id=\"95f8950\"><style>.stk-95f8950 .stk-img-wrapper{width:350px !important;}<\/style><figure><span class=\"stk-img-wrapper stk-image--shape-stretch\"><img loading=\"lazy\" decoding=\"async\" class=\"stk-img wp-image-4097\" src=\"https:\/\/www.sclerodermie.ch\/wp-content\/uploads\/2025\/05\/dachverband_peer_arbeit_schweiz.png\" width=\"2048\" height=\"762\" srcset=\"https:\/\/www.sclerodermie.ch\/wp-content\/uploads\/2025\/05\/dachverband_peer_arbeit_schweiz.png 2048w, https:\/\/www.sclerodermie.ch\/wp-content\/uploads\/2025\/05\/dachverband_peer_arbeit_schweiz-300x112.png 300w, https:\/\/www.sclerodermie.ch\/wp-content\/uploads\/2025\/05\/dachverband_peer_arbeit_schweiz-1024x381.png 1024w, https:\/\/www.sclerodermie.ch\/wp-content\/uploads\/2025\/05\/dachverband_peer_arbeit_schweiz-768x286.png 768w, https:\/\/www.sclerodermie.ch\/wp-content\/uploads\/2025\/05\/dachverband_peer_arbeit_schweiz-1536x572.png 1536w\" sizes=\"auto, (max-width: 2048px) 100vw, 2048px\" \/><\/span><\/figure><\/div>\n<\/div><\/div><\/div>\n<\/div><\/div><\/div>\n<\/div><\/div>\n<\/div><\/div><\/div>\n<\/div><\/div>\n\n\n\n<hr class=\"wp-block-separator has-alpha-channel-opacity\"\/>\n<\/div><\/div>\n\n\n\n<div class=\"wp-block-citadela-blocks-custom-container citadela-block-custom-container size-wide bg-type-color inside-space-zero has-bg\" style=\"background-color:rgba(238, 113, 37, 1)\"><div class=\"inner-holder\">\n<div class=\"wp-block-columns alignwide are-vertically-aligned-center has-3-columns has-white-color has-text-color has-link-color wp-elements-232ba89b49a3990389afbc019e1467d3 is-layout-flex wp-container-core-columns-is-layout-9d6595d7 wp-block-columns-is-layout-flex\">\n<div class=\"wp-block-column is-vertically-aligned-center is-layout-flow wp-block-column-is-layout-flow\">\n<div class=\"wp-block-citadela-blocks-service citadela-block-service main-holder layout-box header-type-icon standard\"><div class=\"service-header\"><div class=\"service-icon\"><a href=\"https:\/\/www.sclerodermie.ch\/de\/kontakt\/\" target=\"_blank\" rel=\"noopener noreferrer\"><i class=\"fas fa-at\" style=\"color:#ffffff\"><\/i><\/a><\/div><\/div><div class=\"service-content\"><div class=\"service-content-wrap\"><a href=\"https:\/\/www.sclerodermie.ch\/de\/kontakt\/\" target=\"_blank\" rel=\"noopener noreferrer\"><h3 class=\"service-title\" style=\"color:#ffffff\">SCHREIBEN SIE UNS<\/h3><\/a><p class=\"service-description\" style=\"color:#ffffff\">info@sclerodermie.ch<br>sclerodermie.ch<br>3000 Berne <\/p><\/div><\/div><\/div>\n<\/div>\n\n\n\n<div class=\"wp-block-column is-vertically-aligned-center is-layout-flow wp-block-column-is-layout-flow\">\n<div class=\"wp-block-citadela-blocks-service citadela-block-service main-holder layout-box header-type-icon standard\"><div class=\"service-header\"><div class=\"service-icon\"><i class=\"fas fa-phone\" style=\"color:#ffffff\"><\/i><\/div><\/div><div class=\"service-content\"><div class=\"service-content-wrap\"><h3 class=\"service-title\" style=\"color:#ffffff\">RUFEN SIE UNS AN<\/h3><p class=\"service-description\" style=\"color:#ffffff\"><strong>077 469 75 58 &#8211; Franz\u00f6sisch<br>077 502 18 68 &#8211; Deutsch<br>077 501 67 59 &#8211; Italiano  <\/strong><\/p><\/div><\/div><\/div>\n<\/div>\n\n\n\n<div class=\"wp-block-column is-vertically-aligned-center is-layout-flow wp-block-column-is-layout-flow\">\n<div class=\"wp-block-citadela-blocks-service citadela-block-service main-holder layout-box header-type-icon standard\"><div class=\"service-header\"><div class=\"service-icon\"><i class=\"fas fa-piggy-bank\" style=\"color:#ffffff\"><\/i><\/div><\/div><div class=\"service-content\"><div class=\"service-content-wrap\"><h3 class=\"service-title\" style=\"color:#ffffff\">UNS UNTERST\u00dcTZEN<\/h3><p class=\"service-description\" style=\"color:#ffffff\">Postkonto: 12-864923-6 CHF<br>BIC-Code: POFICHBEXXXX<br>IBAN : CH47 0900 0000 1286 4923 6<\/p><\/div><\/div><\/div>\n<\/div>\n<\/div>\n<\/div><\/div>\n","protected":false},"excerpt":{"rendered":"","protected":false},"author":4,"featured_media":0,"parent":3418,"menu_order":0,"comment_status":"closed","ping_status":"closed","template":"","meta":{"_citadela_hide_page_title":"1","_citadela_remove_header_space":"1","_citadela_custom_class":"","_citadela_half_map_provider":"","_citadela_half_map_theme":"","_citadela_half_map_themeOSM":"","_citadela_half_map_customTheme":"","_citadela_half_map_dataType":"","_citadela_half_map_dynamicTrack":false,"_citadela_half_map_trackColor":"","_citadela_half_map_trackEndpointsColor":"","_citadela_half_map_filterCategory":"","_citadela_half_map_filterLocation":"","_citadela_half_map_filterFeatured":false,"_citadela_half_map_noDataBehavior":"empty-map","_citadela_half_map_noDataText":"","_citadela_half_map_clusterGridSize":80,"_citadela_header":false,"_citadela_header_over_content":false,"_citadela_header_text_color":"","_citadela_header_logo":[],"_citadela_header_bg_image":[],"_citadela_header_bg_position":{"x":0.5,"y":0.5},"_citadela_header_bg_size":"cover","_citadela_header_bg_repeat":"no-repeat","_citadela_header_bg_fixed":false,"_citadela_header_bg_color":"","_citadela_header_bg_image_overlay":"","_citadela_header_transparent_bg":false,"_citadela_content_width":"","_citadela_half_layout_position":"","footnotes":""},"class_list":["post-4094","page","type-page","status-publish","hentry"],"_links":{"self":[{"href":"https:\/\/www.sclerodermie.ch\/de\/wp-json\/wp\/v2\/pages\/4094","targetHints":{"allow":["GET"]}}],"collection":[{"href":"https:\/\/www.sclerodermie.ch\/de\/wp-json\/wp\/v2\/pages"}],"about":[{"href":"https:\/\/www.sclerodermie.ch\/de\/wp-json\/wp\/v2\/types\/page"}],"author":[{"embeddable":true,"href":"https:\/\/www.sclerodermie.ch\/de\/wp-json\/wp\/v2\/users\/4"}],"replies":[{"embeddable":true,"href":"https:\/\/www.sclerodermie.ch\/de\/wp-json\/wp\/v2\/comments?post=4094"}],"version-history":[{"count":1,"href":"https:\/\/www.sclerodermie.ch\/de\/wp-json\/wp\/v2\/pages\/4094\/revisions"}],"predecessor-version":[{"id":4102,"href":"https:\/\/www.sclerodermie.ch\/de\/wp-json\/wp\/v2\/pages\/4094\/revisions\/4102"}],"up":[{"embeddable":true,"href":"https:\/\/www.sclerodermie.ch\/de\/wp-json\/wp\/v2\/pages\/3418"}],"wp:attachment":[{"href":"https:\/\/www.sclerodermie.ch\/de\/wp-json\/wp\/v2\/media?parent=4094"}],"curies":[{"name":"wp","href":"https:\/\/api.w.org\/{rel}","templated":true}]}}