{"id":4522,"date":"2026-01-27T18:05:07","date_gmt":"2026-01-27T17:05:07","guid":{"rendered":"https:\/\/www.sclerodermie.ch\/?page_id=4522"},"modified":"2026-01-28T21:24:23","modified_gmt":"2026-01-28T20:24:23","slug":"die-krankheit","status":"publish","type":"page","link":"https:\/\/www.sclerodermie.ch\/de\/svs\/die-krankheit\/","title":{"rendered":"Mitglied werden"},"content":{"rendered":"\n<div class=\"wp-block-citadela-blocks-custom-container citadela-block-custom-container size-wide bg-type-none inside-space-none\"><div class=\"inner-holder\">\n<div style=\"height:100px\" aria-hidden=\"true\" class=\"wp-block-spacer\"><\/div>\n\n\n<div style=\"--bb--crumb-gap:.4em; font-style:normal;font-weight:600;\" class=\"hide-home-page wp-block-boldblocks-breadcrumb-block has-large-font-size\"><nav role=\"navigation\" aria-label=\"Breadcrumbs\" class=\"breadcrumb\"><ol class=\"breadcrumb-items\"><li class=\"breadcrumb-item breadcrumb-item--current breadcrumb-item--home\"><span class=\"breadcrumb-item-name\">Home<\/span><\/li><\/ol><\/nav><\/div>\n\n\n<hr class=\"wp-block-separator has-alpha-channel-opacity is-style-wide\"\/>\n\n\n\n<div class=\"wp-block-columns is-layout-flex wp-container-core-columns-is-layout-9d6595d7 wp-block-columns-is-layout-flex\">\n<div class=\"wp-block-column is-layout-flow wp-block-column-is-layout-flow\">\n<h2 class=\"wp-block-heading has-medium-font-size\"><strong>Um Mitglied zu werden :<\/strong><\/h2>\n\n\n\n<p class=\"has-medium-font-size\"><strong><a href=\"https:\/\/www.sclerodermie.ch\/de\/svs\/die-krankheit\/der-vorstand\/\" data-type=\"page\" data-id=\"4508\">F\u00fcllen Sie HIER den Online-Antrag auf Mitgliedschaft aus.<\/a><\/strong><\/p>\n\n\n\n<p class=\"has-medium-font-size\">Oder :<\/p>\n\n\n\n<p class=\"has-medium-font-size\"><strong><a href=\"https:\/\/www.sclerodermie.ch\/wp-content\/uploads\/2026\/01\/Antrag_mitgliedschaft_d-1.pdf\" data-type=\"attachment\" data-id=\"4506\" target=\"_blank\" rel=\"noreferrer noopener\">Laden Sie den Antrag auf Mitgliedschaft herunter<\/a><\/strong> und senden Sie ihn uns unterschrieben per Post an :<\/p>\n\n\n\n<div class=\"wp-block-stackable-text stk-block-text stk-block stk-fe53acf\" data-block-id=\"fe53acf\"><style>.stk-fe53acf .stk-block-text__text{font-size:23px !important;}@media screen and (max-width: 1023px){.stk-fe53acf .stk-block-text__text{font-size:23px !important;}}<\/style><p class=\"stk-block-text__text has-text-align-center\"><strong>sclerodermie.ch<\/strong><br>3000 Bern<\/p><\/div>\n\n\n\n<p class=\"has-text-align-center has-medium-font-size\"><a href=\"https:\/\/www.sclerodermie.ch\/wp-content\/uploads\/2024\/06\/Statuts_f.pdf\" data-type=\"link\" data-id=\"https:\/\/www.sclerodermie.ch\/wp-content\/uploads\/2024\/06\/Statuts_f.pdf\" target=\"_blank\" rel=\"noreferrer noopener\"><strong>Download der Statuten der SVS<\/strong><\/a><\/p>\n\n\n\n<h2 class=\"wp-block-heading has-medium-font-size\"><strong>Aktives Mitglied<\/strong><\/h2>\n\n\n\n<div class=\"wp-block-stackable-text stk-block-text stk-block stk-f12c2c0\" data-block-id=\"f12c2c0\"><p class=\"stk-block-text__text\">Aktives Mitglied kann jede Person werden, die selbst an Sklerodermie oder einer damit verbundenen Krankheit leidet und mindestens 18 Jahre alt ist. Aktive Mitglieder k\u00f6nnen auch Familienmitglieder und Eltern einer Person unter 18 Jahren werden, die an Sklerodermie oder einer damit verbundenen Krankheit leidet. <\/p><\/div>\n\n\n\n<h2 class=\"wp-block-heading has-medium-font-size\"><strong>Passives Mitglied und Spender<\/strong><\/h2>\n\n\n\n<div class=\"wp-block-stackable-text stk-block-text stk-block stk-7f11be3\" data-block-id=\"7f11be3\"><p class=\"stk-block-text__text\">Passiv-\/G\u00f6nnermitglieder k\u00f6nnen Personen, Unternehmen, Gesellschaften und Institutionen werden, die die Interessen der AHS unterst\u00fctzen und f\u00f6rdern. Sie k\u00f6nnen an der Generalversammlung teilnehmen. Sie haben alle Rechte der Aktivmitglieder.  <\/p><\/div>\n<\/div>\n\n\n\n<div class=\"wp-block-column is-layout-flow wp-block-column-is-layout-flow\">\n<figure class=\"wp-block-image size-full\"><img loading=\"lazy\" decoding=\"async\" width=\"933\" height=\"933\" src=\"https:\/\/www.sclerodermie.ch\/wp-content\/uploads\/2024\/06\/Hand-in-hand-1-edited-1.jpg\" alt=\"\" class=\"wp-image-2536\" srcset=\"https:\/\/www.sclerodermie.ch\/wp-content\/uploads\/2024\/06\/Hand-in-hand-1-edited-1.jpg 933w, https:\/\/www.sclerodermie.ch\/wp-content\/uploads\/2024\/06\/Hand-in-hand-1-edited-1-300x300.jpg 300w, https:\/\/www.sclerodermie.ch\/wp-content\/uploads\/2024\/06\/Hand-in-hand-1-edited-1-150x150.jpg 150w, https:\/\/www.sclerodermie.ch\/wp-content\/uploads\/2024\/06\/Hand-in-hand-1-edited-1-768x768.jpg 768w\" sizes=\"auto, (max-width: 933px) 100vw, 933px\" \/><\/figure>\n<\/div>\n<\/div>\n\n\n\n<h2 class=\"wp-block-heading has-medium-font-size\"><strong>Ehrenmitglied<\/strong><\/h2>\n\n\n\n<div class=\"wp-block-stackable-text stk-block-text stk-block stk-cca2440\" data-block-id=\"cca2440\"><p class=\"stk-block-text__text\">Zu Ehrenmitgliedern k\u00f6nnen Pers\u00f6nlichkeiten ernannt werden, die sich um die AHS, die Forschung oder den Kampf gegen Sklerodermie besonders verdient gemacht haben.<\/p><\/div>\n\n\n\n<h2 class=\"wp-block-heading has-medium-font-size\"><strong>Beitrag<\/strong><\/h2>\n\n\n\n<p>Der Jahresbeitrag betr\u00e4gt Fr. 50,- f\u00fcr aktive und passive Mitglieder.<\/p>\n\n\n\n<div class=\"wp-block-citadela-blocks-spacer citadela-block-spacer\"><div class=\"inner-holder\" style=\"padding-top:20px\"><\/div><\/div>\n<\/div><\/div>\n\n\n\n<div class=\"wp-block-citadela-blocks-custom-container citadela-block-custom-container size-wide bg-type-color inside-space-zero has-bg\" style=\"background-color:rgba(238, 113, 37, 1)\"><div class=\"inner-holder\">\n<div class=\"wp-block-columns alignwide are-vertically-aligned-center has-3-columns has-white-color has-text-color has-link-color wp-elements-232ba89b49a3990389afbc019e1467d3 is-layout-flex wp-container-core-columns-is-layout-9d6595d7 wp-block-columns-is-layout-flex\">\n<div class=\"wp-block-column is-vertically-aligned-center is-layout-flow wp-block-column-is-layout-flow\">\n<div class=\"wp-block-citadela-blocks-service citadela-block-service main-holder layout-box header-type-icon standard\"><div class=\"service-header\"><div class=\"service-icon\"><a href=\"https:\/\/www.sclerodermie.ch\/de\/kontakt\/\" target=\"_blank\" rel=\"noopener noreferrer\"><i class=\"fas fa-at\" style=\"color:#ffffff\"><\/i><\/a><\/div><\/div><div class=\"service-content\"><div class=\"service-content-wrap\"><a href=\"https:\/\/www.sclerodermie.ch\/de\/kontakt\/\" target=\"_blank\" rel=\"noopener noreferrer\"><h3 class=\"service-title\" style=\"color:#ffffff\">SCHREIBEN SIE UNS<\/h3><\/a><p class=\"service-description\" style=\"color:#ffffff\">info@sclerodermie.ch<br>sclerodermie.ch<br>3000 Berne <\/p><\/div><\/div><\/div>\n<\/div>\n\n\n\n<div class=\"wp-block-column is-vertically-aligned-center is-layout-flow wp-block-column-is-layout-flow\">\n<div class=\"wp-block-citadela-blocks-service citadela-block-service main-holder layout-box header-type-icon standard\"><div class=\"service-header\"><div class=\"service-icon\"><i class=\"fas fa-phone\" style=\"color:#ffffff\"><\/i><\/div><\/div><div class=\"service-content\"><div class=\"service-content-wrap\"><h3 class=\"service-title\" style=\"color:#ffffff\">RUFEN SIE UNS AN<\/h3><p class=\"service-description\" style=\"color:#ffffff\"><strong>077 469 75 58 &#8211; Franz\u00f6sisch<br>077 502 18 68 &#8211; Deutsch<br>077 501 67 59 &#8211; Italiano  <\/strong><\/p><\/div><\/div><\/div>\n<\/div>\n\n\n\n<div class=\"wp-block-column is-vertically-aligned-center is-layout-flow wp-block-column-is-layout-flow\">\n<div class=\"wp-block-citadela-blocks-service citadela-block-service main-holder layout-box header-type-icon standard\"><div class=\"service-header\"><div class=\"service-icon\"><i class=\"fas fa-piggy-bank\" style=\"color:#ffffff\"><\/i><\/div><\/div><div class=\"service-content\"><div class=\"service-content-wrap\"><h3 class=\"service-title\" style=\"color:#ffffff\">UNS UNTERST\u00dcTZEN<\/h3><p class=\"service-description\" style=\"color:#ffffff\">Postkonto: 12-864923-6 CHF<br>BIC-Code: POFICHBEXXXX<br>IBAN : CH47 0900 0000 1286 4923 6<\/p><\/div><\/div><\/div>\n<\/div>\n<\/div>\n<\/div><\/div>\n\n\n\n<p><\/p>\n","protected":false},"excerpt":{"rendered":"","protected":false},"author":1,"featured_media":0,"parent":2657,"menu_order":3,"comment_status":"closed","ping_status":"closed","template":"","meta":{"_citadela_hide_page_title":"1","_citadela_remove_header_space":"1","_citadela_custom_class":"","_citadela_half_map_provider":"","_citadela_half_map_theme":"","_citadela_half_map_themeOSM":"","_citadela_half_map_customTheme":"","_citadela_half_map_dataType":"","_citadela_half_map_dynamicTrack":false,"_citadela_half_map_trackColor":"","_citadela_half_map_trackEndpointsColor":"","_citadela_half_map_filterCategory":"","_citadela_half_map_filterLocation":"","_citadela_half_map_filterFeatured":false,"_citadela_half_map_noDataBehavior":"empty-map","_citadela_half_map_noDataText":"","_citadela_half_map_clusterGridSize":80,"_citadela_header":false,"_citadela_header_over_content":false,"_citadela_header_text_color":"","_citadela_header_logo":[],"_citadela_header_bg_image":[],"_citadela_header_bg_position":{"x":0.5,"y":0.5},"_citadela_header_bg_size":"cover","_citadela_header_bg_repeat":"no-repeat","_citadela_header_bg_fixed":false,"_citadela_header_bg_color":"","_citadela_header_bg_image_overlay":"","_citadela_header_transparent_bg":false,"_citadela_content_width":"","_citadela_half_layout_position":"","footnotes":""},"class_list":["post-4522","page","type-page","status-publish","hentry"],"_links":{"self":[{"href":"https:\/\/www.sclerodermie.ch\/de\/wp-json\/wp\/v2\/pages\/4522","targetHints":{"allow":["GET"]}}],"collection":[{"href":"https:\/\/www.sclerodermie.ch\/de\/wp-json\/wp\/v2\/pages"}],"about":[{"href":"https:\/\/www.sclerodermie.ch\/de\/wp-json\/wp\/v2\/types\/page"}],"author":[{"embeddable":true,"href":"https:\/\/www.sclerodermie.ch\/de\/wp-json\/wp\/v2\/users\/1"}],"replies":[{"embeddable":true,"href":"https:\/\/www.sclerodermie.ch\/de\/wp-json\/wp\/v2\/comments?post=4522"}],"version-history":[{"count":7,"href":"https:\/\/www.sclerodermie.ch\/de\/wp-json\/wp\/v2\/pages\/4522\/revisions"}],"predecessor-version":[{"id":4628,"href":"https:\/\/www.sclerodermie.ch\/de\/wp-json\/wp\/v2\/pages\/4522\/revisions\/4628"}],"up":[{"embeddable":true,"href":"https:\/\/www.sclerodermie.ch\/de\/wp-json\/wp\/v2\/pages\/2657"}],"wp:attachment":[{"href":"https:\/\/www.sclerodermie.ch\/de\/wp-json\/wp\/v2\/media?parent=4522"}],"curies":[{"name":"wp","href":"https:\/\/api.w.org\/{rel}","templated":true}]}}