{"id":4664,"date":"2026-02-17T14:52:21","date_gmt":"2026-02-17T13:52:21","guid":{"rendered":"https:\/\/www.sclerodermie.ch\/?page_id=4664"},"modified":"2026-02-17T16:01:13","modified_gmt":"2026-02-17T15:01:13","slug":"peer-ausbildung","status":"publish","type":"page","link":"https:\/\/www.sclerodermie.ch\/de\/peer-ausbildung\/","title":{"rendered":"Newsletter"},"content":{"rendered":"\n<div class=\"wp-block-citadela-blocks-custom-container citadela-block-custom-container size-wide bg-type-none inside-space-none\"><div class=\"inner-holder\">\n<div style=\"height:100px\" aria-hidden=\"true\" class=\"wp-block-spacer\"><\/div>\n\n\n<div style=\"--bb--crumb-gap:.4em; font-style:normal;font-weight:600;\" class=\"hide-home-page wp-block-boldblocks-breadcrumb-block has-large-font-size\"><nav role=\"navigation\" aria-label=\"Breadcrumbs\" class=\"breadcrumb\"><ol class=\"breadcrumb-items\"><li class=\"breadcrumb-item breadcrumb-item--current breadcrumb-item--home\"><span class=\"breadcrumb-item-name\">Home<\/span><\/li><\/ol><\/nav><\/div>\n\n\n<hr class=\"wp-block-separator has-alpha-channel-opacity is-style-wide\"\/>\n\n\n\n<div class=\"wp-block-stackable-subtitle stk-block-subtitle stk-block stk-43637a5\" data-block-id=\"43637a5\"><style>.stk-43637a5 .stk-block-subtitle__text{font-size:24px !important;}@media screen and (max-width: 1023px){.stk-43637a5 .stk-block-subtitle__text{font-size:24px !important;}}<\/style><p class=\"stk-block-subtitle__text stk-subtitle\"><\/p><\/div>\n\n\n\n<div class=\"wp-block-columns is-layout-flex wp-container-core-columns-is-layout-9d6595d7 wp-block-columns-is-layout-flex\">\n<div class=\"wp-block-column is-layout-flow wp-block-column-is-layout-flow\" style=\"flex-basis:33.33%\">\n<div class=\"wp-block-stackable-image stk-block-image stk-block stk-96698e4\" data-block-id=\"96698e4\"><style>.stk-96698e4 .stk-img-wrapper{width:87% !important;height:399px !important;}<\/style><figure><span class=\"stk-img-wrapper stk-image--shape-stretch\"><img loading=\"lazy\" decoding=\"async\" class=\"stk-img wp-image-4731\" src=\"https:\/\/www.sclerodermie.ch\/wp-content\/uploads\/2026\/02\/Newsletter-DE-1-1.jpg\" width=\"602\" height=\"782\" alt=\"person in black long sleeve shirt holding babys feet\" srcset=\"https:\/\/www.sclerodermie.ch\/wp-content\/uploads\/2026\/02\/Newsletter-DE-1-1.jpg 602w, https:\/\/www.sclerodermie.ch\/wp-content\/uploads\/2026\/02\/Newsletter-DE-1-1-231x300.jpg 231w\" sizes=\"auto, (max-width: 602px) 100vw, 602px\" \/><\/span><\/figure><\/div>\n<\/div>\n\n\n\n<div class=\"wp-block-column is-layout-flow wp-block-column-is-layout-flow\" style=\"flex-basis:66.66%\">\n<p class=\"has-medium-font-size\">Seit 2025 hat das Komitee beschlossen, die Seite der <em>Scleronews<\/em> zu schlie\u00dfen und ein neues Kommunikationsformat einzuf\u00fchren: den Newsletter.<\/p>\n\n\n\n<p class=\"has-medium-font-size\">Diese Wahl erm\u00f6glicht es uns, aktueller zu sein, mehrmals im Jahr mit Ihnen zu kommunizieren und Ihnen Informationen direkter und reaktiver zu \u00fcbermitteln.  <\/p>\n\n\n\n<p class=\"has-medium-font-size\">Wir hoffen, dass dieses neue Format Ihnen hilft, die Arbeit des Ausschusses besser zu verstehen, \u00fcber die Zusammenarbeit, die wir entwickeln, auf dem Laufenden zu bleiben und den Austausch und das Netzwerk zwischen den Mitgliedern zu st\u00e4rken.  <\/p>\n\n\n\n<p class=\"has-medium-font-size\">Wir freuen uns darauf, diesen Weg mit Ihnen fortzusetzen.<\/p>\n\n\n\n<p class=\"has-medium-font-size\"><em>Dr. Phil. Christine Merzeder, Pr\u00e4sidentin <\/em><\/p>\n\n\n\n<p><\/p>\n<\/div>\n<\/div>\n\n\n\n<div class=\"wp-block-stackable-image alignright stk-block-image stk-block stk-445dd41\" data-block-id=\"445dd41\"><\/div>\n\n\n\n<p class=\"has-medium-font-size\">Wenn Sie weitere Informationen w\u00fcnschen, eine Zeugenaussage machen oder \u00fcber ein Thema sprechen m\u00f6chten, das f\u00fcr die Betroffenen von Nutzen ist, nehmen Sie bitte Kontakt mit <a href=\"https:\/\/www.sclerodermie.ch\/de\/kontakt\/\" data-type=\"link\" data-id=\"https:\/\/www.sclerodermie.ch\/contact\/\" target=\"_blank\" rel=\"noreferrer noopener\">unserem Sekretariat<\/a> auf.<\/p>\n\n\n\n<p class=\"has-medium-font-size\">Herunterladen des <a href=\"https:\/\/www.sclerodermie.ch\/wp-content\/uploads\/2026\/02\/SVS-Newsletter-Q2-2025_de.pdf\" target=\"_blank\" rel=\"noreferrer noopener\">Newsletters Nr. 1 <\/a><br>Herunterladen des <a href=\"https:\/\/www.sclerodermie.ch\/wp-content\/uploads\/2026\/02\/SVS-Newsletter-Q3-2025-DE.pdf\" target=\"_blank\" rel=\"noreferrer noopener\">Newsletters Nr. 2<\/a><\/p>\n\n\n\n<hr class=\"wp-block-separator has-alpha-channel-opacity\"\/>\n<\/div><\/div>\n\n\n\n<div class=\"wp-block-citadela-blocks-custom-container citadela-block-custom-container size-wide bg-type-color inside-space-zero has-bg\" style=\"background-color:rgba(238, 113, 37, 1)\"><div class=\"inner-holder\">\n<div class=\"wp-block-columns alignwide are-vertically-aligned-center has-3-columns has-white-color has-text-color has-link-color wp-elements-232ba89b49a3990389afbc019e1467d3 is-layout-flex wp-container-core-columns-is-layout-9d6595d7 wp-block-columns-is-layout-flex\">\n<div class=\"wp-block-column is-vertically-aligned-center is-layout-flow wp-block-column-is-layout-flow\">\n<div class=\"wp-block-citadela-blocks-service citadela-block-service main-holder layout-box header-type-icon standard\"><div class=\"service-header\"><div class=\"service-icon\"><a href=\"https:\/\/www.sclerodermie.ch\/de\/kontakt\/\" target=\"_blank\" rel=\"noopener noreferrer\"><i class=\"fas fa-at\" style=\"color:#ffffff\"><\/i><\/a><\/div><\/div><div class=\"service-content\"><div class=\"service-content-wrap\"><a href=\"https:\/\/www.sclerodermie.ch\/de\/kontakt\/\" target=\"_blank\" rel=\"noopener noreferrer\"><h3 class=\"service-title\" style=\"color:#ffffff\">SCHREIBEN SIE UNS<\/h3><\/a><p class=\"service-description\" style=\"color:#ffffff\">info@sclerodermie.ch<br>sclerodermie.ch<br>3000 Berne <\/p><\/div><\/div><\/div>\n<\/div>\n\n\n\n<div class=\"wp-block-column is-vertically-aligned-center is-layout-flow wp-block-column-is-layout-flow\">\n<div class=\"wp-block-citadela-blocks-service citadela-block-service main-holder layout-box header-type-icon standard\"><div class=\"service-header\"><div class=\"service-icon\"><i class=\"fas fa-phone\" style=\"color:#ffffff\"><\/i><\/div><\/div><div class=\"service-content\"><div class=\"service-content-wrap\"><h3 class=\"service-title\" style=\"color:#ffffff\">RUFEN SIE UNS AN<\/h3><p class=\"service-description\" style=\"color:#ffffff\"><strong>077 469 75 58 &#8211; Franz\u00f6sisch<br>077 502 18 68 &#8211; Deutsch<br>077 501 67 59 &#8211; Italiano  <\/strong><\/p><\/div><\/div><\/div>\n<\/div>\n\n\n\n<div class=\"wp-block-column is-vertically-aligned-center is-layout-flow wp-block-column-is-layout-flow\">\n<div class=\"wp-block-citadela-blocks-service citadela-block-service main-holder layout-box header-type-icon standard\"><div class=\"service-header\"><div class=\"service-icon\"><i class=\"fas fa-piggy-bank\" style=\"color:#ffffff\"><\/i><\/div><\/div><div class=\"service-content\"><div class=\"service-content-wrap\"><h3 class=\"service-title\" style=\"color:#ffffff\">UNS UNTERST\u00dcTZEN<\/h3><p class=\"service-description\" style=\"color:#ffffff\">Postkonto: 12-864923-6 CHF<br>BIC-Code: POFICHBEXXXX<br>IBAN : CH47 0900 0000 1286 4923 6<\/p><\/div><\/div><\/div>\n<\/div>\n<\/div>\n<\/div><\/div>\n","protected":false},"excerpt":{"rendered":"","protected":false},"author":2,"featured_media":0,"parent":0,"menu_order":4,"comment_status":"closed","ping_status":"closed","template":"","meta":{"_citadela_hide_page_title":"1","_citadela_remove_header_space":"1","_citadela_custom_class":"","_citadela_half_map_provider":"","_citadela_half_map_theme":"","_citadela_half_map_themeOSM":"","_citadela_half_map_customTheme":"","_citadela_half_map_dataType":"","_citadela_half_map_dynamicTrack":false,"_citadela_half_map_trackColor":"","_citadela_half_map_trackEndpointsColor":"","_citadela_half_map_filterCategory":"","_citadela_half_map_filterLocation":"","_citadela_half_map_filterFeatured":false,"_citadela_half_map_noDataBehavior":"empty-map","_citadela_half_map_noDataText":"","_citadela_half_map_clusterGridSize":80,"_citadela_header":false,"_citadela_header_over_content":false,"_citadela_header_text_color":"","_citadela_header_logo":[],"_citadela_header_bg_image":[],"_citadela_header_bg_position":{"x":0.5,"y":0.5},"_citadela_header_bg_size":"cover","_citadela_header_bg_repeat":"no-repeat","_citadela_header_bg_fixed":false,"_citadela_header_bg_color":"","_citadela_header_bg_image_overlay":"","_citadela_header_transparent_bg":false,"_citadela_content_width":"","_citadela_half_layout_position":"","footnotes":""},"class_list":["post-4664","page","type-page","status-publish","hentry"],"_links":{"self":[{"href":"https:\/\/www.sclerodermie.ch\/de\/wp-json\/wp\/v2\/pages\/4664","targetHints":{"allow":["GET"]}}],"collection":[{"href":"https:\/\/www.sclerodermie.ch\/de\/wp-json\/wp\/v2\/pages"}],"about":[{"href":"https:\/\/www.sclerodermie.ch\/de\/wp-json\/wp\/v2\/types\/page"}],"author":[{"embeddable":true,"href":"https:\/\/www.sclerodermie.ch\/de\/wp-json\/wp\/v2\/users\/2"}],"replies":[{"embeddable":true,"href":"https:\/\/www.sclerodermie.ch\/de\/wp-json\/wp\/v2\/comments?post=4664"}],"version-history":[{"count":28,"href":"https:\/\/www.sclerodermie.ch\/de\/wp-json\/wp\/v2\/pages\/4664\/revisions"}],"predecessor-version":[{"id":4759,"href":"https:\/\/www.sclerodermie.ch\/de\/wp-json\/wp\/v2\/pages\/4664\/revisions\/4759"}],"wp:attachment":[{"href":"https:\/\/www.sclerodermie.ch\/de\/wp-json\/wp\/v2\/media?parent=4664"}],"curies":[{"name":"wp","href":"https:\/\/api.w.org\/{rel}","templated":true}]}}