{"id":4852,"date":"2026-04-14T23:07:38","date_gmt":"2026-04-14T21:07:38","guid":{"rendered":"https:\/\/www.sclerodermie.ch\/unterstuetzen-sie-unsere-arbeit\/"},"modified":"2026-04-14T23:13:04","modified_gmt":"2026-04-14T21:13:04","slug":"unterstuetzen-sie-unsere-arbeit","status":"publish","type":"page","link":"https:\/\/www.sclerodermie.ch\/de\/unterstuetzen-sie-unsere-arbeit\/","title":{"rendered":"Unterst\u00fctzen Sie unsere Arbeit"},"content":{"rendered":"\n<p>Die Schweizerische Vereinigung f\u00fcr Sklerodermie engagiert sich f\u00fcr Menschen, die an Sklerodermie und verwandten Krankheiten leiden. Sie bietet Raum f\u00fcr Information, Austausch und Unterst\u00fctzung und hilft den Betroffenen, die richtigen Ansprechpartner und Fachleute f\u00fcr ihre Bed\u00fcrfnisse zu finden. <\/p>\n\n<p>Mit Ihrer Spende leisten Sie einen direkten Beitrag zu dieser Arbeit der Begleitung, Vernetzung und Information. Ihre Unterst\u00fctzung hilft uns, unsere Bem\u00fchungen zugunsten von Patientinnen, Patienten und ihren Angeh\u00f6rigen in der ganzen Schweiz fortzusetzen. <\/p>\n\n<h2 class=\"wp-block-heading\" id=\"coordonnes-bancaires\">Bankverbindung<\/h2>\n\n<p>Postkonto: 12-864923-6 CHF<a rel=\"noreferrer noopener\" target=\"_blank\" href=\"https:\/\/www.sclerodermie.ch\/de\/die-krankheit\/adresses-utiles\/\"><\/a><br\/>BIC-Code: POFICHBEXXX<a rel=\"noreferrer noopener\" target=\"_blank\" href=\"https:\/\/www.sclerodermie.ch\/de\/die-krankheit\/adresses-utiles\/\"><\/a><br\/>IBAN: CH47 0900 0000 1286 4923 6<\/p>\n","protected":false},"excerpt":{"rendered":"<p>Die Schweizerische Vereinigung f\u00fcr Sklerodermie engagiert sich f\u00fcr Menschen, die an Sklerodermie und verwandten Krankheiten leiden. Sie bietet Raum f\u00fcr Information, Austausch und Unterst\u00fctzung und hilft den Betroffenen, die richtigen [&hellip;]<\/p>\n","protected":false},"author":4,"featured_media":0,"parent":0,"menu_order":0,"comment_status":"closed","ping_status":"closed","template":"","meta":{"_citadela_hide_page_title":"","_citadela_remove_header_space":"","_citadela_custom_class":"","_citadela_half_map_provider":"","_citadela_half_map_theme":"","_citadela_half_map_themeOSM":"","_citadela_half_map_customTheme":"","_citadela_half_map_dataType":"","_citadela_half_map_dynamicTrack":false,"_citadela_half_map_trackColor":"","_citadela_half_map_trackEndpointsColor":"","_citadela_half_map_filterCategory":"","_citadela_half_map_filterLocation":"","_citadela_half_map_filterFeatured":false,"_citadela_half_map_noDataBehavior":"empty-map","_citadela_half_map_noDataText":"","_citadela_half_map_clusterGridSize":80,"_citadela_header":false,"_citadela_header_over_content":false,"_citadela_header_text_color":"","_citadela_header_logo":[],"_citadela_header_bg_image":[],"_citadela_header_bg_position":[],"_citadela_header_bg_size":"","_citadela_header_bg_repeat":"","_citadela_header_bg_fixed":false,"_citadela_header_bg_color":"","_citadela_header_bg_image_overlay":"","_citadela_header_transparent_bg":false,"_citadela_content_width":"","_citadela_half_layout_position":"","footnotes":""},"class_list":["post-4852","page","type-page","status-publish","hentry"],"_links":{"self":[{"href":"https:\/\/www.sclerodermie.ch\/de\/wp-json\/wp\/v2\/pages\/4852","targetHints":{"allow":["GET"]}}],"collection":[{"href":"https:\/\/www.sclerodermie.ch\/de\/wp-json\/wp\/v2\/pages"}],"about":[{"href":"https:\/\/www.sclerodermie.ch\/de\/wp-json\/wp\/v2\/types\/page"}],"author":[{"embeddable":true,"href":"https:\/\/www.sclerodermie.ch\/de\/wp-json\/wp\/v2\/users\/4"}],"replies":[{"embeddable":true,"href":"https:\/\/www.sclerodermie.ch\/de\/wp-json\/wp\/v2\/comments?post=4852"}],"version-history":[{"count":2,"href":"https:\/\/www.sclerodermie.ch\/de\/wp-json\/wp\/v2\/pages\/4852\/revisions"}],"predecessor-version":[{"id":4854,"href":"https:\/\/www.sclerodermie.ch\/de\/wp-json\/wp\/v2\/pages\/4852\/revisions\/4854"}],"wp:attachment":[{"href":"https:\/\/www.sclerodermie.ch\/de\/wp-json\/wp\/v2\/media?parent=4852"}],"curies":[{"name":"wp","href":"https:\/\/api.w.org\/{rel}","templated":true}]}}