{"id":2271,"date":"2024-06-06T09:41:55","date_gmt":"2024-06-06T07:41:55","guid":{"rendered":"https:\/\/new3.sclerodermie.ch\/?page_id=2271"},"modified":"2025-05-27T11:45:39","modified_gmt":"2025-05-27T09:45:39","slug":"la-maladie","status":"publish","type":"page","link":"https:\/\/www.sclerodermie.ch\/fr\/la-maladie\/","title":{"rendered":"La maladie"},"content":{"rendered":"\n<div class=\"wp-block-citadela-blocks-custom-container citadela-block-custom-container size-wide bg-type-none inside-space-none\"><div class=\"inner-holder\">\n<div style=\"height:100px\" aria-hidden=\"true\" class=\"wp-block-spacer\"><\/div>\n\n\n<div style=\"--bb--crumb-gap:.4em; font-style:normal;font-weight:600;\" class=\"hide-home-page wp-block-boldblocks-breadcrumb-block has-large-font-size\"><nav role=\"navigation\" aria-label=\"Breadcrumbs\" class=\"breadcrumb\"><ol class=\"breadcrumb-items\"><li class=\"breadcrumb-item breadcrumb-item--current breadcrumb-item--home\"><span class=\"breadcrumb-item-name\">Home<\/span><\/li><\/ol><\/nav><\/div>\n\n\n<hr class=\"wp-block-separator has-alpha-channel-opacity is-style-wide\"\/>\n\n\n\n<div class=\"wp-block-columns is-layout-flex wp-container-core-columns-is-layout-9d6595d7 wp-block-columns-is-layout-flex\">\n<div class=\"wp-block-column is-layout-flow wp-block-column-is-layout-flow\">\n<p class=\"has-medium-font-size\"><strong>Vous trouverez dans ce chapitre de plus amples informations sur la scl\u00e9rodermie avec :<\/strong><\/p>\n\n\n\n<p class=\"has-text-align-left has-medium-font-size\">La scl\u00e9rodermie (aujourd&rsquo;hui souvent appel\u00e9e \u00ab\u00a0scl\u00e9rose syst\u00e9mique\u00a0\u00bb est une maladie rare qui se caract\u00e9rise par un durcissement progressif du tissu conjonctif (tissu assurant la coh\u00e9sion et le soutien des \u00e9l\u00e9ments d&rsquo;un organe ou des organes entre eux) et une alt\u00e9ration des vaisseaux sanguins, ce qui conduit \u00e0 des troubles circulatoires. Il semblerait aussi que le d\u00e9but de la maladie soit marqu\u00e9 par une inflammation incontr\u00f4l\u00e9e dans les tissus.<\/p>\n\n\n<ul class=\"wp-block-page-list has-medium-font-size\"><li class=\"wp-block-pages-list__item\"><a class=\"wp-block-pages-list__item__link\" href=\"https:\/\/www.sclerodermie.ch\/fr\/la-maladie\/la-sclerodermie-systemique\/\">La scl\u00e9rodermie syst\u00e9mique<\/a><\/li><li class=\"wp-block-pages-list__item\"><a class=\"wp-block-pages-list__item__link\" href=\"https:\/\/www.sclerodermie.ch\/fr\/la-maladie\/la-sante-bucco-dentaire\/\">La sant\u00e9 bucco-dentaire<\/a><\/li><li class=\"wp-block-pages-list__item\"><a class=\"wp-block-pages-list__item__link\" href=\"https:\/\/www.sclerodermie.ch\/fr\/la-maladie\/articles-medicaux\/\">Articles m\u00e9dicaux<\/a><\/li><li class=\"wp-block-pages-list__item\"><a class=\"wp-block-pages-list__item__link\" href=\"https:\/\/www.sclerodermie.ch\/fr\/la-maladie\/assurance-invalidite-ai\/\">Assurance invalidit\u00e9 (AI)<\/a><\/li><li class=\"wp-block-pages-list__item\"><a class=\"wp-block-pages-list__item__link\" href=\"https:\/\/www.sclerodermie.ch\/fr\/la-maladie\/spin-exercices-pour-les-mains\/\">SPIN &#8211; Exercices pour les mains<\/a><\/li><li class=\"wp-block-pages-list__item\"><a class=\"wp-block-pages-list__item__link\" href=\"https:\/\/www.sclerodermie.ch\/fr\/la-maladie\/portail-dedie-aux-essais-cliniques-en-suisse-snctp\/\">Portail d\u00e9di\u00e9 aux essais cliniques en Suisse (SNCTP)<\/a><\/li><li class=\"wp-block-pages-list__item\"><a class=\"wp-block-pages-list__item__link\" href=\"https:\/\/www.sclerodermie.ch\/fr\/la-maladie\/adresses-utiles\/\">Adresses utiles<\/a><\/li><\/ul><\/div>\n\n\n\n<div class=\"wp-block-column is-layout-flow wp-block-column-is-layout-flow\">\n<figure class=\"wp-block-image size-full\"><img loading=\"lazy\" decoding=\"async\" width=\"933\" height=\"933\" src=\"https:\/\/www.sclerodermie.ch\/wp-content\/uploads\/2024\/06\/Hand-in-hand-1-edited-1.jpg\" alt=\"\" class=\"wp-image-2536\" srcset=\"https:\/\/www.sclerodermie.ch\/wp-content\/uploads\/2024\/06\/Hand-in-hand-1-edited-1.jpg 933w, https:\/\/www.sclerodermie.ch\/wp-content\/uploads\/2024\/06\/Hand-in-hand-1-edited-1-300x300.jpg 300w, https:\/\/www.sclerodermie.ch\/wp-content\/uploads\/2024\/06\/Hand-in-hand-1-edited-1-150x150.jpg 150w, https:\/\/www.sclerodermie.ch\/wp-content\/uploads\/2024\/06\/Hand-in-hand-1-edited-1-768x768.jpg 768w\" sizes=\"auto, (max-width: 933px) 100vw, 933px\" \/><\/figure>\n<\/div>\n<\/div>\n\n\n\n<div class=\"wp-block-citadela-blocks-spacer citadela-block-spacer\"><div class=\"inner-holder\" style=\"padding-top:20px\"><\/div><\/div>\n<\/div><\/div>\n\n\n\n<div class=\"wp-block-citadela-blocks-custom-container citadela-block-custom-container size-wide bg-type-color inside-space-zero has-bg\" style=\"background-color:rgba(238, 113, 37, 1)\"><div class=\"inner-holder\">\n<div class=\"wp-block-columns alignwide are-vertically-aligned-center has-3-columns has-white-color has-text-color has-link-color wp-elements-6bb8fe760e257e423d82783bd40d9594 is-layout-flex wp-container-core-columns-is-layout-9d6595d7 wp-block-columns-is-layout-flex\">\n<div class=\"wp-block-column is-vertically-aligned-center is-layout-flow wp-block-column-is-layout-flow\">\n<div class=\"wp-block-citadela-blocks-service citadela-block-service main-holder layout-box header-type-icon standard\"><div class=\"service-header\"><div class=\"service-icon\"><a href=\"https:\/\/www.sclerodermie.ch\/contact\/\" target=\"_blank\" rel=\"noopener noreferrer\"><i class=\"fas fa-at\" style=\"color:#ffffff\"><\/i><\/a><\/div><\/div><div class=\"service-content\"><div class=\"service-content-wrap\"><a href=\"https:\/\/www.sclerodermie.ch\/contact\/\" target=\"_blank\" rel=\"noopener noreferrer\"><h3 class=\"service-title\" style=\"color:#ffffff\">NOUS ECRIRE<\/h3><\/a><p class=\"service-description\" style=\"color:#ffffff\">info@sclerodermie.ch<br\/>sclerodermie.ch<br\/>3000 Berne <\/p><\/div><\/div><\/div>\n<\/div>\n\n\n\n<div class=\"wp-block-column is-vertically-aligned-center is-layout-flow wp-block-column-is-layout-flow\">\n<div class=\"wp-block-citadela-blocks-service citadela-block-service main-holder layout-box header-type-icon standard\"><div class=\"service-header\"><div class=\"service-icon\"><i class=\"fas fa-phone\" style=\"color:#ffffff\"><\/i><\/div><\/div><div class=\"service-content\"><div class=\"service-content-wrap\"><h3 class=\"service-title\" style=\"color:#ffffff\">NOUS APPELER<\/h3><p class=\"service-description\" style=\"color:#ffffff\"><strong>077 469 75 58 \u2013 Fran\u00e7ais<br\/>077 502 18 68 \u2013 Deutsch<br\/>077 501 67 59 \u2013 Italiano <\/strong><\/p><\/div><\/div><\/div>\n<\/div>\n\n\n\n<div class=\"wp-block-column is-vertically-aligned-center is-layout-flow wp-block-column-is-layout-flow\">\n<div class=\"wp-block-citadela-blocks-service citadela-block-service main-holder layout-box header-type-icon standard\"><div class=\"service-header\"><div class=\"service-icon\"><i class=\"fas fa-piggy-bank\" style=\"color:#ffffff\"><\/i><\/div><\/div><div class=\"service-content\"><div class=\"service-content-wrap\"><h3 class=\"service-title\" style=\"color:#ffffff\">NOUS SOUTENIR<\/h3><p class=\"service-description\" style=\"color:#ffffff\">Compte postal : 12-864923-6 CHF<br\/>Code BIC : POFICHBEXXX<br\/>IBAN : CH47 0900 0000 1286 4923 6<\/p><\/div><\/div><\/div>\n<\/div>\n<\/div>\n<\/div><\/div>\n","protected":false},"excerpt":{"rendered":"","protected":false},"author":1,"featured_media":0,"parent":0,"menu_order":1,"comment_status":"closed","ping_status":"closed","template":"","meta":{"_citadela_hide_page_title":"1","_citadela_remove_header_space":"1","_citadela_custom_class":"","_citadela_half_map_provider":"","_citadela_half_map_theme":"","_citadela_half_map_themeOSM":"","_citadela_half_map_customTheme":"","_citadela_half_map_dataType":"","_citadela_half_map_dynamicTrack":false,"_citadela_half_map_trackColor":"","_citadela_half_map_trackEndpointsColor":"","_citadela_half_map_filterCategory":"","_citadela_half_map_filterLocation":"","_citadela_half_map_filterFeatured":false,"_citadela_half_map_noDataBehavior":"empty-map","_citadela_half_map_noDataText":"","_citadela_half_map_clusterGridSize":80,"_citadela_header":false,"_citadela_header_over_content":false,"_citadela_header_text_color":"","_citadela_header_logo":[],"_citadela_header_bg_image":[],"_citadela_header_bg_position":{"x":0.5,"y":0.5},"_citadela_header_bg_size":"cover","_citadela_header_bg_repeat":"no-repeat","_citadela_header_bg_fixed":false,"_citadela_header_bg_color":"","_citadela_header_bg_image_overlay":"","_citadela_header_transparent_bg":false,"_citadela_content_width":"","_citadela_half_layout_position":"","footnotes":""},"class_list":["post-2271","page","type-page","status-publish","hentry"],"_links":{"self":[{"href":"https:\/\/www.sclerodermie.ch\/fr\/wp-json\/wp\/v2\/pages\/2271","targetHints":{"allow":["GET"]}}],"collection":[{"href":"https:\/\/www.sclerodermie.ch\/fr\/wp-json\/wp\/v2\/pages"}],"about":[{"href":"https:\/\/www.sclerodermie.ch\/fr\/wp-json\/wp\/v2\/types\/page"}],"author":[{"embeddable":true,"href":"https:\/\/www.sclerodermie.ch\/fr\/wp-json\/wp\/v2\/users\/1"}],"replies":[{"embeddable":true,"href":"https:\/\/www.sclerodermie.ch\/fr\/wp-json\/wp\/v2\/comments?post=2271"}],"version-history":[{"count":10,"href":"https:\/\/www.sclerodermie.ch\/fr\/wp-json\/wp\/v2\/pages\/2271\/revisions"}],"predecessor-version":[{"id":3806,"href":"https:\/\/www.sclerodermie.ch\/fr\/wp-json\/wp\/v2\/pages\/2271\/revisions\/3806"}],"wp:attachment":[{"href":"https:\/\/www.sclerodermie.ch\/fr\/wp-json\/wp\/v2\/media?parent=2271"}],"curies":[{"name":"wp","href":"https:\/\/api.w.org\/{rel}","templated":true}]}}