{"id":2292,"date":"2024-06-06T10:10:55","date_gmt":"2024-06-06T08:10:55","guid":{"rendered":"https:\/\/new3.sclerodermie.ch\/?page_id=2292"},"modified":"2025-03-16T22:43:30","modified_gmt":"2025-03-16T21:43:30","slug":"peers","status":"publish","type":"page","link":"https:\/\/www.sclerodermie.ch\/fr\/peers\/","title":{"rendered":"Formation des pairs (PEER)"},"content":{"rendered":"\n<div class=\"wp-block-citadela-blocks-custom-container citadela-block-custom-container size-wide bg-type-none inside-space-none\"><div class=\"inner-holder\">\n<div style=\"height:100px\" aria-hidden=\"true\" class=\"wp-block-spacer\"><\/div>\n\n\n<div style=\"--bb--crumb-gap:.4em; font-style:normal;font-weight:600;\" class=\"hide-home-page wp-block-boldblocks-breadcrumb-block has-large-font-size\"><nav role=\"navigation\" aria-label=\"Breadcrumbs\" class=\"breadcrumb\"><ol class=\"breadcrumb-items\"><li class=\"breadcrumb-item breadcrumb-item--current breadcrumb-item--home\"><span class=\"breadcrumb-item-name\">Home<\/span><\/li><\/ol><\/nav><\/div>\n\n\n<hr class=\"wp-block-separator has-alpha-channel-opacity is-style-wide\"\/>\n\n\n\n<div class=\"wp-block-stackable-subtitle stk-block-subtitle stk-block stk-43637a5\" data-block-id=\"43637a5\"><style>.stk-43637a5 .stk-block-subtitle__text{font-size:24px !important;}@media screen and (max-width: 1023px){.stk-43637a5 .stk-block-subtitle__text{font-size:24px !important;}}<\/style><p class=\"stk-block-subtitle__text stk-subtitle\"><strong>\u201cRecovery\u201d et \u201cPeer\u201d en rhumatologie \u2013 un concept qui a fait ses preuves pour un nouveau groupe cible<\/strong><\/p><\/div>\n\n\n\n<div class=\"wp-block-columns is-layout-flex wp-container-core-columns-is-layout-9d6595d7 wp-block-columns-is-layout-flex\">\n<div class=\"wp-block-column is-layout-flow wp-block-column-is-layout-flow\" style=\"flex-basis:33.33%\">\n<div class=\"wp-block-stackable-image stk-block-image stk-block stk-96698e4\" data-block-id=\"96698e4\"><figure><span class=\"stk-img-wrapper stk-image--shape-stretch\"><img loading=\"lazy\" decoding=\"async\" class=\"stk-img wp-image-3321\" src=\"https:\/\/www.sclerodermie.ch\/wp-content\/uploads\/2024\/12\/apa843frizi.jpg\" width=\"800\" height=\"1200\" alt=\"person in black long sleeve shirt holding babys feet\" srcset=\"https:\/\/www.sclerodermie.ch\/wp-content\/uploads\/2024\/12\/apa843frizi.jpg 800w, https:\/\/www.sclerodermie.ch\/wp-content\/uploads\/2024\/12\/apa843frizi-200x300.jpg 200w, https:\/\/www.sclerodermie.ch\/wp-content\/uploads\/2024\/12\/apa843frizi-683x1024.jpg 683w, https:\/\/www.sclerodermie.ch\/wp-content\/uploads\/2024\/12\/apa843frizi-768x1152.jpg 768w\" sizes=\"auto, (max-width: 800px) 100vw, 800px\" \/><\/span><\/figure><\/div>\n<\/div>\n\n\n\n<div class=\"wp-block-column is-layout-flow wp-block-column-is-layout-flow\" style=\"flex-basis:66.66%\">\n<p class=\"has-medium-font-size\">Les \u201c<strong>Peer<\/strong>\u201d sont des accompagnants en r\u00e9mission ou personnes ayant le m\u00eame v\u00e9cu. Elles ont d\u00e9j\u00e0 progress\u00e9 dans la gestion de leur propre maladie. Elles partagent leur exp\u00e9rience, donnant ainsi aux nouveaux malades l\u2019espoir qui leur permettra d\u2019emprunter avec confiance la voie de la r\u00e9mission.<\/p>\n\n\n\n<p class=\"has-text-align-left has-medium-font-size\">Le mot \u201cPeer\u201d vient de l\u2019anglais et signifie \u201c\u00e9gal\u201d, \u201csemblable\u201d.<\/p>\n\n\n\n<p class=\"has-medium-font-size\">Les \u201cPeer\u201d sont \u00e9galement appel\u00e9s \u201c<strong>experts de leur propre exp\u00e9rience<\/strong>\u201d ou \u201c<strong>compagnons de r\u00e9tablissement<\/strong>\u201d et utilisent leur riche exp\u00e9rience pour accompagner les patients sur leur chemin de r\u00e9tablissement dans les secteurs hospitalier et ambulatoire. Ils donnent de l\u2019espoir aux autres et peuvent leur montrer comment vivre avec la maladie et l\u2019accepter. Les \u201cPeer\u201d sont connus et \u00e9tablis dans le domaine de la psychiatrie depuis plus de 10 ans.<\/p>\n\n\n\n<p class=\"has-medium-font-size\">Les domaines de responsabilit\u00e9 des \u201cPeer\u201d comprennent la gestion des groupes de r\u00e9tablissement, l\u2019organisation et la gestion des <strong>trialogues<\/strong>. Les trialogues sont des groupes d\u2019\u00e9change entre les personnes concern\u00e9es, leurs proches et les sp\u00e9cialistes (m\u00e9decins, personnel infirmier, th\u00e9rapeutes, etc.)<\/p>\n<\/div>\n<\/div>\n\n\n\n<div class=\"wp-block-stackable-image alignright stk-block-image stk-block stk-445dd41\" data-block-id=\"445dd41\"><\/div>\n\n\n\n<div class=\"wp-block-stackable-icon-box stk-block-icon-box stk-block stk-10177d4\" data-v=\"2\" data-block-id=\"10177d4\"><div class=\"stk-block-content stk-inner-blocks stk-block-icon-box__content stk-container stk-10177d4-container stk--no-background stk--no-padding\">\n<div class=\"wp-block-stackable-icon-label stk-block-icon-label stk-block stk-a7920a1\" data-block-id=\"a7920a1\"><style>.stk-a7920a1 {margin-bottom:0px !important;}<\/style><div class=\"stk-row stk-inner-blocks stk-block-content\">\n<div class=\"wp-block-stackable-icon stk-block-icon has-text-align-left stk-block stk-2c9d753\" data-block-id=\"2c9d753\"><style>.stk-2c9d753 .stk--svg-wrapper .stk--inner-svg svg:last-child, .stk-2c9d753 .stk--svg-wrapper .stk--inner-svg svg:last-child :is(g, path, rect, polygon, ellipse){fill:#ff6900 !important;}<\/style><span class=\"stk--svg-wrapper\"><div class=\"stk--inner-svg\"><svg style=\"height:0;width:0\"><defs><linearGradient id=\"linear-gradient-2c9d753\" x1=\"0\" x2=\"100%\" y1=\"0\" y2=\"0\"><stop offset=\"0%\" style=\"stop-opacity:1;stop-color:var(--linear-gradient-2-c-9-d-753-color-1)\"><\/stop><stop offset=\"100%\" style=\"stop-opacity:1;stop-color:var(--linear-gradient-2-c-9-d-753-color-2)\"><\/stop><\/linearGradient><\/defs><\/svg><svg xmlns=\"http:\/\/www.w3.org\/2000\/svg\" viewBox=\"0 0 512 512\" aria-hidden=\"true\" width=\"32\" height=\"32\"><path d=\"M256 48a208 208 0 1 1 0 416 208 208 0 1 1 0-416zm0 464A256 256 0 1 0 256 0a256 256 0 1 0 0 512zM369 209c9.4-9.4 9.4-24.6 0-33.9s-24.6-9.4-33.9 0l-111 111-47-47c-9.4-9.4-24.6-9.4-33.9 0s-9.4 24.6 0 33.9l64 64c9.4 9.4 24.6 9.4 33.9 0L369 209z\"><\/path><\/svg><\/div><\/span><\/div>\n\n\n\n<div class=\"wp-block-stackable-heading stk-block-heading stk-block-heading--v2 stk-block stk-fdb1abe\" id=\"a-qui-voulons-nous-nous-adresser\" data-block-id=\"fdb1abe\"><h4 class=\"stk-block-heading__text\">A qui voulons-nous nous adresser ?<\/h4><\/div>\n<\/div><\/div>\n\n\n\n<p class=\"has-medium-font-size\">Aux personnes atteintes de maladies inflammatoires (par ex. polyarthrite rhumato\u00efde, scl\u00e9rodermie, etc.), qui souhaitent transmettre leurs exp\u00e9riences \u00e0 des patients nouvellement malades et \u00e0 suivre une formation en vue d\u2019aider ces patients (PEER).<\/p>\n<\/div><\/div>\n\n\n\n<div class=\"wp-block-stackable-icon-box stk-block-icon-box stk-block stk-312c07d\" data-v=\"2\" data-block-id=\"312c07d\"><div class=\"stk-block-content stk-inner-blocks stk-block-icon-box__content stk-container stk-312c07d-container stk--no-background stk--no-padding\">\n<div class=\"wp-block-stackable-icon-label stk-block-icon-label stk-block stk-8820ac6\" data-block-id=\"8820ac6\"><style>.stk-8820ac6 {margin-bottom:0px !important;}<\/style><div class=\"stk-row stk-inner-blocks stk-block-content\">\n<div class=\"wp-block-stackable-icon stk-block-icon has-text-align-left stk-block stk-3ddd635\" data-block-id=\"3ddd635\"><style>.stk-3ddd635 .stk--svg-wrapper .stk--inner-svg svg:last-child, .stk-3ddd635 .stk--svg-wrapper .stk--inner-svg svg:last-child :is(g, path, rect, polygon, ellipse){fill:#ff6900 !important;}<\/style><span class=\"stk--svg-wrapper\"><div class=\"stk--inner-svg\"><svg style=\"height:0;width:0\"><defs><linearGradient id=\"linear-gradient-3ddd635\" x1=\"0\" x2=\"100%\" y1=\"0\" y2=\"0\"><stop offset=\"0%\" style=\"stop-opacity:1;stop-color:var(--linear-gradient-3-ddd-635-color-1)\"><\/stop><stop offset=\"100%\" style=\"stop-opacity:1;stop-color:var(--linear-gradient-3-ddd-635-color-2)\"><\/stop><\/linearGradient><\/defs><\/svg><svg xmlns=\"http:\/\/www.w3.org\/2000\/svg\" viewBox=\"0 0 512 512\" aria-hidden=\"true\" width=\"32\" height=\"32\"><path d=\"M256 48a208 208 0 1 1 0 416 208 208 0 1 1 0-416zm0 464A256 256 0 1 0 256 0a256 256 0 1 0 0 512zM369 209c9.4-9.4 9.4-24.6 0-33.9s-24.6-9.4-33.9 0l-111 111-47-47c-9.4-9.4-24.6-9.4-33.9 0s-9.4 24.6 0 33.9l64 64c9.4 9.4 24.6 9.4 33.9 0L369 209z\"><\/path><\/svg><\/div><\/span><\/div>\n\n\n\n<div class=\"wp-block-stackable-heading stk-block-heading stk-block-heading--v2 stk-block stk-39ecc0e\" id=\"quattendons-nous-de-la-formation\" data-block-id=\"39ecc0e\"><h4 class=\"stk-block-heading__text\">Qu\u2019attendons-nous de la formation ?<\/h4><\/div>\n<\/div><\/div>\n\n\n\n<p class=\"has-medium-font-size\">Elle doit apporter aux personnes concern\u00e9es les m\u00e9thodes n\u00e9cessaires dans leur d\u00e9marche d\u2019accompagnement.<\/p>\n<\/div><\/div>\n\n\n\n<div class=\"wp-block-stackable-icon-box stk-block-icon-box stk-block stk-26a2b15\" data-v=\"2\" data-block-id=\"26a2b15\"><div class=\"stk-block-content stk-inner-blocks stk-block-icon-box__content stk-container stk-26a2b15-container stk--no-background stk--no-padding\">\n<div class=\"wp-block-stackable-icon-label stk-block-icon-label stk-block stk-649240d\" data-block-id=\"649240d\"><style>.stk-649240d {margin-bottom:0px !important;}<\/style><div class=\"stk-row stk-inner-blocks stk-block-content\">\n<div class=\"wp-block-stackable-icon stk-block-icon has-text-align-left stk-block stk-f3c751a\" data-block-id=\"f3c751a\"><style>.stk-f3c751a .stk--svg-wrapper .stk--inner-svg svg:last-child, .stk-f3c751a .stk--svg-wrapper .stk--inner-svg svg:last-child :is(g, path, rect, polygon, ellipse){fill:#ff6900 !important;}<\/style><span class=\"stk--svg-wrapper\"><div class=\"stk--inner-svg\"><svg style=\"height:0;width:0\"><defs><linearGradient id=\"linear-gradient-f3c751a\" x1=\"0\" x2=\"100%\" y1=\"0\" y2=\"0\"><stop offset=\"0%\" style=\"stop-opacity:1;stop-color:var(--linear-gradient-f-3-c-751-a-color-1)\"><\/stop><stop offset=\"100%\" style=\"stop-opacity:1;stop-color:var(--linear-gradient-f-3-c-751-a-color-2)\"><\/stop><\/linearGradient><\/defs><\/svg><svg xmlns=\"http:\/\/www.w3.org\/2000\/svg\" viewBox=\"0 0 512 512\" aria-hidden=\"true\" width=\"32\" height=\"32\"><path d=\"M256 48a208 208 0 1 1 0 416 208 208 0 1 1 0-416zm0 464A256 256 0 1 0 256 0a256 256 0 1 0 0 512zM369 209c9.4-9.4 9.4-24.6 0-33.9s-24.6-9.4-33.9 0l-111 111-47-47c-9.4-9.4-24.6-9.4-33.9 0s-9.4 24.6 0 33.9l64 64c9.4 9.4 24.6 9.4 33.9 0L369 209z\"><\/path><\/svg><\/div><\/span><\/div>\n\n\n\n<div class=\"wp-block-stackable-heading stk-block-heading stk-block-heading--v2 stk-block stk-40320e4\" id=\"ou-puis-je-pratiquer-mes-connaissances-apres-la-formation\" data-block-id=\"40320e4\"><h4 class=\"stk-block-heading__text\">O\u00f9 puis-je pratiquer mes connaissances apr\u00e8s la formation ?<\/h4><\/div>\n<\/div><\/div>\n\n\n\n<p class=\"has-medium-font-size\">Dans les cliniques de rhumatologie, de r\u00e9habilitation, les cabinets m\u00e9dicaux, les soins \u00e0 domiciles, les \u00e9tudiants, les cliniques de jours, les homes\u2026L\u2019objectif est que chaque personne nouvellement diagnostiqu\u00e9e avec une scl\u00e9rodermie syst\u00e9mique ait un \u201cPeer\u201d qui puisse l\u2019aider \u00e0 trouver son chemin dans la jungle des maladies syst\u00e9miques.<\/p>\n<\/div><\/div>\n\n\n\n<p class=\"has-medium-font-size\">Nous nous r\u00e9jouissons de ce projet tr\u00e8s important de l\u2019ASS et esp\u00e9rons que cette id\u00e9e se propagera \u00e0 d\u2019autres organisations de patients.<\/p>\n\n\n\n<p class=\"has-medium-font-size\">Vous souhaitez avoir plus de renseignements concernant la formation \u201cPeer\u201d, n\u2019h\u00e9sitez pas \u00e0 prendre contact avec <a href=\"https:\/\/www.sclerodermie.ch\/contact\/\" data-type=\"link\" data-id=\"https:\/\/www.sclerodermie.ch\/contact\/\" target=\"_blank\" rel=\"noreferrer noopener\">notre secr\u00e9tariat<\/a>.<\/p>\n\n\n\n<p class=\"has-medium-font-size\">T\u00e9l\u00e9chargez l&rsquo;<a href=\"https:\/\/www.sclerodermie.ch\/wp-content\/uploads\/2024\/12\/peer_f.pdf\" target=\"_blank\" rel=\"noreferrer noopener\">Article complet paru dans le Scleronews 19<\/a> (novembre 2020)<\/p>\n\n\n\n<hr class=\"wp-block-separator has-alpha-channel-opacity\"\/>\n<\/div><\/div>\n\n\n\n<div class=\"wp-block-citadela-blocks-custom-container citadela-block-custom-container size-wide bg-type-color inside-space-zero has-bg\" style=\"background-color:rgba(238, 113, 37, 1)\"><div class=\"inner-holder\">\n<div class=\"wp-block-columns alignwide are-vertically-aligned-center has-3-columns has-white-color has-text-color has-link-color wp-elements-6bb8fe760e257e423d82783bd40d9594 is-layout-flex wp-container-core-columns-is-layout-9d6595d7 wp-block-columns-is-layout-flex\">\n<div class=\"wp-block-column is-vertically-aligned-center is-layout-flow wp-block-column-is-layout-flow\">\n<div class=\"wp-block-citadela-blocks-service citadela-block-service main-holder layout-box header-type-icon standard\"><div class=\"service-header\"><div class=\"service-icon\"><a href=\"https:\/\/www.sclerodermie.ch\/contact\/\" target=\"_blank\" rel=\"noopener noreferrer\"><i class=\"fas fa-at\" style=\"color:#ffffff\"><\/i><\/a><\/div><\/div><div class=\"service-content\"><div class=\"service-content-wrap\"><a href=\"https:\/\/www.sclerodermie.ch\/contact\/\" target=\"_blank\" rel=\"noopener noreferrer\"><h3 class=\"service-title\" style=\"color:#ffffff\">NOUS ECRIRE<\/h3><\/a><p class=\"service-description\" style=\"color:#ffffff\">info@sclerodermie.ch<br\/>sclerodermie.ch<br\/>3000 Berne <\/p><\/div><\/div><\/div>\n<\/div>\n\n\n\n<div class=\"wp-block-column is-vertically-aligned-center is-layout-flow wp-block-column-is-layout-flow\">\n<div class=\"wp-block-citadela-blocks-service citadela-block-service main-holder layout-box header-type-icon standard\"><div class=\"service-header\"><div class=\"service-icon\"><i class=\"fas fa-phone\" style=\"color:#ffffff\"><\/i><\/div><\/div><div class=\"service-content\"><div class=\"service-content-wrap\"><h3 class=\"service-title\" style=\"color:#ffffff\">NOUS APPELER<\/h3><p class=\"service-description\" style=\"color:#ffffff\"><strong>077 469 75 58 \u2013 Fran\u00e7ais<br\/>077 502 18 68 \u2013 Deutsch<br\/>077 501 67 59 \u2013 Italiano <\/strong><\/p><\/div><\/div><\/div>\n<\/div>\n\n\n\n<div class=\"wp-block-column is-vertically-aligned-center is-layout-flow wp-block-column-is-layout-flow\">\n<div class=\"wp-block-citadela-blocks-service citadela-block-service main-holder layout-box header-type-icon standard\"><div class=\"service-header\"><div class=\"service-icon\"><i class=\"fas fa-piggy-bank\" style=\"color:#ffffff\"><\/i><\/div><\/div><div class=\"service-content\"><div class=\"service-content-wrap\"><h3 class=\"service-title\" style=\"color:#ffffff\">NOUS SOUTENIR<\/h3><p class=\"service-description\" style=\"color:#ffffff\">Compte postal : 12-864923-6 CHF<br\/>Code BIC : POFICHBEXXX<br\/>IBAN : CH47 0900 0000 1286 4923 6<\/p><\/div><\/div><\/div>\n<\/div>\n<\/div>\n<\/div><\/div>\n","protected":false},"excerpt":{"rendered":"","protected":false},"author":1,"featured_media":0,"parent":0,"menu_order":4,"comment_status":"closed","ping_status":"closed","template":"","meta":{"_citadela_hide_page_title":"1","_citadela_remove_header_space":"1","_citadela_custom_class":"","_citadela_half_map_provider":"","_citadela_half_map_theme":"","_citadela_half_map_themeOSM":"","_citadela_half_map_customTheme":"","_citadela_half_map_dataType":"","_citadela_half_map_dynamicTrack":false,"_citadela_half_map_trackColor":"","_citadela_half_map_trackEndpointsColor":"","_citadela_half_map_filterCategory":"","_citadela_half_map_filterLocation":"","_citadela_half_map_filterFeatured":false,"_citadela_half_map_noDataBehavior":"empty-map","_citadela_half_map_noDataText":"","_citadela_half_map_clusterGridSize":80,"_citadela_header":false,"_citadela_header_over_content":false,"_citadela_header_text_color":"","_citadela_header_logo":[],"_citadela_header_bg_image":[],"_citadela_header_bg_position":{"x":0.5,"y":0.5},"_citadela_header_bg_size":"cover","_citadela_header_bg_repeat":"no-repeat","_citadela_header_bg_fixed":false,"_citadela_header_bg_color":"","_citadela_header_bg_image_overlay":"","_citadela_header_transparent_bg":false,"_citadela_content_width":"","_citadela_half_layout_position":"","footnotes":""},"class_list":["post-2292","page","type-page","status-publish","hentry"],"_links":{"self":[{"href":"https:\/\/www.sclerodermie.ch\/fr\/wp-json\/wp\/v2\/pages\/2292","targetHints":{"allow":["GET"]}}],"collection":[{"href":"https:\/\/www.sclerodermie.ch\/fr\/wp-json\/wp\/v2\/pages"}],"about":[{"href":"https:\/\/www.sclerodermie.ch\/fr\/wp-json\/wp\/v2\/types\/page"}],"author":[{"embeddable":true,"href":"https:\/\/www.sclerodermie.ch\/fr\/wp-json\/wp\/v2\/users\/1"}],"replies":[{"embeddable":true,"href":"https:\/\/www.sclerodermie.ch\/fr\/wp-json\/wp\/v2\/comments?post=2292"}],"version-history":[{"count":38,"href":"https:\/\/www.sclerodermie.ch\/fr\/wp-json\/wp\/v2\/pages\/2292\/revisions"}],"predecessor-version":[{"id":3841,"href":"https:\/\/www.sclerodermie.ch\/fr\/wp-json\/wp\/v2\/pages\/2292\/revisions\/3841"}],"wp:attachment":[{"href":"https:\/\/www.sclerodermie.ch\/fr\/wp-json\/wp\/v2\/media?parent=2292"}],"curies":[{"name":"wp","href":"https:\/\/api.w.org\/{rel}","templated":true}]}}