{"id":2319,"date":"2024-06-06T12:19:06","date_gmt":"2024-06-06T10:19:06","guid":{"rendered":"https:\/\/new3.sclerodermie.ch\/?page_id=2319"},"modified":"2025-03-16T22:04:30","modified_gmt":"2025-03-16T21:04:30","slug":"partenaires","status":"publish","type":"page","link":"https:\/\/www.sclerodermie.ch\/fr\/partenaires\/","title":{"rendered":"Partenaires"},"content":{"rendered":"\n<div class=\"wp-block-citadela-blocks-custom-container citadela-block-custom-container size-wide bg-type-none inside-space-none\"><div class=\"inner-holder\">\n<div style=\"height:100px\" aria-hidden=\"true\" class=\"wp-block-spacer\"><\/div>\n\n\n<div style=\"--bb--crumb-gap:.4em; font-style:normal;font-weight:600;\" class=\"hide-home-page wp-block-boldblocks-breadcrumb-block has-large-font-size\"><nav role=\"navigation\" aria-label=\"Breadcrumbs\" class=\"breadcrumb\"><ol class=\"breadcrumb-items\"><li class=\"breadcrumb-item breadcrumb-item--current breadcrumb-item--home\"><span class=\"breadcrumb-item-name\">Home<\/span><\/li><\/ol><\/nav><\/div>\n\n\n<hr class=\"wp-block-separator has-alpha-channel-opacity is-style-wide\"\/>\n\n\n\n<div class=\"wp-block-stackable-feature-grid alignwide stk-block-feature-grid stk-block-columns stk-block stk-d26413c is-style-default\" data-block-id=\"d26413c\"><div class=\"stk-row stk-inner-blocks has-text-align-center stk-block-content stk-content-align stk-d26413c-column alignwide\">\n<div class=\"wp-block-stackable-column stk-block-column stk-column stk-block stk-4377b55\" data-v=\"4\" data-block-id=\"4377b55\"><div class=\"stk-column-wrapper stk-block-column__content stk-container stk-4377b55-container stk-hover-parent\"><div class=\"stk-block-content stk-inner-blocks stk-4377b55-inner-blocks\">\n<div class=\"wp-block-stackable-image stk-block-image stk-block stk-c5f90b7\" data-block-id=\"c5f90b7\"><figure><a class=\"stk-link\" href=\"https:\/\/www.sclerodermie.ch\/partenaires\/la-fesca\/\"><span class=\"stk-img-wrapper stk-image--shape-stretch\"><img loading=\"lazy\" decoding=\"async\" class=\"stk-img wp-image-2083\" src=\"https:\/\/www.sclerodermie.ch\/wp-content\/uploads\/2024\/06\/FESCA_logo.png\" width=\"150\" height=\"300\"\/><\/span><\/a><\/figure><\/div>\n\n\n\n<div class=\"wp-block-stackable-heading stk-block-heading stk-block-heading--v2 stk-block stk-761cce2\" id=\"la-federation-des-associations-europeennes-de-la-sclerodermie-fesca\" data-block-id=\"761cce2\"><style>.stk-761cce2 {margin-bottom:10px !important;}<\/style><h4 class=\"stk-block-heading__text\">La F\u00e9d\u00e9ration des associations europ\u00e9ennes de la scl\u00e9rodermie (FESCA)<\/h4><\/div>\n\n\n\n<p>La FESCA, fond\u00e9e en 2007, f\u00e9d\u00e8re 26 associations de 20 pays pour soutenir les patients atteints de scl\u00e9rodermie et promouvoir la recherche et l\u2019information.<\/p>\n\n\n\n<div class=\"wp-block-stackable-button-group stk-block-button-group stk-block stk-30b1e7d\" data-block-id=\"30b1e7d\"><div class=\"stk-row stk-inner-blocks stk-block-content stk-button-group\">\n<div class=\"wp-block-stackable-button stk-block-button is-style-plain stk-block stk-63a6f6b\" data-block-id=\"63a6f6b\"><style>.stk-63a6f6b .stk-button{background:transparent !important;}.stk-63a6f6b .stk-button__inner-text{color:#ff6900 !important;}<\/style><a class=\"stk-link stk-button stk--hover-effect-darken\" href=\"https:\/\/www.sclerodermie.ch\/partenaires\/la-fesca\/\"><span class=\"has-text-color stk-button__inner-text\">En savoir plus<\/span><\/a><\/div>\n<\/div><\/div>\n<\/div><\/div><\/div>\n\n\n\n<div class=\"wp-block-stackable-column stk-block-column stk-column stk-block stk-9dd0d4f\" data-v=\"4\" data-block-id=\"9dd0d4f\"><div class=\"stk-column-wrapper stk-block-column__content stk-container stk-9dd0d4f-container stk-hover-parent\"><div class=\"stk-block-content stk-inner-blocks stk-9dd0d4f-inner-blocks\">\n<div class=\"wp-block-stackable-image stk-block-image stk-block stk-03b1aa2\" data-block-id=\"03b1aa2\"><figure><a class=\"stk-link\" href=\"https:\/\/www.sclerodermie.ch\/partenaires\/la-ligue-suisse-contre-le-rhumatisme\/\"><span class=\"stk-img-wrapper stk-image--shape-stretch\"><img loading=\"lazy\" decoding=\"async\" class=\"stk-img wp-image-2094\" src=\"https:\/\/www.sclerodermie.ch\/wp-content\/uploads\/2024\/06\/rheumaliga_og_fr-e1717405417805.jpg\" width=\"150\" height=\"300\"\/><\/span><\/a><\/figure><\/div>\n\n\n\n<div class=\"wp-block-stackable-heading stk-block-heading stk-block-heading--v2 stk-block stk-7ebf7d3\" id=\"la-ligue-suisse-contre-le-rhumatisme-lsv\" data-block-id=\"7ebf7d3\"><h4 class=\"stk-block-heading__text\">La Ligue suisse contre le rhumatisme (LSV)<\/h4><\/div>\n\n\n\n<p>La Ligue suisse contre le rhumatisme, fond\u00e9e en 1958, regroupe 20 ligues et 5 associations pour pr\u00e9venir, informer et aider les patients atteints de rhumatismes.<\/p>\n\n\n\n<div class=\"wp-block-stackable-button-group stk-block-button-group stk-block stk-1116d2b\" data-block-id=\"1116d2b\"><div class=\"stk-row stk-inner-blocks stk-block-content stk-button-group\">\n<div class=\"wp-block-stackable-button stk-block-button is-style-plain stk-block stk-c918248\" data-block-id=\"c918248\"><style>.stk-c918248 .stk-button{background:transparent !important;}.stk-c918248 .stk-button__inner-text{color:#ff6900 !important;}<\/style><a class=\"stk-link stk-button stk--hover-effect-darken\" href=\"https:\/\/www.sclerodermie.ch\/partenaires\/la-ligue-suisse-contre-le-rhumatisme\/\"><span class=\"has-text-color stk-button__inner-text\">En savoir plus<\/span><\/a><\/div>\n<\/div><\/div>\n<\/div><\/div><\/div>\n\n\n\n<div class=\"wp-block-stackable-column stk-block-column stk-column stk-block stk-653e3fd\" data-v=\"4\" data-block-id=\"653e3fd\"><div class=\"stk-column-wrapper stk-block-column__content stk-container stk-653e3fd-container stk-hover-parent\"><div class=\"stk-block-content stk-inner-blocks stk-653e3fd-inner-blocks\">\n<div class=\"wp-block-stackable-image stk-block-image stk-block stk-06f8d0e\" data-block-id=\"06f8d0e\"><style>.stk-06f8d0e {margin-bottom:50px !important;}<\/style><figure><a class=\"stk-link\" href=\"https:\/\/www.sclerodermie.ch\/partenaires\/lassociation-suisse-des-fibromyalgiques\/\"><span class=\"stk-img-wrapper stk-image--shape-stretch\"><img loading=\"lazy\" decoding=\"async\" class=\"stk-img wp-image-3273\" src=\"https:\/\/www.sclerodermie.ch\/wp-content\/uploads\/2024\/12\/ASFM.png\" width=\"150\" height=\"300\"\/><\/span><\/a><\/figure><\/div>\n\n\n\n<div class=\"wp-block-stackable-heading stk-block-heading stk-block-heading--v2 stk-block stk-7143a50\" id=\"l-association-suisse-des-fibromyalgiques-asfm\" data-block-id=\"7143a50\"><style>.stk-7143a50 {margin-bottom:15px !important;}<\/style><h4 class=\"stk-block-heading__text\">L&rsquo;Association Suisse des Fibromyalgiques (ASFM)<\/h4><\/div>\n\n\n\n<p>Fond\u00e9e en 1997, l&rsquo;ASFM soutient les personnes atteintes de fibromyalgie via actions et \u00e9changes. Elle milite pour la reconnaissance de cette maladie en Suisse, malgr\u00e9 son faible soutien par l&rsquo;AI.<\/p>\n\n\n\n<div class=\"wp-block-stackable-button-group stk-block-button-group stk-block stk-6351da7\" data-block-id=\"6351da7\"><div class=\"stk-row stk-inner-blocks stk-block-content stk-button-group\">\n<div class=\"wp-block-stackable-button stk-block-button is-style-plain stk-block stk-79f0738\" data-block-id=\"79f0738\"><style>.stk-79f0738 .stk-button{background:transparent !important;}.stk-79f0738 .stk-button__inner-text{color:#ff6900 !important;}<\/style><a class=\"stk-link stk-button stk--hover-effect-darken\" href=\"https:\/\/www.sclerodermie.ch\/partenaires\/lassociation-suisse-des-fibromyalgiques\/\"><span class=\"has-text-color stk-button__inner-text\">En savoir plus<\/span><\/a><\/div>\n<\/div><\/div>\n<\/div><\/div><\/div>\n<\/div><\/div>\n<\/div><\/div>\n\n\n\n<div class=\"wp-block-citadela-blocks-custom-container citadela-block-custom-container size-wide bg-type-color inside-space-zero has-bg\" style=\"background-color:rgba(238, 113, 37, 1)\"><div class=\"inner-holder\">\n<div class=\"wp-block-columns alignwide are-vertically-aligned-center has-3-columns has-white-color has-text-color has-link-color wp-elements-6bb8fe760e257e423d82783bd40d9594 is-layout-flex wp-container-core-columns-is-layout-9d6595d7 wp-block-columns-is-layout-flex\">\n<div class=\"wp-block-column is-vertically-aligned-center is-layout-flow wp-block-column-is-layout-flow\">\n<div class=\"wp-block-citadela-blocks-service citadela-block-service main-holder layout-box header-type-icon standard\"><div class=\"service-header\"><div class=\"service-icon\"><a href=\"https:\/\/www.sclerodermie.ch\/contact\/\" target=\"_blank\" rel=\"noopener noreferrer\"><i class=\"fas fa-at\" style=\"color:#ffffff\"><\/i><\/a><\/div><\/div><div class=\"service-content\"><div class=\"service-content-wrap\"><a href=\"https:\/\/www.sclerodermie.ch\/contact\/\" target=\"_blank\" rel=\"noopener noreferrer\"><h3 class=\"service-title\" style=\"color:#ffffff\">NOUS ECRIRE<\/h3><\/a><p class=\"service-description\" style=\"color:#ffffff\">info@sclerodermie.ch<br\/>sclerodermie.ch<br\/>3000 Berne <\/p><\/div><\/div><\/div>\n<\/div>\n\n\n\n<div class=\"wp-block-column is-vertically-aligned-center is-layout-flow wp-block-column-is-layout-flow\">\n<div class=\"wp-block-citadela-blocks-service citadela-block-service main-holder layout-box header-type-icon standard\"><div class=\"service-header\"><div class=\"service-icon\"><i class=\"fas fa-phone\" style=\"color:#ffffff\"><\/i><\/div><\/div><div class=\"service-content\"><div class=\"service-content-wrap\"><h3 class=\"service-title\" style=\"color:#ffffff\">NOUS APPELER<\/h3><p class=\"service-description\" style=\"color:#ffffff\"><strong>077 469 75 58 \u2013 Fran\u00e7ais<br\/>077 502 18 68 \u2013 Deutsch<br\/>077 501 67 59 \u2013 Italiano <\/strong><\/p><\/div><\/div><\/div>\n<\/div>\n\n\n\n<div class=\"wp-block-column is-vertically-aligned-center is-layout-flow wp-block-column-is-layout-flow\">\n<div class=\"wp-block-citadela-blocks-service citadela-block-service main-holder layout-box header-type-icon standard\"><div class=\"service-header\"><div class=\"service-icon\"><i class=\"fas fa-piggy-bank\" style=\"color:#ffffff\"><\/i><\/div><\/div><div class=\"service-content\"><div class=\"service-content-wrap\"><h3 class=\"service-title\" style=\"color:#ffffff\">NOUS SOUTENIR<\/h3><p class=\"service-description\" style=\"color:#ffffff\">Compte postal : 12-864923-6 CHF<br\/>Code BIC : POFICHBEXXX<br\/>IBAN : CH47 0900 0000 1286 4923 6<\/p><\/div><\/div><\/div>\n<\/div>\n<\/div>\n<\/div><\/div>\n","protected":false},"excerpt":{"rendered":"","protected":false},"author":1,"featured_media":0,"parent":0,"menu_order":3,"comment_status":"closed","ping_status":"closed","template":"","meta":{"_citadela_hide_page_title":"1","_citadela_remove_header_space":"1","_citadela_custom_class":"","_citadela_half_map_provider":"","_citadela_half_map_theme":"","_citadela_half_map_themeOSM":"","_citadela_half_map_customTheme":"","_citadela_half_map_dataType":"","_citadela_half_map_dynamicTrack":false,"_citadela_half_map_trackColor":"","_citadela_half_map_trackEndpointsColor":"","_citadela_half_map_filterCategory":"","_citadela_half_map_filterLocation":"","_citadela_half_map_filterFeatured":false,"_citadela_half_map_noDataBehavior":"empty-map","_citadela_half_map_noDataText":"","_citadela_half_map_clusterGridSize":80,"_citadela_header":false,"_citadela_header_over_content":false,"_citadela_header_text_color":"","_citadela_header_logo":[],"_citadela_header_bg_image":[],"_citadela_header_bg_position":{"x":0.5,"y":0.5},"_citadela_header_bg_size":"cover","_citadela_header_bg_repeat":"no-repeat","_citadela_header_bg_fixed":false,"_citadela_header_bg_color":"","_citadela_header_bg_image_overlay":"","_citadela_header_transparent_bg":false,"_citadela_content_width":"","_citadela_half_layout_position":"","footnotes":""},"class_list":["post-2319","page","type-page","status-publish","hentry"],"_links":{"self":[{"href":"https:\/\/www.sclerodermie.ch\/fr\/wp-json\/wp\/v2\/pages\/2319","targetHints":{"allow":["GET"]}}],"collection":[{"href":"https:\/\/www.sclerodermie.ch\/fr\/wp-json\/wp\/v2\/pages"}],"about":[{"href":"https:\/\/www.sclerodermie.ch\/fr\/wp-json\/wp\/v2\/types\/page"}],"author":[{"embeddable":true,"href":"https:\/\/www.sclerodermie.ch\/fr\/wp-json\/wp\/v2\/users\/1"}],"replies":[{"embeddable":true,"href":"https:\/\/www.sclerodermie.ch\/fr\/wp-json\/wp\/v2\/comments?post=2319"}],"version-history":[{"count":29,"href":"https:\/\/www.sclerodermie.ch\/fr\/wp-json\/wp\/v2\/pages\/2319\/revisions"}],"predecessor-version":[{"id":3826,"href":"https:\/\/www.sclerodermie.ch\/fr\/wp-json\/wp\/v2\/pages\/2319\/revisions\/3826"}],"wp:attachment":[{"href":"https:\/\/www.sclerodermie.ch\/fr\/wp-json\/wp\/v2\/media?parent=2319"}],"curies":[{"name":"wp","href":"https:\/\/api.w.org\/{rel}","templated":true}]}}