{"id":3486,"date":"2024-12-09T22:14:58","date_gmt":"2024-12-09T21:14:58","guid":{"rendered":"https:\/\/new3.sclerodermie.ch\/?page_id=3486"},"modified":"2026-02-24T10:24:05","modified_gmt":"2026-02-24T09:24:05","slug":"adresses-utiles","status":"publish","type":"page","link":"https:\/\/www.sclerodermie.ch\/fr\/la-maladie\/adresses-utiles\/","title":{"rendered":"Adresses utiles"},"content":{"rendered":"\n<div class=\"wp-block-citadela-blocks-custom-container citadela-block-custom-container size-wide bg-type-none inside-space-none\"><div class=\"inner-holder\">\n<div style=\"height:100px\" aria-hidden=\"true\" class=\"wp-block-spacer\"><\/div>\n\n\n<div style=\"--bb--crumb-gap:.4em; font-style:normal;font-weight:600;\" class=\"hide-home-page wp-block-boldblocks-breadcrumb-block has-large-font-size\"><nav role=\"navigation\" aria-label=\"Breadcrumbs\" class=\"breadcrumb\"><ol class=\"breadcrumb-items\"><li class=\"breadcrumb-item breadcrumb-item--current breadcrumb-item--home\"><span class=\"breadcrumb-item-name\">Home<\/span><\/li><\/ol><\/nav><\/div>\n\n\n<hr class=\"wp-block-separator has-alpha-channel-opacity is-style-wide\"\/>\n\n\n\n<div class=\"wp-block-stackable-tabs stk-block-tabs stk-block stk-717d7a6 stk-block-background\" data-initial-tab=\"1\" data-block-id=\"717d7a6\"><style>.stk-717d7a6 .stk-block-tab-content .stk-block-content .stk-block-column[hidden]{display:none !important;}.stk-717d7a6 {background-color:#ffffff !important;}.stk-717d7a6:before{background-color:#ffffff !important;}<\/style><div class=\"stk-row stk-inner-blocks stk-block-content stk-block-tabs--horizontal stk-block-tabs--fade stk-content-align stk-717d7a6-column\">\n<div class=\"wp-block-stackable-tab-labels stk-block-tab-labels stk-block stk-b629319\" data-block-id=\"b629319\"><style>.stk-b629319 .stk-block-tabs__tab{color:#999999 !important;border-style:solid !important;border-color:transparent !important;border-top-width:0px !important;border-right-width:0px !important;border-bottom-width:2px !important;border-left-width:0px !important;}.stk-b629319 .stk-block-tabs__tab.stk-block-tabs__tab--active .stk-block-tab-labels__text{color:#000000 !important;}.stk-b629319 {overflow:hidden !important;box-shadow:inset 0px -1px 0px 0px #0000001a !important;}.stk-b629319 .stk-block-tab-labels__text{color:#999999 !important;}.stk-b629319 .stk-block-tabs__tab .stk--inner-svg svg:last-child, .stk-b629319 .stk-block-tabs__tab .stk--inner-svg svg:last-child :is(g, path, rect, polygon, ellipse){fill:#909090 !important;}.stk-b629319 .stk-block-tabs__tab:not(.stk-block-tabs__tab--active):hover .stk--inner-svg svg:last-child, .stk-b629319 .stk-block-tabs__tab:not(.stk-block-tabs__tab--active):hover .stk--inner-svg svg:last-child :is(g, path, rect, polygon, ellipse){fill:#909090 !important;}.stk-b629319 .stk-block-tabs__tab.stk-block-tabs__tab--active{border-color:#000000 !important;}.stk-b629319 .stk-block-tabs__tab.stk-block-tabs__tab--active .stk--inner-svg svg:last-child, .stk-b629319 .stk-block-tabs__tab.stk-block-tabs__tab--active .stk--inner-svg svg:last-child :is(g, path, rect, polygon, ellipse){fill:#000000 !important;}.stk-b629319 .stk-block-tabs__tab.stk-block-tabs__tab--active:hover .stk--inner-svg svg:last-child, .stk-b629319 .stk-block-tabs__tab.stk-block-tabs__tab--active:hover .stk--inner-svg svg:last-child :is(g, path, rect, polygon, ellipse){fill:#000000 !important;}<\/style><div class=\"stk-block-tab-labels__wrapper\" role=\"tablist\"><button class=\"stk-block-tabs__tab\" role=\"tab\"><span class=\"stk--svg-wrapper\"><div class=\"stk--inner-svg\"><svg style=\"height:0;width:0\"><defs><linearGradient id=\"linear-gradient-b629319\" x1=\"0\" x2=\"100%\" y1=\"0\" y2=\"0\"><stop offset=\"0%\" style=\"stop-opacity:1;stop-color:var(--linear-gradient-b-629319-color-1)\"><\/stop><stop offset=\"100%\" style=\"stop-opacity:1;stop-color:var(--linear-gradient-b-629319-color-2)\"><\/stop><\/linearGradient><\/defs><\/svg><svg xmlns=\"http:\/\/www.w3.org\/2000\/svg\" viewBox=\"0 0 512 512\" aria-hidden=\"true\" width=\"32\" height=\"32\"><path d=\"M352 256c0 22.2-1.2 43.6-3.3 64H163.3c-2.2-20.4-3.3-41.8-3.3-64s1.2-43.6 3.3-64H348.7c2.2 20.4 3.3 41.8 3.3 64zm28.8-64H503.9c5.3 20.5 8.1 41.9 8.1 64s-2.8 43.5-8.1 64H380.8c2.1-20.6 3.2-42 3.2-64s-1.1-43.4-3.2-64zm112.6-32H376.7c-10-63.9-29.8-117.4-55.3-151.6c78.3 20.7 142 77.5 171.9 151.6zm-149.1 0H167.7c6.1-36.4 15.5-68.6 27-94.7c10.5-23.6 22.2-40.7 33.5-51.5C239.4 3.2 248.7 0 256 0s16.6 3.2 27.8 13.8c11.3 10.8 23 27.9 33.5 51.5c11.6 26 20.9 58.2 27 94.7zm-209 0H18.6C48.6 85.9 112.2 29.1 190.6 8.4C165.1 42.6 145.3 96.1 135.3 160zM8.1 192H131.2c-2.1 20.6-3.2 42-3.2 64s1.1 43.4 3.2 64H8.1C2.8 299.5 0 278.1 0 256s2.8-43.5 8.1-64zM194.7 446.6c-11.6-26-20.9-58.2-27-94.6H344.3c-6.1 36.4-15.5 68.6-27 94.6c-10.5 23.6-22.2 40.7-33.5 51.5C272.6 508.8 263.3 512 256 512s-16.6-3.2-27.8-13.8c-11.3-10.8-23-27.9-33.5-51.5zM135.3 352c10 63.9 29.8 117.4 55.3 151.6C112.2 482.9 48.6 426.1 18.6 352H135.3zm358.1 0c-30 74.1-93.6 130.9-171.9 151.6c25.5-34.2 45.2-87.7 55.3-151.6H493.4z\"\/><\/svg><\/div><\/span><div class=\"stk-block-tab-labels__text\"><span>Associations pour la scl\u00e9rodermie<\/span><\/div><\/button><button class=\"stk-block-tabs__tab\" role=\"tab\"><span class=\"stk--svg-wrapper\"><div class=\"stk--inner-svg\"><svg style=\"height:0;width:0\"><defs><linearGradient id=\"linear-gradient-b629319\" x1=\"0\" x2=\"100%\" y1=\"0\" y2=\"0\"><stop offset=\"0%\" style=\"stop-opacity:1;stop-color:var(--linear-gradient-b-629319-color-1)\"><\/stop><stop offset=\"100%\" style=\"stop-opacity:1;stop-color:var(--linear-gradient-b-629319-color-2)\"><\/stop><\/linearGradient><\/defs><\/svg><svg xmlns=\"http:\/\/www.w3.org\/2000\/svg\" viewBox=\"0 0 512 512\" aria-hidden=\"true\" width=\"32\" height=\"32\"><path d=\"M352 256c0 22.2-1.2 43.6-3.3 64H163.3c-2.2-20.4-3.3-41.8-3.3-64s1.2-43.6 3.3-64H348.7c2.2 20.4 3.3 41.8 3.3 64zm28.8-64H503.9c5.3 20.5 8.1 41.9 8.1 64s-2.8 43.5-8.1 64H380.8c2.1-20.6 3.2-42 3.2-64s-1.1-43.4-3.2-64zm112.6-32H376.7c-10-63.9-29.8-117.4-55.3-151.6c78.3 20.7 142 77.5 171.9 151.6zm-149.1 0H167.7c6.1-36.4 15.5-68.6 27-94.7c10.5-23.6 22.2-40.7 33.5-51.5C239.4 3.2 248.7 0 256 0s16.6 3.2 27.8 13.8c11.3 10.8 23 27.9 33.5 51.5c11.6 26 20.9 58.2 27 94.7zm-209 0H18.6C48.6 85.9 112.2 29.1 190.6 8.4C165.1 42.6 145.3 96.1 135.3 160zM8.1 192H131.2c-2.1 20.6-3.2 42-3.2 64s1.1 43.4 3.2 64H8.1C2.8 299.5 0 278.1 0 256s2.8-43.5 8.1-64zM194.7 446.6c-11.6-26-20.9-58.2-27-94.6H344.3c-6.1 36.4-15.5 68.6-27 94.6c-10.5 23.6-22.2 40.7-33.5 51.5C272.6 508.8 263.3 512 256 512s-16.6-3.2-27.8-13.8c-11.3-10.8-23-27.9-33.5-51.5zM135.3 352c10 63.9 29.8 117.4 55.3 151.6C112.2 482.9 48.6 426.1 18.6 352H135.3zm358.1 0c-30 74.1-93.6 130.9-171.9 151.6c25.5-34.2 45.2-87.7 55.3-151.6H493.4z\"\/><\/svg><\/div><\/span><div class=\"stk-block-tab-labels__text\"><span>Autres ressources utiles<\/span><\/div><\/button><\/div><\/div>\n\n\n\n<div class=\"wp-block-stackable-tab-content stk-block-tab-content stk-block stk-a987a1e stk-block-background\" data-block-id=\"a987a1e\"><style>.stk-a987a1e {background-color:#ffffff !important;}.stk-a987a1e:before{background-color:#ffffff !important;}<\/style><div class=\"stk-row stk-inner-blocks has-text-align-left stk-block-content stk-content-align stk-a987a1e-column\">\n<div class=\"wp-block-stackable-column stk-block-column stk-column stk-block stk-dd4df00\" data-v=\"4\" role=\"tabpanel\" data-block-id=\"dd4df00\"><div class=\"stk-column-wrapper stk-block-column__content stk-container stk-dd4df00-container stk--no-background stk--no-padding\"><div class=\"stk-block-content stk-inner-blocks stk-dd4df00-inner-blocks\">\n<figure class=\"wp-block-table is-style-stripes\"><table><thead><tr><th><strong><span style=\"color: #ff6900;\" class=\"stk-highlight\">Pays<\/span><\/strong><\/th><th><strong><span style=\"color: #ff6900;\" class=\"stk-highlight\">Nom de l&rsquo;association<\/span><\/strong> <\/th><th><strong><span style=\"color: #ff6900;\" class=\"stk-highlight\">Lien<\/span><\/strong><\/th><\/tr><\/thead><tbody><tr><td><strong>Allemagne<\/strong><\/td><td>Sklerodermie Selbsthilfe e.V.<\/td><td><a href=\"http:\/\/www.sklerodermie-sh.de\/\" target=\"_blank\" rel=\"noreferrer noopener\">www.sklerodermie-sh.de<\/a><\/td><\/tr><tr><td><\/td><td>Scleroderma Liga e.V.<\/td><td><a href=\"https:\/\/www.scleroliga.de\" target=\"_blank\" rel=\"noreferrer noopener\">www.scleroliga.de<\/a><\/td><\/tr><tr><td><strong>Autriche<\/strong><\/td><td>Selbsthilfe e.V.<\/td><td><a href=\"mailto:selbsthilfe.sklerodermie@gmail.com\" target=\"_blank\" rel=\"noreferrer noopener\">selbsthilfe.sklerodermie@gmail.com<\/a><\/td><\/tr><tr><td><strong>Belgique<\/strong><\/td><td>CIB-Liga vzw<\/td><td><a href=\"https:\/\/www.cibliga.be\/\" target=\"_blank\" rel=\"noreferrer noopener\">www.cibliga.be<\/a><\/td><\/tr><tr><td><\/td><td>A.P.S.B. asbl<\/td><td><a href=\"https:\/\/sclerodermie.be\/\" target=\"_blank\" rel=\"noreferrer noopener\">www.sclerodermie.be<\/a><\/td><\/tr><tr><td><strong>Croatie<\/strong><\/td><td>HUOS<\/td><td><a href=\"https:\/\/huos.hr\/\" target=\"_blank\" rel=\"noreferrer noopener\">www.huos.hr<\/a><\/td><\/tr><tr><td><strong>Chypre<\/strong><\/td><td>Cyprus League against Rheumatism<\/td><td><a href=\"http:\/\/rheumatism.org.cy\/\" target=\"_blank\" rel=\"noreferrer noopener\">www.rheumatism.org.cy<\/a><\/td><\/tr><tr><td><strong>Danemark<\/strong><\/td><td>Dansk Sklerodermi og Raynaud Forening<\/td><td><a href=\"http:\/\/www.sklerodermi.dk\/\">www.skle<\/a><a href=\"http:\/\/www.sklerodermi.dk\/\" target=\"_blank\" rel=\"noreferrer noopener\">rodermi.dk<\/a><\/td><\/tr><tr><td><strong>Espagne<\/strong><\/td><td>A.E.E.<\/td><td><a href=\"http:\/\/www.esclerodermia.com\/\" target=\"_blank\" rel=\"noreferrer noopener\">www.esclerodermia.com<\/a><\/td><\/tr><tr><td><strong>Finlande<\/strong><\/td><td>Finnish Scleroderma-Group<\/td><td><a href=\"http:\/\/www.sklero.org\/\" target=\"_blank\" rel=\"noreferrer noopener\">www.sklero.org<\/a><\/td><\/tr><tr><td><strong>France<\/strong><\/td><td>ASF<\/td><td><a href=\"http:\/\/www.association-sclerodermie.fr\/\" target=\"_blank\" rel=\"noreferrer noopener\">www.association-sclerodermie.fr<\/a><\/td><\/tr><tr><td><strong>Grande Bretagne<\/strong><\/td><td>Scleroderma &amp; Raynaud&rsquo;s UK<\/td><td><a href=\"http:\/\/www.sruk.co.uk\/\" target=\"_blank\" rel=\"noreferrer noopener\">www.sruk.co.uk<\/a><\/td><\/tr><tr><td><\/td><td><\/td><td><\/td><\/tr><tr><td><strong>Hongrie<\/strong><\/td><td>Hungarian Scleroderma Association<\/td><td><a href=\"http:\/\/www.szkleroderma.hu\/\" target=\"_blank\" rel=\"noreferrer noopener\">www.szkleroderma.hu<\/a><\/td><\/tr><tr><td><strong>Isra\u00ebl<\/strong><\/td><td>INBAR<\/td><td><a href=\"http:\/\/www.inbar.org.il\/\" target=\"_blank\" rel=\"noreferrer noopener\">www.inbar.org.il<\/a><\/td><\/tr><tr><td><strong>Italie<\/strong><\/td><td>AILS<\/td><td><a href=\"http:\/\/www.ails.it\/\" target=\"_blank\" rel=\"noreferrer noopener\">www.ails.it<\/a><\/td><\/tr><tr><td><\/td><td>ASSMAF<\/td><td><a href=\"https:\/\/assmaf.it\/\" target=\"_blank\" rel=\"noreferrer noopener\">www.assmaf.org<\/a><\/td><\/tr><tr><td><\/td><td>APMAR<\/td><td><a href=\"https:\/\/www.apmarr.it\/\" target=\"_blank\" rel=\"noreferrer noopener\">www.apmar.it<\/a><\/td><\/tr><tr><td><\/td><td>GILS<\/td><td><a href=\"https:\/\/www.sclerodermia.net\/\" target=\"_blank\" rel=\"noreferrer noopener\">www.sclerodermia.net<\/a><\/td><\/tr><tr><td><strong>Norv\u00e8ge<\/strong><\/td><td>Norsk Revmatikerforbund<\/td><td><a href=\"https:\/\/www.revmatiker.no\/\" target=\"_blank\" rel=\"noreferrer noopener\">www.revmatiker.no<\/a><\/td><\/tr><tr><td><strong>Pays-Bas<\/strong><\/td><td>NVLE<\/td><td><a href=\"https:\/\/nvle.org\/\" target=\"_blank\" rel=\"noreferrer noopener\">www.nvle.org<\/a><\/td><\/tr><tr><td><strong>Portugal<\/strong><\/td><td>Associa\u00e7\u00e3o Portuguesa de Doentes com Esclerodermia<\/td><td><a href=\"https:\/\/www.reumatologia.org.br\/doencas-reumaticas\/esclerodermia\/\" target=\"_blank\" rel=\"noreferrer noopener\">www.esclerodermia.pt\/apde<\/a><\/td><\/tr><tr><td><\/td><td>Portuguese League Againt Rheumatic Diseases<\/td><td><a href=\"https:\/\/www.lpcdr.org.pt\/\" target=\"_blank\" rel=\"noreferrer noopener\">www.lpcdr.org.pt<\/a><\/td><\/tr><tr><td><strong>R\u00e9publique Tch\u00e8que<\/strong><\/td><td>Revma liga (CZELAR)<\/td><td><a href=\"http:\/\/www.revmaliga.cz\/\" target=\"_blank\" rel=\"noreferrer noopener\">www.revmaliga.cz<\/a><\/td><\/tr><tr><td><strong>Roumanie<\/strong><\/td><td>Asociatia Pacientilor cu Sclerodermie din Romania<\/td><td><a href=\"http:\/\/www.sclerodermie.ro\/\" target=\"_blank\" rel=\"noreferrer noopener\">www.sclerodermie.ro<\/a><\/td><\/tr><tr><td><strong>Su\u00e8de<\/strong><\/td><td>Swedish Rheumatism Association<\/td><td><a href=\"https:\/\/reumatiker.se\/\" target=\"_blank\" rel=\"noreferrer noopener\">www.reumatikerforbundet.org<\/a><\/td><\/tr><tr><td><strong>Suisse<\/strong><\/td><td>sclerodermie.ch<\/td><td><a href=\"https:\/\/www.sclerodermie.ch\/\" target=\"_blank\" rel=\"noreferrer noopener\">www.sclerodermie.ch<\/a><\/td><\/tr><\/tbody><\/table><\/figure>\n<\/div><\/div><\/div>\n\n\n\n<div class=\"wp-block-stackable-column stk-block-column stk-column stk-block stk-14878e6\" data-v=\"4\" role=\"tabpanel\" data-block-id=\"14878e6\"><div class=\"stk-column-wrapper stk-block-column__content stk-container stk-14878e6-container stk--no-background stk--no-padding\"><div class=\"stk-block-content stk-inner-blocks stk-14878e6-inner-blocks\">\n<figure class=\"wp-block-table is-style-stripes\"><table><thead><tr><th><span style=\"color: #ff6900;\" class=\"stk-highlight\"><strong>Nom de l&rsquo;organisme<\/strong><\/span><\/th><th><strong><span style=\"color: #ff6900;\" class=\"stk-highlight\">Lien<\/span><\/strong><\/th><\/tr><\/thead><tbody><tr><td>Association Suisse de l\u2019osteogenesis imperfecta<\/td><td><a href=\"http:\/\/www.glasknochen.ch\/\" target=\"_blank\" rel=\"noreferrer noopener\">www.glasknochen.ch<\/a><\/td><\/tr><tr><td>Association Suisse des fibromyagliques<\/td><td><a href=\"http:\/\/www.suisse-fibromyalgie.ch\/\" target=\"_blank\" rel=\"noreferrer noopener\">www.suisse-fibromyalgie.ch<\/a><\/td><\/tr><tr><td>Association Suisse des polyarthites<\/td><td><a href=\"http:\/\/www.arthritis.ch\/\" target=\"_blank\" rel=\"noreferrer noopener\">www.arthritis.ch<\/a><\/td><\/tr><tr><td>Association Suisse du Lupus Eryth\u00e9mateux<\/td><td><a href=\"http:\/\/lupus-suisse.ch\/Fran-ais\/\" target=\"_blank\" rel=\"noreferrer noopener\">lupus-sui<\/a><a href=\"http:\/\/lupus-suisse.ch\/Fran-ais\/\">sse.ch<\/a><\/td><\/tr><tr><td>Blog Dr Buslau &#8211; Scl\u00e9rodermie<\/td><td><a href=\"https:\/\/www.sklerodermie-aktuell.info\/blog-systemische-sklerodermie\" target=\"_blank\" rel=\"noreferrer noopener\">www.sklerodermie.ch<\/a><\/td><\/tr><tr><td>EUSTAR \u2013 Groupe de recherche europ\u00e9en<\/td><td><a href=\"http:\/\/eustar.org\/\" target=\"_blank\" rel=\"noreferrer noopener\">eustar.org<\/a><\/td><\/tr><tr><td>FESCA \u2013 F\u00e9d\u00e9ration Europ\u00e9enne des Associations<\/td><td><a href=\"https:\/\/fesca-scleroderma.eu\/\" target=\"_blank\" rel=\"noreferrer noopener\">www.fesca-scleroderma.eu<\/a><\/td><\/tr><tr><td>Orphanet (Maladies rares)<br>Registre des maladies rares en Suisse<\/td><td><a href=\"http:\/\/www.orphanet.ch\/\" target=\"_blank\" rel=\"noreferrer noopener\">www.orphanet.ch<\/a><br><a href=\"https:\/\/www.raredisease.ch\/fr\/le-registre-suisse-des-maldies-rares-rsmr\/\">www.raredi<\/a><a href=\"https:\/\/www.raredisease.ch\/fr\/le-registre-suisse-des-maldies-rares-rsmr\/\" target=\"_blank\" rel=\"noreferrer noopener\">sease.ch<\/a><\/td><\/tr><tr><td>Proraris (Association de patients isol\u00e9s)<\/td><td><a href=\"http:\/\/www.proraris.ch\/\" target=\"_blank\" rel=\"noreferrer noopener\">www.proraris.ch<\/a><\/td><\/tr><tr><td>Soci\u00e9t\u00e9 Suisse de la spondylarthrite ankylosante<\/td><td><a href=\"http:\/\/www.bechterew.ch\/\" target=\"_blank\" rel=\"noreferrer noopener\">www.bechterew.ch&nbsp;<\/a><\/td><\/tr><tr><td>World Scleroderma Foundation<\/td><td><a href=\"http:\/\/www.worldsclerofound.org\/\" target=\"_blank\" rel=\"noreferrer noopener\">www.worldsclerofound.org<\/a><\/td><\/tr><\/tbody><\/table><\/figure>\n<\/div><\/div><\/div>\n<\/div><\/div>\n<\/div><\/div>\n<\/div><\/div>\n\n\n\n<div class=\"wp-block-citadela-blocks-custom-container citadela-block-custom-container size-wide bg-type-color inside-space-zero has-bg\" style=\"background-color:rgba(238, 113, 37, 1)\"><div class=\"inner-holder\">\n<div class=\"wp-block-columns alignwide are-vertically-aligned-center has-3-columns has-white-color has-text-color has-link-color wp-elements-6bb8fe760e257e423d82783bd40d9594 is-layout-flex wp-container-core-columns-is-layout-9d6595d7 wp-block-columns-is-layout-flex\">\n<div class=\"wp-block-column is-vertically-aligned-center is-layout-flow wp-block-column-is-layout-flow\">\n<div class=\"wp-block-citadela-blocks-service citadela-block-service main-holder layout-box header-type-icon standard\"><div class=\"service-header\"><div class=\"service-icon\"><a href=\"https:\/\/www.sclerodermie.ch\/contact\/\" target=\"_blank\" rel=\"noopener noreferrer\"><i class=\"fas fa-at\" style=\"color:#ffffff\"><\/i><\/a><\/div><\/div><div class=\"service-content\"><div class=\"service-content-wrap\"><a href=\"https:\/\/www.sclerodermie.ch\/contact\/\" target=\"_blank\" rel=\"noopener noreferrer\"><h3 class=\"service-title\" style=\"color:#ffffff\">NOUS ECRIRE<\/h3><\/a><p class=\"service-description\" style=\"color:#ffffff\">info@sclerodermie.ch<br\/>sclerodermie.ch<br\/>3000 Berne <\/p><\/div><\/div><\/div>\n<\/div>\n\n\n\n<div class=\"wp-block-column is-vertically-aligned-center is-layout-flow wp-block-column-is-layout-flow\">\n<div class=\"wp-block-citadela-blocks-service citadela-block-service main-holder layout-box header-type-icon standard\"><div class=\"service-header\"><div class=\"service-icon\"><i class=\"fas fa-phone\" style=\"color:#ffffff\"><\/i><\/div><\/div><div class=\"service-content\"><div class=\"service-content-wrap\"><h3 class=\"service-title\" style=\"color:#ffffff\">NOUS APPELER<\/h3><p class=\"service-description\" style=\"color:#ffffff\"><strong>077 469 75 58 \u2013 Fran\u00e7ais<br\/>077 502 18 68 \u2013 Deutsch<br\/>077 501 67 59 \u2013 Italiano <\/strong><\/p><\/div><\/div><\/div>\n<\/div>\n\n\n\n<div class=\"wp-block-column is-vertically-aligned-center is-layout-flow wp-block-column-is-layout-flow\">\n<div class=\"wp-block-citadela-blocks-service citadela-block-service main-holder layout-box header-type-icon standard\"><div class=\"service-header\"><div class=\"service-icon\"><i class=\"fas fa-piggy-bank\" style=\"color:#ffffff\"><\/i><\/div><\/div><div class=\"service-content\"><div class=\"service-content-wrap\"><h3 class=\"service-title\" style=\"color:#ffffff\">NOUS SOUTENIR<\/h3><p class=\"service-description\" style=\"color:#ffffff\">Compte postal : 12-864923-6 CHF<br\/>Code BIC : POFICHBEXXX<br\/>IBAN : CH47 0900 0000 1286 4923 6<\/p><\/div><\/div><\/div>\n<\/div>\n<\/div>\n<\/div><\/div>\n","protected":false},"excerpt":{"rendered":"","protected":false},"author":1,"featured_media":0,"parent":2271,"menu_order":6,"comment_status":"closed","ping_status":"closed","template":"","meta":{"_citadela_hide_page_title":"1","_citadela_remove_header_space":"1","_citadela_custom_class":"","_citadela_half_map_provider":"","_citadela_half_map_theme":"","_citadela_half_map_themeOSM":"","_citadela_half_map_customTheme":"","_citadela_half_map_dataType":"","_citadela_half_map_dynamicTrack":false,"_citadela_half_map_trackColor":"","_citadela_half_map_trackEndpointsColor":"","_citadela_half_map_filterCategory":"","_citadela_half_map_filterLocation":"","_citadela_half_map_filterFeatured":false,"_citadela_half_map_noDataBehavior":"empty-map","_citadela_half_map_noDataText":"","_citadela_half_map_clusterGridSize":80,"_citadela_header":false,"_citadela_header_over_content":false,"_citadela_header_text_color":"","_citadela_header_logo":[],"_citadela_header_bg_image":[],"_citadela_header_bg_position":{"x":0.5,"y":0.5},"_citadela_header_bg_size":"cover","_citadela_header_bg_repeat":"no-repeat","_citadela_header_bg_fixed":false,"_citadela_header_bg_color":"","_citadela_header_bg_image_overlay":"","_citadela_header_transparent_bg":false,"_citadela_content_width":"","_citadela_half_layout_position":"","footnotes":""},"class_list":["post-3486","page","type-page","status-publish","hentry"],"_links":{"self":[{"href":"https:\/\/www.sclerodermie.ch\/fr\/wp-json\/wp\/v2\/pages\/3486","targetHints":{"allow":["GET"]}}],"collection":[{"href":"https:\/\/www.sclerodermie.ch\/fr\/wp-json\/wp\/v2\/pages"}],"about":[{"href":"https:\/\/www.sclerodermie.ch\/fr\/wp-json\/wp\/v2\/types\/page"}],"author":[{"embeddable":true,"href":"https:\/\/www.sclerodermie.ch\/fr\/wp-json\/wp\/v2\/users\/1"}],"replies":[{"embeddable":true,"href":"https:\/\/www.sclerodermie.ch\/fr\/wp-json\/wp\/v2\/comments?post=3486"}],"version-history":[{"count":21,"href":"https:\/\/www.sclerodermie.ch\/fr\/wp-json\/wp\/v2\/pages\/3486\/revisions"}],"predecessor-version":[{"id":4788,"href":"https:\/\/www.sclerodermie.ch\/fr\/wp-json\/wp\/v2\/pages\/3486\/revisions\/4788"}],"up":[{"embeddable":true,"href":"https:\/\/www.sclerodermie.ch\/fr\/wp-json\/wp\/v2\/pages\/2271"}],"wp:attachment":[{"href":"https:\/\/www.sclerodermie.ch\/fr\/wp-json\/wp\/v2\/media?parent=3486"}],"curies":[{"name":"wp","href":"https:\/\/api.w.org\/{rel}","templated":true}]}}