{"id":3568,"date":"2024-12-11T08:23:07","date_gmt":"2024-12-11T07:23:07","guid":{"rendered":"https:\/\/new3.sclerodermie.ch\/?page_id=3568"},"modified":"2025-03-16T22:04:53","modified_gmt":"2025-03-16T21:04:53","slug":"la-fesca","status":"publish","type":"page","link":"https:\/\/www.sclerodermie.ch\/fr\/partenaires\/la-fesca\/","title":{"rendered":"La FESCA"},"content":{"rendered":"\n<div class=\"wp-block-citadela-blocks-custom-container citadela-block-custom-container size-wide bg-type-none inside-space-none\"><div class=\"inner-holder\">\n<div style=\"height:100px\" aria-hidden=\"true\" class=\"wp-block-spacer\"><\/div>\n\n\n<div style=\"--bb--crumb-gap:.4em; font-style:normal;font-weight:600;\" class=\"hide-home-page wp-block-boldblocks-breadcrumb-block has-large-font-size\"><nav role=\"navigation\" aria-label=\"Breadcrumbs\" class=\"breadcrumb\"><ol class=\"breadcrumb-items\"><li class=\"breadcrumb-item breadcrumb-item--current breadcrumb-item--home\"><span class=\"breadcrumb-item-name\">Home<\/span><\/li><\/ol><\/nav><\/div>\n\n\n<hr class=\"wp-block-separator has-alpha-channel-opacity is-style-wide\"\/>\n\n\n\n<div class=\"wp-block-stackable-columns alignwide stk-block-columns stk-block stk-08ba77d\" data-block-id=\"08ba77d\"><style>.stk-08ba77d-column{--stk-column-gap:48px !important;}<\/style><div class=\"stk-row stk-inner-blocks stk-block-content stk-content-align stk-08ba77d-column alignwide\">\n<div class=\"wp-block-stackable-column stk-block-column stk-column stk-block stk-000439b\" data-v=\"4\" data-block-id=\"000439b\"><style>.stk-000439b-inner-blocks{justify-content:center !important;}.stk-000439b-container{display:flex !important;}<\/style><div class=\"stk-column-wrapper stk-block-column__content stk-container stk-000439b-container stk--no-background stk--no-padding\"><div class=\"stk-block-content stk-inner-blocks stk-000439b-inner-blocks\">\n<p>La&nbsp;<strong><a href=\"http:\/\/www.fesca-scleroderma.eu\/\" target=\"_blank\" rel=\"noreferrer noopener\">FESCA<\/a><\/strong>&nbsp;est la&nbsp;<strong><a href=\"http:\/\/www.fesca-scleroderma.eu\/\" target=\"_blank\" rel=\"noreferrer noopener\">f\u00e9d\u00e9ration des associations europ\u00e9ennes de la scl\u00e9rodermie<\/a><\/strong>, un lien unique entre les groupes europ\u00e9ens de soutien dans l\u2019Union Europ\u00e9enne.&nbsp;<\/p>\n\n\n\n<p>Elle a \u00e9t\u00e9 fond\u00e9e en f\u00e9vrier 2007 et compte actuellement 26 associations membres et groupes de soutien aux patients de 20 pays: Allemagne, Autriche, Belgique, Chypre, Croatie, Danemark, Espagne, Finlande, France, Hongrie, Italie, Isra\u00ebl, Norv\u00e8ge, Pays-Bas, Portugal, R\u00e9publique tch\u00e8que, Roumanie, Royaume-Uni, Su\u00e8de et Suisse.<\/p>\n\n\n\n<p>Sa mission est de repr\u00e9senter les int\u00e9r\u00eats de celles et ceux qui sont atteints de scl\u00e9rodermie. Son but est de promouvoir l\u2019avancement des connaissances, de la recherche et de l\u2019information dans le domaine de la scl\u00e9rodermie dans les milieux m\u00e9dicaux, gouvernementaux et sociaux ainsi que de sensibiliser le grand public \u00e0&nbsp; cette maladie.<\/p>\n\n\n\n<p>Selon la vision de la FESCA, la scl\u00e9rodermie est reconnue comme une maladie grave et les personnes atteintes ne doivent pas se sentir isol\u00e9es. Nous croyons que toutes les personnes atteintes de scl\u00e9rodermie doivent avoir le m\u00eame acc\u00e8s aux traitements et le corps m\u00e9dical doit avoir de meilleures connaissances concernant cette maladie.<\/p>\n\n\n\n<p><a href=\"https:\/\/www.sclerodermie.ch\/la-maladie\/adresses-utiles\/\" data-type=\"page\" data-id=\"3486\" target=\"_blank\" rel=\"noreferrer noopener\">Cliquez ICI<\/a>&nbsp;pour trouver les adresses des associations europ\u00e9ennes.<\/p>\n<\/div><\/div><\/div>\n\n\n\n<div class=\"wp-block-stackable-column stk-block-column stk-column stk-block stk-0917f86\" data-v=\"4\" data-block-id=\"0917f86\"><div class=\"stk-column-wrapper stk-block-column__content stk-container stk-0917f86-container stk--no-background stk--no-padding\"><div class=\"stk-block-content stk-inner-blocks stk-0917f86-inner-blocks\">\n<div class=\"wp-block-stackable-columns stk-block-columns stk-block stk-9b3ba30\" data-block-id=\"9b3ba30\"><style>.stk-9b3ba30-column{--stk-column-gap:24px !important;}<\/style><div class=\"stk-row stk-inner-blocks stk-block-content stk-content-align stk-9b3ba30-column\">\n<div class=\"wp-block-stackable-column stk-block-column stk-column stk-block stk-16c6d76\" data-v=\"4\" data-block-id=\"16c6d76\"><style>.stk-16c6d76-container{margin-top:0px !important;margin-right:0px !important;margin-bottom:0px !important;margin-left:0px !important;}<\/style><div class=\"stk-column-wrapper stk-block-column__content stk-container stk-16c6d76-container stk--no-background stk--no-padding\"><div class=\"stk-block-content stk-inner-blocks stk-16c6d76-inner-blocks\">\n<div class=\"wp-block-stackable-team-member stk-block-team-member stk-block stk-bc8e2ab is-style-default\" data-v=\"2\" data-block-id=\"bc8e2ab\"><div class=\"stk-block-team-member__content stk-content-align stk-bc8e2ab-column stk-container stk-bc8e2ab-container stk--no-background stk--no-padding\"><div class=\"stk-block-content stk-inner-blocks has-text-align-center stk-bc8e2ab-inner-blocks\">\n<div class=\"wp-block-stackable-image stk-block-image has-text-align-left stk-block stk-95f8950\" data-block-id=\"95f8950\"><style>.stk-95f8950 .stk-img-wrapper{width:100% !important;height:168px !important;}<\/style><figure><span class=\"stk-img-wrapper stk-image--shape-stretch\"><img loading=\"lazy\" decoding=\"async\" class=\"stk-img wp-image-2083\" src=\"https:\/\/www.sclerodermie.ch\/wp-content\/uploads\/2024\/06\/FESCA_logo.png\" width=\"269\" height=\"179\"\/><\/span><\/figure><\/div>\n<\/div><\/div><\/div>\n<\/div><\/div><\/div>\n\n\n\n<div class=\"wp-block-stackable-column stk-block-column stk-column stk-block stk-cf7ac09\" data-v=\"4\" data-block-id=\"cf7ac09\"><style>.stk-cf7ac09-container{margin-top:0px !important;margin-right:0px !important;margin-bottom:0px !important;margin-left:0px !important;}<\/style><div class=\"stk-column-wrapper stk-block-column__content stk-container stk-cf7ac09-container stk--no-background stk--no-padding\"><div class=\"stk-block-content stk-inner-blocks stk-cf7ac09-inner-blocks\">\n<div class=\"wp-block-stackable-team-member stk-block-team-member stk-block stk-9444819 is-style-default\" data-v=\"2\" data-block-id=\"9444819\"><div class=\"stk-block-team-member__content stk-content-align stk-9444819-column stk-container stk-9444819-container stk--no-background stk--no-padding\"><div class=\"stk-block-content stk-inner-blocks has-text-align-center stk-9444819-inner-blocks\">\n<div class=\"wp-block-stackable-image stk-block-image stk-block stk-2a98336\" data-block-id=\"2a98336\"><style>.stk-2a98336 .stk-img-wrapper{width:100% !important;height:250px !important;}<\/style><figure><span class=\"stk-img-wrapper stk-image--shape-stretch\"><img loading=\"lazy\" decoding=\"async\" class=\"stk-img wp-image-3572\" src=\"https:\/\/www.sclerodermie.ch\/wp-content\/uploads\/2024\/12\/FESCA-June_Post-6_World-Scleroderma-Day-in-two-days.png\" width=\"1080\" height=\"1080\" srcset=\"https:\/\/www.sclerodermie.ch\/wp-content\/uploads\/2024\/12\/FESCA-June_Post-6_World-Scleroderma-Day-in-two-days.png 1080w, https:\/\/www.sclerodermie.ch\/wp-content\/uploads\/2024\/12\/FESCA-June_Post-6_World-Scleroderma-Day-in-two-days-300x300.png 300w, https:\/\/www.sclerodermie.ch\/wp-content\/uploads\/2024\/12\/FESCA-June_Post-6_World-Scleroderma-Day-in-two-days-1024x1024.png 1024w, https:\/\/www.sclerodermie.ch\/wp-content\/uploads\/2024\/12\/FESCA-June_Post-6_World-Scleroderma-Day-in-two-days-150x150.png 150w, https:\/\/www.sclerodermie.ch\/wp-content\/uploads\/2024\/12\/FESCA-June_Post-6_World-Scleroderma-Day-in-two-days-768x768.png 768w\" sizes=\"auto, (max-width: 1080px) 100vw, 1080px\" \/><\/span><\/figure><\/div>\n<\/div><\/div><\/div>\n<\/div><\/div><\/div>\n<\/div><\/div>\n\n\n\n<div class=\"wp-block-stackable-columns stk-block-columns stk-block stk-d3a5d4c\" data-block-id=\"d3a5d4c\"><style>.stk-d3a5d4c-column{--stk-column-gap:24px !important;}<\/style><div class=\"stk-row stk-inner-blocks stk-block-content stk-content-align stk-d3a5d4c-column\">\n<div class=\"wp-block-stackable-column stk-block-column stk-column stk-block stk-ee26d9f\" data-v=\"4\" data-block-id=\"ee26d9f\"><style>.stk-ee26d9f-container{margin-top:0px !important;margin-right:0px !important;margin-bottom:0px !important;margin-left:0px !important;}<\/style><div class=\"stk-column-wrapper stk-block-column__content stk-container stk-ee26d9f-container stk--no-background stk--no-padding\"><div class=\"stk-block-content stk-inner-blocks stk-ee26d9f-inner-blocks\">\n<div class=\"wp-block-stackable-team-member stk-block-team-member stk-block stk-039fd16 is-style-default\" data-v=\"2\" data-block-id=\"039fd16\"><div class=\"stk-block-team-member__content stk-content-align stk-039fd16-column stk-container stk-039fd16-container stk--no-background stk--no-padding\"><div class=\"stk-block-content stk-inner-blocks has-text-align-center stk-039fd16-inner-blocks\">\n<div class=\"wp-block-stackable-image stk-block-image stk-block stk-66a7455\" data-block-id=\"66a7455\"><style>.stk-66a7455 .stk-img-wrapper{width:100% !important;height:250px !important;}<\/style><figure><span class=\"stk-img-wrapper stk-image--shape-stretch\"><img loading=\"lazy\" decoding=\"async\" class=\"stk-img wp-image-3575\" src=\"https:\/\/www.sclerodermie.ch\/wp-content\/uploads\/2024\/12\/FESCA-WSD_Post-1_Ensuring-access-to-psychological-and-psycho-social-care-as-well-as-non-pharmacological-treatments.png\" width=\"1080\" height=\"1080\" srcset=\"https:\/\/www.sclerodermie.ch\/wp-content\/uploads\/2024\/12\/FESCA-WSD_Post-1_Ensuring-access-to-psychological-and-psycho-social-care-as-well-as-non-pharmacological-treatments.png 1080w, https:\/\/www.sclerodermie.ch\/wp-content\/uploads\/2024\/12\/FESCA-WSD_Post-1_Ensuring-access-to-psychological-and-psycho-social-care-as-well-as-non-pharmacological-treatments-300x300.png 300w, https:\/\/www.sclerodermie.ch\/wp-content\/uploads\/2024\/12\/FESCA-WSD_Post-1_Ensuring-access-to-psychological-and-psycho-social-care-as-well-as-non-pharmacological-treatments-1024x1024.png 1024w, https:\/\/www.sclerodermie.ch\/wp-content\/uploads\/2024\/12\/FESCA-WSD_Post-1_Ensuring-access-to-psychological-and-psycho-social-care-as-well-as-non-pharmacological-treatments-150x150.png 150w, https:\/\/www.sclerodermie.ch\/wp-content\/uploads\/2024\/12\/FESCA-WSD_Post-1_Ensuring-access-to-psychological-and-psycho-social-care-as-well-as-non-pharmacological-treatments-768x768.png 768w\" sizes=\"auto, (max-width: 1080px) 100vw, 1080px\" \/><\/span><\/figure><\/div>\n<\/div><\/div><\/div>\n<\/div><\/div><\/div>\n\n\n\n<div class=\"wp-block-stackable-column stk-block-column stk-column stk-block stk-2b07403\" data-v=\"4\" data-block-id=\"2b07403\"><style>.stk-2b07403-container{margin-top:0px !important;margin-right:0px !important;margin-bottom:0px !important;margin-left:0px !important;}<\/style><div class=\"stk-column-wrapper stk-block-column__content stk-container stk-2b07403-container stk--no-background stk--no-padding\"><div class=\"stk-block-content stk-inner-blocks stk-2b07403-inner-blocks\">\n<div class=\"wp-block-stackable-team-member stk-block-team-member stk-block stk-fe4adbe is-style-default\" data-v=\"2\" data-block-id=\"fe4adbe\"><div class=\"stk-block-team-member__content stk-content-align stk-fe4adbe-column stk-container stk-fe4adbe-container stk--no-background stk--no-padding\"><div class=\"stk-block-content stk-inner-blocks has-text-align-center stk-fe4adbe-inner-blocks\">\n<div class=\"wp-block-stackable-image stk-block-image stk-block stk-0bd1d55\" data-block-id=\"0bd1d55\"><style>.stk-0bd1d55 .stk-img-wrapper{width:100% !important;height:250px !important;}<\/style><figure><span class=\"stk-img-wrapper stk-image--shape-stretch\"><img loading=\"lazy\" decoding=\"async\" class=\"stk-img wp-image-3578\" src=\"https:\/\/www.sclerodermie.ch\/wp-content\/uploads\/2024\/12\/FESCA-WSD_Post-3_Developing-the-available-treatment-architecture-into-a-hub-and-spoke-network-model-within-national-health-systems.png\" width=\"1080\" height=\"1080\" srcset=\"https:\/\/www.sclerodermie.ch\/wp-content\/uploads\/2024\/12\/FESCA-WSD_Post-3_Developing-the-available-treatment-architecture-into-a-hub-and-spoke-network-model-within-national-health-systems.png 1080w, https:\/\/www.sclerodermie.ch\/wp-content\/uploads\/2024\/12\/FESCA-WSD_Post-3_Developing-the-available-treatment-architecture-into-a-hub-and-spoke-network-model-within-national-health-systems-300x300.png 300w, https:\/\/www.sclerodermie.ch\/wp-content\/uploads\/2024\/12\/FESCA-WSD_Post-3_Developing-the-available-treatment-architecture-into-a-hub-and-spoke-network-model-within-national-health-systems-1024x1024.png 1024w, https:\/\/www.sclerodermie.ch\/wp-content\/uploads\/2024\/12\/FESCA-WSD_Post-3_Developing-the-available-treatment-architecture-into-a-hub-and-spoke-network-model-within-national-health-systems-150x150.png 150w, https:\/\/www.sclerodermie.ch\/wp-content\/uploads\/2024\/12\/FESCA-WSD_Post-3_Developing-the-available-treatment-architecture-into-a-hub-and-spoke-network-model-within-national-health-systems-768x768.png 768w\" sizes=\"auto, (max-width: 1080px) 100vw, 1080px\" \/><\/span><\/figure><\/div>\n<\/div><\/div><\/div>\n<\/div><\/div><\/div>\n<\/div><\/div>\n<\/div><\/div><\/div>\n<\/div><\/div>\n\n\n\n<hr class=\"wp-block-separator has-alpha-channel-opacity\"\/>\n<\/div><\/div>\n\n\n\n<div class=\"wp-block-citadela-blocks-custom-container citadela-block-custom-container size-wide bg-type-color inside-space-zero has-bg\" style=\"background-color:rgba(238, 113, 37, 1)\"><div class=\"inner-holder\">\n<div class=\"wp-block-columns alignwide are-vertically-aligned-center has-3-columns has-white-color has-text-color has-link-color wp-elements-6bb8fe760e257e423d82783bd40d9594 is-layout-flex wp-container-core-columns-is-layout-9d6595d7 wp-block-columns-is-layout-flex\">\n<div class=\"wp-block-column is-vertically-aligned-center is-layout-flow wp-block-column-is-layout-flow\">\n<div class=\"wp-block-citadela-blocks-service citadela-block-service main-holder layout-box header-type-icon standard\"><div class=\"service-header\"><div class=\"service-icon\"><a href=\"https:\/\/www.sclerodermie.ch\/contact\/\" target=\"_blank\" rel=\"noopener noreferrer\"><i class=\"fas fa-at\" style=\"color:#ffffff\"><\/i><\/a><\/div><\/div><div class=\"service-content\"><div class=\"service-content-wrap\"><a href=\"https:\/\/www.sclerodermie.ch\/contact\/\" target=\"_blank\" rel=\"noopener noreferrer\"><h3 class=\"service-title\" style=\"color:#ffffff\">NOUS ECRIRE<\/h3><\/a><p class=\"service-description\" style=\"color:#ffffff\">info@sclerodermie.ch<br\/>sclerodermie.ch<br\/>3000 Berne <\/p><\/div><\/div><\/div>\n<\/div>\n\n\n\n<div class=\"wp-block-column is-vertically-aligned-center is-layout-flow wp-block-column-is-layout-flow\">\n<div class=\"wp-block-citadela-blocks-service citadela-block-service main-holder layout-box header-type-icon standard\"><div class=\"service-header\"><div class=\"service-icon\"><i class=\"fas fa-phone\" style=\"color:#ffffff\"><\/i><\/div><\/div><div class=\"service-content\"><div class=\"service-content-wrap\"><h3 class=\"service-title\" style=\"color:#ffffff\">NOUS APPELER<\/h3><p class=\"service-description\" style=\"color:#ffffff\"><strong>077 469 75 58 \u2013 Fran\u00e7ais<br\/>077 502 18 68 \u2013 Deutsch<br\/>077 501 67 59 \u2013 Italiano <\/strong><\/p><\/div><\/div><\/div>\n<\/div>\n\n\n\n<div class=\"wp-block-column is-vertically-aligned-center is-layout-flow wp-block-column-is-layout-flow\">\n<div class=\"wp-block-citadela-blocks-service citadela-block-service main-holder layout-box header-type-icon standard\"><div class=\"service-header\"><div class=\"service-icon\"><i class=\"fas fa-piggy-bank\" style=\"color:#ffffff\"><\/i><\/div><\/div><div class=\"service-content\"><div class=\"service-content-wrap\"><h3 class=\"service-title\" style=\"color:#ffffff\">NOUS SOUTENIR<\/h3><p class=\"service-description\" style=\"color:#ffffff\">Compte postal : 12-864923-6 CHF<br\/>Code BIC : POFICHBEXXX<br\/>IBAN : CH47 0900 0000 1286 4923 6<\/p><\/div><\/div><\/div>\n<\/div>\n<\/div>\n<\/div><\/div>\n","protected":false},"excerpt":{"rendered":"","protected":false},"author":1,"featured_media":0,"parent":2319,"menu_order":0,"comment_status":"closed","ping_status":"closed","template":"","meta":{"_citadela_hide_page_title":"1","_citadela_remove_header_space":"1","_citadela_custom_class":"","_citadela_half_map_provider":"","_citadela_half_map_theme":"","_citadela_half_map_themeOSM":"","_citadela_half_map_customTheme":"","_citadela_half_map_dataType":"","_citadela_half_map_dynamicTrack":false,"_citadela_half_map_trackColor":"","_citadela_half_map_trackEndpointsColor":"","_citadela_half_map_filterCategory":"","_citadela_half_map_filterLocation":"","_citadela_half_map_filterFeatured":false,"_citadela_half_map_noDataBehavior":"empty-map","_citadela_half_map_noDataText":"","_citadela_half_map_clusterGridSize":80,"_citadela_header":false,"_citadela_header_over_content":false,"_citadela_header_text_color":"","_citadela_header_logo":[],"_citadela_header_bg_image":[],"_citadela_header_bg_position":{"x":0.5,"y":0.5},"_citadela_header_bg_size":"cover","_citadela_header_bg_repeat":"no-repeat","_citadela_header_bg_fixed":false,"_citadela_header_bg_color":"","_citadela_header_bg_image_overlay":"","_citadela_header_transparent_bg":false,"_citadela_content_width":"","_citadela_half_layout_position":"","footnotes":""},"class_list":["post-3568","page","type-page","status-publish","hentry"],"_links":{"self":[{"href":"https:\/\/www.sclerodermie.ch\/fr\/wp-json\/wp\/v2\/pages\/3568","targetHints":{"allow":["GET"]}}],"collection":[{"href":"https:\/\/www.sclerodermie.ch\/fr\/wp-json\/wp\/v2\/pages"}],"about":[{"href":"https:\/\/www.sclerodermie.ch\/fr\/wp-json\/wp\/v2\/types\/page"}],"author":[{"embeddable":true,"href":"https:\/\/www.sclerodermie.ch\/fr\/wp-json\/wp\/v2\/users\/1"}],"replies":[{"embeddable":true,"href":"https:\/\/www.sclerodermie.ch\/fr\/wp-json\/wp\/v2\/comments?post=3568"}],"version-history":[{"count":12,"href":"https:\/\/www.sclerodermie.ch\/fr\/wp-json\/wp\/v2\/pages\/3568\/revisions"}],"predecessor-version":[{"id":3827,"href":"https:\/\/www.sclerodermie.ch\/fr\/wp-json\/wp\/v2\/pages\/3568\/revisions\/3827"}],"up":[{"embeddable":true,"href":"https:\/\/www.sclerodermie.ch\/fr\/wp-json\/wp\/v2\/pages\/2319"}],"wp:attachment":[{"href":"https:\/\/www.sclerodermie.ch\/fr\/wp-json\/wp\/v2\/media?parent=3568"}],"curies":[{"name":"wp","href":"https:\/\/api.w.org\/{rel}","templated":true}]}}