{"id":3612,"date":"2024-12-11T11:16:41","date_gmt":"2024-12-11T10:16:41","guid":{"rendered":"https:\/\/new3.sclerodermie.ch\/?page_id=3612"},"modified":"2025-03-16T22:05:21","modified_gmt":"2025-03-16T21:05:21","slug":"la-ligue-suisse-contre-le-rhumatisme","status":"publish","type":"page","link":"https:\/\/www.sclerodermie.ch\/fr\/partenaires\/la-ligue-suisse-contre-le-rhumatisme\/","title":{"rendered":"La Ligue suisse contre le rhumatisme"},"content":{"rendered":"\n<div class=\"wp-block-citadela-blocks-custom-container citadela-block-custom-container size-wide bg-type-none inside-space-none\"><div class=\"inner-holder\">\n<div style=\"height:100px\" aria-hidden=\"true\" class=\"wp-block-spacer\"><\/div>\n\n\n<div style=\"--bb--crumb-gap:.4em; font-style:normal;font-weight:600;\" class=\"hide-home-page wp-block-boldblocks-breadcrumb-block has-large-font-size\"><nav role=\"navigation\" aria-label=\"Breadcrumbs\" class=\"breadcrumb\"><ol class=\"breadcrumb-items\"><li class=\"breadcrumb-item breadcrumb-item--current breadcrumb-item--home\"><span class=\"breadcrumb-item-name\">Home<\/span><\/li><\/ol><\/nav><\/div>\n\n\n<hr class=\"wp-block-separator has-alpha-channel-opacity is-style-wide\"\/>\n\n\n\n<div class=\"wp-block-stackable-columns alignwide stk-block-columns stk-block stk-08ba77d\" data-block-id=\"08ba77d\"><style>.stk-08ba77d-column{--stk-column-gap:48px !important;}<\/style><div class=\"stk-row stk-inner-blocks stk-block-content stk-content-align stk-08ba77d-column alignwide\">\n<div class=\"wp-block-stackable-column stk-block-column stk-column stk-block stk-000439b\" data-v=\"4\" data-block-id=\"000439b\"><style>.stk-000439b-inner-blocks{justify-content:center !important;}.stk-000439b-container{display:flex !important;}<\/style><div class=\"stk-column-wrapper stk-block-column__content stk-container stk-000439b-container stk--no-background stk--no-padding\"><div class=\"stk-block-content stk-inner-blocks stk-000439b-inner-blocks\">\n<p>La&nbsp;<strong><a href=\"http:\/\/www.ligues-rhumatisme.ch\/\" target=\"_blank\" rel=\"noreferrer noopener\">ligue suisse contre le rhumatisme&nbsp;<\/a><\/strong>(LSV) est une institution \u00e0 but non lucratif qui entend principalement r\u00e9pondre, par ses prestations, \u00e0 des besoins que ni les pouvoirs publics ni les prestataires priv\u00e9s \u00e0 but lucratif ne sont en mesure de couvrir de fa\u00e7on satisfaisante.<\/p>\n\n\n\n<p>La Ligue suisse contre le rhumatisme encourage la lutte contre les maladies rhumatismales depuis sa fondation en 1958. Organisation fa\u00eeti\u00e8re, elle regroupe 20 ligues cantonales et r\u00e9gionales contre le rhumatisme et cinq associations de patients : l\u2019association suisse de la fibromyalgie,l\u2019association suisse du lupus \u00e9ryth\u00e9mateux, l\u2019association suisse des polyarthritiques, la soci\u00e9t\u00e9 suisse de la spondylarthite ankylosante, l\u2019association suisse de l\u2019osteogenesis imperfecta.<\/p>\n\n\n\n<p>Tous ses efforts sont ax\u00e9s sur l\u2019homme et sur la pr\u00e9servation de sa sant\u00e9, de son bien-\u00eatre physique et de sa qualit\u00e9 de vie.<\/p>\n<\/div><\/div><\/div>\n\n\n\n<div class=\"wp-block-stackable-column stk-block-column stk-column stk-block stk-0917f86\" data-v=\"4\" data-block-id=\"0917f86\"><div class=\"stk-column-wrapper stk-block-column__content stk-container stk-0917f86-container stk--no-background stk--no-padding\"><div class=\"stk-block-content stk-inner-blocks stk-0917f86-inner-blocks\">\n<div class=\"wp-block-stackable-columns stk-block-columns stk-block stk-9b3ba30\" data-block-id=\"9b3ba30\"><style>.stk-9b3ba30-column{--stk-column-gap:24px !important;}<\/style><div class=\"stk-row stk-inner-blocks stk-block-content stk-content-align stk-9b3ba30-column\">\n<div class=\"wp-block-stackable-column stk-block-column stk-column stk-block stk-16c6d76\" data-v=\"4\" data-block-id=\"16c6d76\"><style>.stk-16c6d76-container{margin-top:0px !important;margin-right:0px !important;margin-bottom:0px !important;margin-left:0px !important;}<\/style><div class=\"stk-column-wrapper stk-block-column__content stk-container stk-16c6d76-container stk--no-background stk--no-padding\"><div class=\"stk-block-content stk-inner-blocks stk-16c6d76-inner-blocks\">\n<div class=\"wp-block-stackable-team-member stk-block-team-member stk-block stk-bc8e2ab is-style-default\" data-v=\"2\" data-block-id=\"bc8e2ab\"><div class=\"stk-block-team-member__content stk-content-align stk-bc8e2ab-column stk-container stk-bc8e2ab-container stk--no-background stk--no-padding\"><div class=\"stk-block-content stk-inner-blocks has-text-align-center stk-bc8e2ab-inner-blocks\">\n<div class=\"wp-block-stackable-image stk-block-image has-text-align-left stk-block stk-95f8950\" data-block-id=\"95f8950\"><style>.stk-95f8950 .stk-img-wrapper{width:100% !important;height:168px !important;}<\/style><figure><span class=\"stk-img-wrapper stk-image--shape-stretch\"><img loading=\"lazy\" decoding=\"async\" class=\"stk-img wp-image-2094\" src=\"https:\/\/www.sclerodermie.ch\/wp-content\/uploads\/2024\/06\/rheumaliga_og_fr-e1717405417805.jpg\" width=\"600\" height=\"399\" srcset=\"https:\/\/www.sclerodermie.ch\/wp-content\/uploads\/2024\/06\/rheumaliga_og_fr-e1717405417805.jpg 600w, https:\/\/www.sclerodermie.ch\/wp-content\/uploads\/2024\/06\/rheumaliga_og_fr-e1717405417805-300x200.jpg 300w\" sizes=\"auto, (max-width: 600px) 100vw, 600px\" \/><\/span><\/figure><\/div>\n<\/div><\/div><\/div>\n<\/div><\/div><\/div>\n\n\n\n<div class=\"wp-block-stackable-column stk-block-column stk-column stk-block stk-cf7ac09\" data-v=\"4\" data-block-id=\"cf7ac09\"><style>.stk-cf7ac09-container{margin-top:0px !important;margin-right:0px !important;margin-bottom:0px !important;margin-left:0px !important;}<\/style><div class=\"stk-column-wrapper stk-block-column__content stk-container stk-cf7ac09-container stk--no-background stk--no-padding\"><div class=\"stk-block-content stk-inner-blocks stk-cf7ac09-inner-blocks\">\n<div class=\"wp-block-stackable-team-member stk-block-team-member stk-block stk-9444819 is-style-default\" data-v=\"2\" data-block-id=\"9444819\"><div class=\"stk-block-team-member__content stk-content-align stk-9444819-column stk-container stk-9444819-container stk--no-background stk--no-padding\"><div class=\"stk-block-content stk-inner-blocks has-text-align-center stk-9444819-inner-blocks\">\n<div class=\"wp-block-stackable-image stk-block-image stk-block stk-2a98336\" data-block-id=\"2a98336\"><style>.stk-2a98336 .stk-img-wrapper{width:100% !important;height:250px !important;}<\/style><figure><span class=\"stk-img-wrapper stk-image--shape-stretch\"><img loading=\"lazy\" decoding=\"async\" class=\"stk-img wp-image-3622\" src=\"https:\/\/www.sclerodermie.ch\/wp-content\/uploads\/2024\/12\/F303_Medicaments_001.jpg\" width=\"388\" height=\"550\" srcset=\"https:\/\/www.sclerodermie.ch\/wp-content\/uploads\/2024\/12\/F303_Medicaments_001.jpg 388w, https:\/\/www.sclerodermie.ch\/wp-content\/uploads\/2024\/12\/F303_Medicaments_001-212x300.jpg 212w\" sizes=\"auto, (max-width: 388px) 100vw, 388px\" \/><\/span><\/figure><\/div>\n<\/div><\/div><\/div>\n<\/div><\/div><\/div>\n<\/div><\/div>\n\n\n\n<div class=\"wp-block-stackable-columns stk-block-columns stk-block stk-d3a5d4c\" data-block-id=\"d3a5d4c\"><style>.stk-d3a5d4c-column{--stk-column-gap:24px !important;}<\/style><div class=\"stk-row stk-inner-blocks stk-block-content stk-content-align stk-d3a5d4c-column\">\n<div class=\"wp-block-stackable-column stk-block-column stk-column stk-block stk-ee26d9f\" data-v=\"4\" data-block-id=\"ee26d9f\"><style>.stk-ee26d9f-container{margin-top:0px !important;margin-right:0px !important;margin-bottom:0px !important;margin-left:0px !important;}<\/style><div class=\"stk-column-wrapper stk-block-column__content stk-container stk-ee26d9f-container stk--no-background stk--no-padding\"><div class=\"stk-block-content stk-inner-blocks stk-ee26d9f-inner-blocks\">\n<div class=\"wp-block-stackable-team-member stk-block-team-member stk-block stk-039fd16 is-style-default\" data-v=\"2\" data-block-id=\"039fd16\"><div class=\"stk-block-team-member__content stk-content-align stk-039fd16-column stk-container stk-039fd16-container stk--no-background stk--no-padding\"><div class=\"stk-block-content stk-inner-blocks has-text-align-center stk-039fd16-inner-blocks\">\n<div class=\"wp-block-stackable-image stk-block-image stk-block stk-66a7455\" data-block-id=\"66a7455\"><style>.stk-66a7455 .stk-img-wrapper{width:100% !important;height:250px !important;}<\/style><figure><span class=\"stk-img-wrapper stk-image--shape-stretch\"><img loading=\"lazy\" decoding=\"async\" class=\"stk-img wp-image-3625\" src=\"https:\/\/www.sclerodermie.ch\/wp-content\/uploads\/2024\/12\/Limpact-de-lalimentation.png\" width=\"316\" height=\"444\" srcset=\"https:\/\/www.sclerodermie.ch\/wp-content\/uploads\/2024\/12\/Limpact-de-lalimentation.png 316w, https:\/\/www.sclerodermie.ch\/wp-content\/uploads\/2024\/12\/Limpact-de-lalimentation-214x300.png 214w\" sizes=\"auto, (max-width: 316px) 100vw, 316px\" \/><\/span><\/figure><\/div>\n<\/div><\/div><\/div>\n<\/div><\/div><\/div>\n\n\n\n<div class=\"wp-block-stackable-column stk-block-column stk-column stk-block stk-2b07403\" data-v=\"4\" data-block-id=\"2b07403\"><style>.stk-2b07403-container{margin-top:0px !important;margin-right:0px !important;margin-bottom:0px !important;margin-left:0px !important;}<\/style><div class=\"stk-column-wrapper stk-block-column__content stk-container stk-2b07403-container stk--no-background stk--no-padding\"><div class=\"stk-block-content stk-inner-blocks stk-2b07403-inner-blocks\">\n<div class=\"wp-block-stackable-team-member stk-block-team-member stk-block stk-fe4adbe is-style-default\" data-v=\"2\" data-block-id=\"fe4adbe\"><div class=\"stk-block-team-member__content stk-content-align stk-fe4adbe-column stk-container stk-fe4adbe-container stk--no-background stk--no-padding\"><div class=\"stk-block-content stk-inner-blocks has-text-align-center stk-fe4adbe-inner-blocks\">\n<div class=\"wp-block-stackable-image stk-block-image stk-block stk-0bd1d55\" data-block-id=\"0bd1d55\"><style>.stk-0bd1d55 .stk-img-wrapper{width:100% !important;height:250px !important;}<\/style><figure><span class=\"stk-img-wrapper stk-image--shape-stretch\"><img loading=\"lazy\" decoding=\"async\" class=\"stk-img wp-image-3634\" src=\"https:\/\/www.sclerodermie.ch\/wp-content\/uploads\/2024\/12\/8703_winkelmesser.jpg\" width=\"1200\" height=\"1200\" srcset=\"https:\/\/www.sclerodermie.ch\/wp-content\/uploads\/2024\/12\/8703_winkelmesser.jpg 1200w, https:\/\/www.sclerodermie.ch\/wp-content\/uploads\/2024\/12\/8703_winkelmesser-300x300.jpg 300w, https:\/\/www.sclerodermie.ch\/wp-content\/uploads\/2024\/12\/8703_winkelmesser-1024x1024.jpg 1024w, https:\/\/www.sclerodermie.ch\/wp-content\/uploads\/2024\/12\/8703_winkelmesser-150x150.jpg 150w, https:\/\/www.sclerodermie.ch\/wp-content\/uploads\/2024\/12\/8703_winkelmesser-768x768.jpg 768w\" sizes=\"auto, (max-width: 1200px) 100vw, 1200px\" \/><\/span><\/figure><\/div>\n<\/div><\/div><\/div>\n<\/div><\/div><\/div>\n<\/div><\/div>\n<\/div><\/div><\/div>\n<\/div><\/div>\n\n\n\n<div class=\"wp-block-stackable-tabs stk-block-tabs stk-block stk-261f60d\" data-initial-tab=\"1\" data-block-id=\"261f60d\"><style>.stk-261f60d .stk-block-tab-content .stk-block-content .stk-block-column[hidden]{display:none !important;}<\/style><div class=\"stk-row stk-inner-blocks stk-block-content stk-block-tabs--horizontal stk-block-tabs--fade stk-content-align stk-261f60d-column\">\n<div class=\"wp-block-stackable-tab-labels stk-block-tab-labels stk-block stk-4ca8683\" data-block-id=\"4ca8683\"><style>.stk-4ca8683 .stk-block-tabs__tab{color:#999999 !important;background:transparent !important;border-style:solid !important;border-color:transparent !important;border-top-width:0px !important;border-right-width:0px !important;border-bottom-width:2px !important;border-left-width:0px !important;}.stk-4ca8683 .stk-block-tabs__tab.stk-block-tabs__tab--active .stk-block-tab-labels__text{color:#000000 !important;}.stk-4ca8683 {box-shadow:inset 0px -1px 0px 0px #0000001a !important;}.stk-4ca8683 .stk-block-tab-labels__text{color:#999999 !important;}.stk-4ca8683 .stk-block-tabs__tab .stk--inner-svg svg:last-child, .stk-4ca8683 .stk-block-tabs__tab .stk--inner-svg svg:last-child :is(g, path, rect, polygon, ellipse){fill:#909090 !important;}.stk-4ca8683 .stk-block-tabs__tab:not(.stk-block-tabs__tab--active):hover .stk--inner-svg svg:last-child, .stk-4ca8683 .stk-block-tabs__tab:not(.stk-block-tabs__tab--active):hover .stk--inner-svg svg:last-child :is(g, path, rect, polygon, ellipse){fill:#909090 !important;}.stk-4ca8683 .stk-block-tabs__tab.stk-block-tabs__tab--active{border-color:#000000 !important;}.stk-4ca8683 .stk-block-tabs__tab.stk-block-tabs__tab--active .stk--inner-svg svg:last-child, .stk-4ca8683 .stk-block-tabs__tab.stk-block-tabs__tab--active .stk--inner-svg svg:last-child :is(g, path, rect, polygon, ellipse){fill:#000000 !important;}.stk-4ca8683 .stk-block-tabs__tab.stk-block-tabs__tab--active:hover .stk--inner-svg svg:last-child, .stk-4ca8683 .stk-block-tabs__tab.stk-block-tabs__tab--active:hover .stk--inner-svg svg:last-child :is(g, path, rect, polygon, ellipse){fill:#000000 !important;}<\/style><div class=\"stk-block-tab-labels__wrapper\" role=\"tablist\"><button class=\"stk-block-tabs__tab\" role=\"tab\"><div class=\"stk-block-tab-labels__text\"><span>Les moyens auxiliaires<\/span><\/div><\/button><button class=\"stk-block-tabs__tab\" role=\"tab\"><div class=\"stk-block-tab-labels__text\"><span>Brochure M\u00e9dicaments<\/span><\/div><\/button><button class=\"stk-block-tabs__tab\" role=\"tab\"><div class=\"stk-block-tab-labels__text\"><span>Brochure Aliments<\/span><\/div><\/button><\/div><\/div>\n\n\n\n<div class=\"wp-block-stackable-tab-content stk-block-tab-content stk-block stk-436d6b1\" data-block-id=\"436d6b1\"><div class=\"stk-row stk-inner-blocks stk-block-content stk-content-align stk-436d6b1-column\">\n<div class=\"wp-block-stackable-column stk-block-column stk-column stk-block stk-e1f687a\" data-v=\"4\" role=\"tabpanel\" data-block-id=\"e1f687a\"><div class=\"stk-column-wrapper stk-block-column__content stk-container stk-e1f687a-container stk--no-background stk--no-padding\"><div class=\"stk-block-content stk-inner-blocks stk-e1f687a-inner-blocks\">\n<p>La&nbsp;<a href=\"https:\/\/www.ligues-rhumatisme.ch\/?\" target=\"_blank\" rel=\"noreferrer noopener\">Ligue suisse contre le rhumatisme<\/a>&nbsp;s\u2019engage en faveur des personnes souffrant de rhumatismes ainsi que des sp\u00e9cialistes avec des informations, des conseils, des cours, des formations continues et des moyens auxiliaires. L\u2019objectif est d\u2019informer, de pr\u00e9venir, et de garantir un traitement optimal du rhumatisme ainsi que l\u2019autonomie des personnes concern\u00e9es.<\/p>\n\n\n\n<p>Vous trouverez des articles utiles en cliquant sur ce lien :&nbsp;<a href=\"https:\/\/www.ligues-rhumatisme.ch\/offres\/moyens-auxiliaires?q=Moyens%20auxiliaires\" target=\"_blank\" rel=\"noreferrer noopener\">https:\/\/www.ligues-rhumatisme.ch\/offres\/moyens-auxiliaires?q=Moyens%20auxiliaires<\/a><\/p>\n<\/div><\/div><\/div>\n\n\n\n<div class=\"wp-block-stackable-column stk-block-column stk-column stk-block stk-020d11d\" data-v=\"4\" role=\"tabpanel\" data-block-id=\"020d11d\"><div class=\"stk-column-wrapper stk-block-column__content stk-container stk-020d11d-container stk--no-background stk--no-padding\"><div class=\"stk-block-content stk-inner-blocks stk-020d11d-inner-blocks\">\n<p>Pour traiter les maladies rhumatismales, il existe une multitude de m\u00e9dicaments reposant sur des m\u00e9canismes d\u2019action vari\u00e9s. Cette brochure vous en donne un aper\u00e7u. Il est \u00e9vident que l\u2019\u00e9num\u00e9ration de tous les produits disponibles en Suisse d\u00e9passerait le cadre de ce fascicule. Pour cette raison, nous nous limiterons aux chefs de file de chaque famille de m\u00e9dicaments, qui seront d\u00e9crits plus en d\u00e9tail dans les chapitres suivants.<\/p>\n\n\n\n<p><a href=\"https:\/\/sclerodermie.ch\/wp-content\/uploads\/2021\/12\/Medicaments_F_303_DS_contenu_low_211206.pdf\" target=\"_blank\" rel=\"noreferrer noopener\">T\u00e9l\u00e9charger la brochure ICI<\/a> &#8211; <a href=\"https:\/\/www.rheumaliga-shop.ch\/fr\/Shop\/cont-shop\/sart-D303-K\/ArtIDCurr-F303\" target=\"_blank\" rel=\"noreferrer noopener\">Commander la brochure ICI<\/a><\/p>\n<\/div><\/div><\/div>\n\n\n\n<div class=\"wp-block-stackable-column stk-block-column stk-column stk-block stk-eb8a08d\" data-v=\"4\" role=\"tabpanel\" data-block-id=\"eb8a08d\"><div class=\"stk-column-wrapper stk-block-column__content stk-container stk-eb8a08d-container stk--no-background stk--no-padding\"><div class=\"stk-block-content stk-inner-blocks stk-eb8a08d-inner-blocks\">\n<p>Nous ne posons pas d\u2019interdits et ne diffusons pas de listes qui classent les aliments en bons ou mauvais. Loin de vouloir \u00e9puiser le sujet, nous souhaitons simplement, avec cette brochure, transmettre quelques connaissances de base, mais essentielles, et vous guider vers les voies scientifiquement av\u00e9r\u00e9es d\u2019une alimentation anti-inflammatoire.<\/p>\n\n\n\n<p>Pour info et commande&nbsp;<a href=\"https:\/\/www.rheumaliga-shop.ch\/fr\/Shop\/cont-shop\/sart-D431-K\/ArtIDCurr-F431\" target=\"_blank\" rel=\"noreferrer noopener\">cliquez ICI<\/a><\/p>\n<\/div><\/div><\/div>\n<\/div><\/div>\n<\/div><\/div>\n\n\n\n<hr class=\"wp-block-separator has-alpha-channel-opacity\"\/>\n<\/div><\/div>\n\n\n\n<div class=\"wp-block-citadela-blocks-custom-container citadela-block-custom-container size-wide bg-type-color inside-space-zero has-bg\" style=\"background-color:rgba(238, 113, 37, 1)\"><div class=\"inner-holder\">\n<div class=\"wp-block-columns alignwide are-vertically-aligned-center has-3-columns has-white-color has-text-color has-link-color wp-elements-6bb8fe760e257e423d82783bd40d9594 is-layout-flex wp-container-core-columns-is-layout-9d6595d7 wp-block-columns-is-layout-flex\">\n<div class=\"wp-block-column is-vertically-aligned-center is-layout-flow wp-block-column-is-layout-flow\">\n<div class=\"wp-block-citadela-blocks-service citadela-block-service main-holder layout-box header-type-icon standard\"><div class=\"service-header\"><div class=\"service-icon\"><a href=\"https:\/\/www.sclerodermie.ch\/contact\/\" target=\"_blank\" rel=\"noopener noreferrer\"><i class=\"fas fa-at\" style=\"color:#ffffff\"><\/i><\/a><\/div><\/div><div class=\"service-content\"><div class=\"service-content-wrap\"><a href=\"https:\/\/www.sclerodermie.ch\/contact\/\" target=\"_blank\" rel=\"noopener noreferrer\"><h3 class=\"service-title\" style=\"color:#ffffff\">NOUS ECRIRE<\/h3><\/a><p class=\"service-description\" style=\"color:#ffffff\">info@sclerodermie.ch<br\/>sclerodermie.ch<br\/>3000 Berne <\/p><\/div><\/div><\/div>\n<\/div>\n\n\n\n<div class=\"wp-block-column is-vertically-aligned-center is-layout-flow wp-block-column-is-layout-flow\">\n<div class=\"wp-block-citadela-blocks-service citadela-block-service main-holder layout-box header-type-icon standard\"><div class=\"service-header\"><div class=\"service-icon\"><i class=\"fas fa-phone\" style=\"color:#ffffff\"><\/i><\/div><\/div><div class=\"service-content\"><div class=\"service-content-wrap\"><h3 class=\"service-title\" style=\"color:#ffffff\">NOUS APPELER<\/h3><p class=\"service-description\" style=\"color:#ffffff\"><strong>077 469 75 58 \u2013 Fran\u00e7ais<br\/>077 502 18 68 \u2013 Deutsch<br\/>077 501 67 59 \u2013 Italiano <\/strong><\/p><\/div><\/div><\/div>\n<\/div>\n\n\n\n<div class=\"wp-block-column is-vertically-aligned-center is-layout-flow wp-block-column-is-layout-flow\">\n<div class=\"wp-block-citadela-blocks-service citadela-block-service main-holder layout-box header-type-icon standard\"><div class=\"service-header\"><div class=\"service-icon\"><i class=\"fas fa-piggy-bank\" style=\"color:#ffffff\"><\/i><\/div><\/div><div class=\"service-content\"><div class=\"service-content-wrap\"><h3 class=\"service-title\" style=\"color:#ffffff\">NOUS SOUTENIR<\/h3><p class=\"service-description\" style=\"color:#ffffff\">Compte postal : 12-864923-6 CHF<br\/>Code BIC : POFICHBEXXX<br\/>IBAN : CH47 0900 0000 1286 4923 6<\/p><\/div><\/div><\/div>\n<\/div>\n<\/div>\n<\/div><\/div>\n","protected":false},"excerpt":{"rendered":"","protected":false},"author":1,"featured_media":0,"parent":2319,"menu_order":1,"comment_status":"closed","ping_status":"closed","template":"","meta":{"_citadela_hide_page_title":"1","_citadela_remove_header_space":"1","_citadela_custom_class":"","_citadela_half_map_provider":"","_citadela_half_map_theme":"","_citadela_half_map_themeOSM":"","_citadela_half_map_customTheme":"","_citadela_half_map_dataType":"","_citadela_half_map_dynamicTrack":false,"_citadela_half_map_trackColor":"","_citadela_half_map_trackEndpointsColor":"","_citadela_half_map_filterCategory":"","_citadela_half_map_filterLocation":"","_citadela_half_map_filterFeatured":false,"_citadela_half_map_noDataBehavior":"empty-map","_citadela_half_map_noDataText":"","_citadela_half_map_clusterGridSize":80,"_citadela_header":false,"_citadela_header_over_content":false,"_citadela_header_text_color":"","_citadela_header_logo":[],"_citadela_header_bg_image":[],"_citadela_header_bg_position":{"x":0.5,"y":0.5},"_citadela_header_bg_size":"cover","_citadela_header_bg_repeat":"no-repeat","_citadela_header_bg_fixed":false,"_citadela_header_bg_color":"","_citadela_header_bg_image_overlay":"","_citadela_header_transparent_bg":false,"_citadela_content_width":"","_citadela_half_layout_position":"","footnotes":""},"class_list":["post-3612","page","type-page","status-publish","hentry"],"_links":{"self":[{"href":"https:\/\/www.sclerodermie.ch\/fr\/wp-json\/wp\/v2\/pages\/3612","targetHints":{"allow":["GET"]}}],"collection":[{"href":"https:\/\/www.sclerodermie.ch\/fr\/wp-json\/wp\/v2\/pages"}],"about":[{"href":"https:\/\/www.sclerodermie.ch\/fr\/wp-json\/wp\/v2\/types\/page"}],"author":[{"embeddable":true,"href":"https:\/\/www.sclerodermie.ch\/fr\/wp-json\/wp\/v2\/users\/1"}],"replies":[{"embeddable":true,"href":"https:\/\/www.sclerodermie.ch\/fr\/wp-json\/wp\/v2\/comments?post=3612"}],"version-history":[{"count":9,"href":"https:\/\/www.sclerodermie.ch\/fr\/wp-json\/wp\/v2\/pages\/3612\/revisions"}],"predecessor-version":[{"id":3828,"href":"https:\/\/www.sclerodermie.ch\/fr\/wp-json\/wp\/v2\/pages\/3612\/revisions\/3828"}],"up":[{"embeddable":true,"href":"https:\/\/www.sclerodermie.ch\/fr\/wp-json\/wp\/v2\/pages\/2319"}],"wp:attachment":[{"href":"https:\/\/www.sclerodermie.ch\/fr\/wp-json\/wp\/v2\/media?parent=3612"}],"curies":[{"name":"wp","href":"https:\/\/api.w.org\/{rel}","templated":true}]}}