{"id":3669,"date":"2024-12-11T14:52:08","date_gmt":"2024-12-11T13:52:08","guid":{"rendered":"https:\/\/new3.sclerodermie.ch\/?page_id=3669"},"modified":"2025-03-16T22:05:47","modified_gmt":"2025-03-16T21:05:47","slug":"lassociation-suisse-des-fibromyalgiques","status":"publish","type":"page","link":"https:\/\/www.sclerodermie.ch\/fr\/partenaires\/lassociation-suisse-des-fibromyalgiques\/","title":{"rendered":"L&rsquo;Association Suisse des Fibromyalgiques"},"content":{"rendered":"\n<div class=\"wp-block-citadela-blocks-custom-container citadela-block-custom-container size-wide bg-type-none inside-space-none\"><div class=\"inner-holder\">\n<div style=\"height:100px\" aria-hidden=\"true\" class=\"wp-block-spacer\"><\/div>\n\n\n<div style=\"--bb--crumb-gap:.4em; font-style:normal;font-weight:600;\" class=\"hide-home-page wp-block-boldblocks-breadcrumb-block has-large-font-size\"><nav role=\"navigation\" aria-label=\"Breadcrumbs\" class=\"breadcrumb\"><ol class=\"breadcrumb-items\"><li class=\"breadcrumb-item breadcrumb-item--current breadcrumb-item--home\"><span class=\"breadcrumb-item-name\">Home<\/span><\/li><\/ol><\/nav><\/div>\n\n\n<hr class=\"wp-block-separator has-alpha-channel-opacity is-style-wide\"\/>\n\n\n\n<div class=\"wp-block-stackable-columns alignwide stk-block-columns stk-block stk-08ba77d\" data-block-id=\"08ba77d\"><style>.stk-08ba77d-column{--stk-column-gap:48px !important;}<\/style><div class=\"stk-row stk-inner-blocks stk-block-content stk-content-align stk-08ba77d-column alignwide\">\n<div class=\"wp-block-stackable-column stk-block-column stk-column stk-block stk-000439b\" data-v=\"4\" data-block-id=\"000439b\"><style>.stk-000439b-inner-blocks{justify-content:center !important;}.stk-000439b-container{display:flex !important;}<\/style><div class=\"stk-column-wrapper stk-block-column__content stk-container stk-000439b-container stk--no-background stk--no-padding\"><div class=\"stk-block-content stk-inner-blocks stk-000439b-inner-blocks\">\n<p>Fond\u00e9e en f\u00e9vrier 1997 \u00e0 l\u2019initiative de personnes atteintes de fibromyalgie et pr\u00e9occup\u00e9es par la d\u00e9gradation de leur sant\u00e9 et la m\u00e9connaissance de ce syndrome, l\u2019<a href=\"https:\/\/suisse-fibromyalgie.ch\/fr\/\" target=\"_blank\" rel=\"noreferrer noopener\">Association Suisse des Fibromyalgiques (ASFM)<\/a> s\u2019est donn\u00e9e comme but principal de faire conna\u00eetre et donc reconna\u00eetre la fibromyalgie, de repr\u00e9senter et soutenir ses membres aupr\u00e8s du grand public ainsi que des instances officielles du monde m\u00e9dical, pharmaceutique, social et politique. Elle a son si\u00e8ge administratif \u00e0 Champagne et est membre de la Ligue suisse contre le rhumatisme (LSR) depuis 1999.<\/p>\n\n\n\n<p>A travers diff\u00e9rentes actions, activit\u00e9s, conf\u00e9rences, s\u00e9minaires, journ\u00e9e mondiale, groupes de parole\/d\u2019entraide et cours, l\u2019ASFM souhaite offrir une plateforme d\u2019information, de soutien, d\u2019\u00e9changes et de rencontres, afin de concentrer les efforts de chacun dans un combat pour la reconnaissance de cette maladie moderne.<\/p>\n\n\n\n<p>Vous trouverez toutes les propositions de cours en cliquant sur :&nbsp;<a href=\"https:\/\/suisse-fibromyalgie.ch\/fr\/agenda\/liste\/\" target=\"_blank\" rel=\"noreferrer noopener\">https:\/\/suisse-fibromyalgie.ch\/fr\/agenda\/liste\/<\/a><\/p>\n<\/div><\/div><\/div>\n\n\n\n<div class=\"wp-block-stackable-column stk-block-column stk-column stk-block stk-0917f86\" data-v=\"4\" data-block-id=\"0917f86\"><div class=\"stk-column-wrapper stk-block-column__content stk-container stk-0917f86-container stk--no-background stk--no-padding\"><div class=\"stk-block-content stk-inner-blocks stk-0917f86-inner-blocks\">\n<div class=\"wp-block-stackable-columns stk-block-columns stk-block stk-9b3ba30\" data-block-id=\"9b3ba30\"><style>.stk-9b3ba30-column{--stk-column-gap:24px !important;}<\/style><div class=\"stk-row stk-inner-blocks stk-block-content stk-content-align stk-9b3ba30-column\">\n<div class=\"wp-block-stackable-column stk-block-column stk-column stk-block stk-16c6d76\" data-v=\"4\" data-block-id=\"16c6d76\"><style>.stk-16c6d76-container{margin-top:0px !important;margin-right:0px !important;margin-bottom:0px !important;margin-left:0px !important;}<\/style><div class=\"stk-column-wrapper stk-block-column__content stk-container stk-16c6d76-container stk--no-background stk--no-padding\"><div class=\"stk-block-content stk-inner-blocks stk-16c6d76-inner-blocks\">\n<div class=\"wp-block-stackable-team-member stk-block-team-member stk-block stk-bc8e2ab is-style-default\" data-v=\"2\" data-block-id=\"bc8e2ab\"><div class=\"stk-block-team-member__content stk-content-align stk-bc8e2ab-column stk-container stk-bc8e2ab-container stk--no-background stk--no-padding\"><div class=\"stk-block-content stk-inner-blocks has-text-align-center stk-bc8e2ab-inner-blocks\">\n<div class=\"wp-block-stackable-image stk-block-image has-text-align-left stk-block stk-95f8950\" data-block-id=\"95f8950\"><style>.stk-95f8950 .stk-img-wrapper{width:100% !important;height:168px !important;}<\/style><figure><a class=\"stk-link\" href=\"https:\/\/suisse-fibromyalgie.ch\/fr\/\" target=\"_blank\" rel=\"noreferrer noopener\"><span class=\"stk-img-wrapper stk-image--shape-stretch\"><img loading=\"lazy\" decoding=\"async\" class=\"stk-img wp-image-3273\" src=\"https:\/\/www.sclerodermie.ch\/wp-content\/uploads\/2024\/12\/ASFM.png\" width=\"935\" height=\"478\" srcset=\"https:\/\/www.sclerodermie.ch\/wp-content\/uploads\/2024\/12\/ASFM.png 935w, https:\/\/www.sclerodermie.ch\/wp-content\/uploads\/2024\/12\/ASFM-300x153.png 300w, https:\/\/www.sclerodermie.ch\/wp-content\/uploads\/2024\/12\/ASFM-768x393.png 768w\" sizes=\"auto, (max-width: 935px) 100vw, 935px\" \/><\/span><\/a><\/figure><\/div>\n<\/div><\/div><\/div>\n<\/div><\/div><\/div>\n\n\n\n<div class=\"wp-block-stackable-column stk-block-column stk-column stk-block stk-cf7ac09\" data-v=\"4\" data-block-id=\"cf7ac09\"><style>.stk-cf7ac09-container{margin-top:0px !important;margin-right:0px !important;margin-bottom:0px !important;margin-left:0px !important;}<\/style><div class=\"stk-column-wrapper stk-block-column__content stk-container stk-cf7ac09-container stk--no-background stk--no-padding\"><div class=\"stk-block-content stk-inner-blocks stk-cf7ac09-inner-blocks\">\n<div class=\"wp-block-stackable-team-member stk-block-team-member stk-block stk-9444819 is-style-default\" data-v=\"2\" data-block-id=\"9444819\"><div class=\"stk-block-team-member__content stk-content-align stk-9444819-column stk-container stk-9444819-container stk--no-background stk--no-padding\"><div class=\"stk-block-content stk-inner-blocks has-text-align-center stk-9444819-inner-blocks\">\n<div class=\"wp-block-stackable-image stk-block-image stk-block stk-2a98336\" data-block-id=\"2a98336\"><style>.stk-2a98336 .stk-img-wrapper{width:100% !important;height:165px !important;}<\/style><figure><span class=\"stk-img-wrapper stk-image--shape-stretch\"><img loading=\"lazy\" decoding=\"async\" class=\"stk-img wp-image-3679\" src=\"https:\/\/www.sclerodermie.ch\/wp-content\/uploads\/2024\/12\/flyer-savourez-chaque-journee-1024x725-1.jpg\" width=\"1024\" height=\"725\" srcset=\"https:\/\/www.sclerodermie.ch\/wp-content\/uploads\/2024\/12\/flyer-savourez-chaque-journee-1024x725-1.jpg 1024w, https:\/\/www.sclerodermie.ch\/wp-content\/uploads\/2024\/12\/flyer-savourez-chaque-journee-1024x725-1-300x212.jpg 300w, https:\/\/www.sclerodermie.ch\/wp-content\/uploads\/2024\/12\/flyer-savourez-chaque-journee-1024x725-1-768x544.jpg 768w\" sizes=\"auto, (max-width: 1024px) 100vw, 1024px\" \/><\/span><\/figure><\/div>\n<\/div><\/div><\/div>\n<\/div><\/div><\/div>\n<\/div><\/div>\n\n\n\n<div class=\"wp-block-stackable-columns stk-block-columns stk-block stk-d3a5d4c\" data-block-id=\"d3a5d4c\"><style>.stk-d3a5d4c-column{--stk-column-gap:24px !important;}<\/style><div class=\"stk-row stk-inner-blocks stk-block-content stk-content-align stk-d3a5d4c-column\">\n<div class=\"wp-block-stackable-column stk-block-column stk-column stk-block stk-ee26d9f\" data-v=\"4\" data-block-id=\"ee26d9f\"><style>.stk-ee26d9f-container{margin-top:0px !important;margin-right:0px !important;margin-bottom:0px !important;margin-left:0px !important;}<\/style><div class=\"stk-column-wrapper stk-block-column__content stk-container stk-ee26d9f-container stk--no-background stk--no-padding\"><div class=\"stk-block-content stk-inner-blocks stk-ee26d9f-inner-blocks\">\n<div class=\"wp-block-stackable-team-member stk-block-team-member stk-block stk-039fd16 is-style-default\" data-v=\"2\" data-block-id=\"039fd16\"><div class=\"stk-block-team-member__content stk-content-align stk-039fd16-column stk-container stk-039fd16-container stk--no-background stk--no-padding\"><div class=\"stk-block-content stk-inner-blocks has-text-align-center stk-039fd16-inner-blocks\">\n<div class=\"wp-block-stackable-image stk-block-image stk-block stk-66a7455\" data-block-id=\"66a7455\"><style>.stk-66a7455 .stk-img-wrapper{width:100% !important;height:167px !important;}<\/style><figure><span class=\"stk-img-wrapper stk-image--shape-stretch\"><img loading=\"lazy\" decoding=\"async\" class=\"stk-img wp-image-3682\" src=\"https:\/\/www.sclerodermie.ch\/wp-content\/uploads\/2024\/12\/flyer-texte-et-collage-1-1024x724-1.jpg\" width=\"1024\" height=\"724\" srcset=\"https:\/\/www.sclerodermie.ch\/wp-content\/uploads\/2024\/12\/flyer-texte-et-collage-1-1024x724-1.jpg 1024w, https:\/\/www.sclerodermie.ch\/wp-content\/uploads\/2024\/12\/flyer-texte-et-collage-1-1024x724-1-300x212.jpg 300w, https:\/\/www.sclerodermie.ch\/wp-content\/uploads\/2024\/12\/flyer-texte-et-collage-1-1024x724-1-768x543.jpg 768w\" sizes=\"auto, (max-width: 1024px) 100vw, 1024px\" \/><\/span><\/figure><\/div>\n<\/div><\/div><\/div>\n<\/div><\/div><\/div>\n\n\n\n<div class=\"wp-block-stackable-column stk-block-column stk-column stk-block stk-2b07403\" data-v=\"4\" data-block-id=\"2b07403\"><style>.stk-2b07403-container{margin-top:0px !important;margin-right:0px !important;margin-bottom:0px !important;margin-left:0px !important;}<\/style><div class=\"stk-column-wrapper stk-block-column__content stk-container stk-2b07403-container stk--no-background stk--no-padding\"><div class=\"stk-block-content stk-inner-blocks stk-2b07403-inner-blocks\">\n<div class=\"wp-block-stackable-team-member stk-block-team-member stk-block stk-fe4adbe is-style-default\" data-v=\"2\" data-block-id=\"fe4adbe\"><div class=\"stk-block-team-member__content stk-content-align stk-fe4adbe-column stk-container stk-fe4adbe-container stk--no-background stk--no-padding\"><div class=\"stk-block-content stk-inner-blocks has-text-align-center stk-fe4adbe-inner-blocks\">\n<div class=\"wp-block-stackable-image stk-block-image stk-block stk-0bd1d55\" data-block-id=\"0bd1d55\"><style>.stk-0bd1d55 .stk-img-wrapper{width:100% !important;height:167px !important;}<\/style><figure><span class=\"stk-img-wrapper stk-image--shape-stretch\"><img loading=\"lazy\" decoding=\"async\" class=\"stk-img wp-image-3685\" src=\"https:\/\/www.sclerodermie.ch\/wp-content\/uploads\/2024\/12\/Flyer-texte-et-collage-pour-le-26-juillet-1024x724-1.jpg\" width=\"1024\" height=\"724\" srcset=\"https:\/\/www.sclerodermie.ch\/wp-content\/uploads\/2024\/12\/Flyer-texte-et-collage-pour-le-26-juillet-1024x724-1.jpg 1024w, https:\/\/www.sclerodermie.ch\/wp-content\/uploads\/2024\/12\/Flyer-texte-et-collage-pour-le-26-juillet-1024x724-1-300x212.jpg 300w, https:\/\/www.sclerodermie.ch\/wp-content\/uploads\/2024\/12\/Flyer-texte-et-collage-pour-le-26-juillet-1024x724-1-768x543.jpg 768w\" sizes=\"auto, (max-width: 1024px) 100vw, 1024px\" \/><\/span><\/figure><\/div>\n<\/div><\/div><\/div>\n<\/div><\/div><\/div>\n<\/div><\/div>\n<\/div><\/div><\/div>\n<\/div><\/div>\n\n\n\n<hr class=\"wp-block-separator has-alpha-channel-opacity\"\/>\n<\/div><\/div>\n\n\n\n<div class=\"wp-block-citadela-blocks-custom-container citadela-block-custom-container size-wide bg-type-color inside-space-zero has-bg\" style=\"background-color:rgba(238, 113, 37, 1)\"><div class=\"inner-holder\">\n<div class=\"wp-block-columns alignwide are-vertically-aligned-center has-3-columns has-white-color has-text-color has-link-color wp-elements-6bb8fe760e257e423d82783bd40d9594 is-layout-flex wp-container-core-columns-is-layout-9d6595d7 wp-block-columns-is-layout-flex\">\n<div class=\"wp-block-column is-vertically-aligned-center is-layout-flow wp-block-column-is-layout-flow\">\n<div class=\"wp-block-citadela-blocks-service citadela-block-service main-holder layout-box header-type-icon standard\"><div class=\"service-header\"><div class=\"service-icon\"><a href=\"https:\/\/www.sclerodermie.ch\/contact\/\" target=\"_blank\" rel=\"noopener noreferrer\"><i class=\"fas fa-at\" style=\"color:#ffffff\"><\/i><\/a><\/div><\/div><div class=\"service-content\"><div class=\"service-content-wrap\"><a href=\"https:\/\/www.sclerodermie.ch\/contact\/\" target=\"_blank\" rel=\"noopener noreferrer\"><h3 class=\"service-title\" style=\"color:#ffffff\">NOUS ECRIRE<\/h3><\/a><p class=\"service-description\" style=\"color:#ffffff\">info@sclerodermie.ch<br\/>sclerodermie.ch<br\/>3000 Berne <\/p><\/div><\/div><\/div>\n<\/div>\n\n\n\n<div class=\"wp-block-column is-vertically-aligned-center is-layout-flow wp-block-column-is-layout-flow\">\n<div class=\"wp-block-citadela-blocks-service citadela-block-service main-holder layout-box header-type-icon standard\"><div class=\"service-header\"><div class=\"service-icon\"><i class=\"fas fa-phone\" style=\"color:#ffffff\"><\/i><\/div><\/div><div class=\"service-content\"><div class=\"service-content-wrap\"><h3 class=\"service-title\" style=\"color:#ffffff\">NOUS APPELER<\/h3><p class=\"service-description\" style=\"color:#ffffff\"><strong>077 469 75 58 \u2013 Fran\u00e7ais<br\/>077 502 18 68 \u2013 Deutsch<br\/>077 501 67 59 \u2013 Italiano <\/strong><\/p><\/div><\/div><\/div>\n<\/div>\n\n\n\n<div class=\"wp-block-column is-vertically-aligned-center is-layout-flow wp-block-column-is-layout-flow\">\n<div class=\"wp-block-citadela-blocks-service citadela-block-service main-holder layout-box header-type-icon standard\"><div class=\"service-header\"><div class=\"service-icon\"><i class=\"fas fa-piggy-bank\" style=\"color:#ffffff\"><\/i><\/div><\/div><div class=\"service-content\"><div class=\"service-content-wrap\"><h3 class=\"service-title\" style=\"color:#ffffff\">NOUS SOUTENIR<\/h3><p class=\"service-description\" style=\"color:#ffffff\">Compte postal : 12-864923-6 CHF<br\/>Code BIC : POFICHBEXXX<br\/>IBAN : CH47 0900 0000 1286 4923 6<\/p><\/div><\/div><\/div>\n<\/div>\n<\/div>\n<\/div><\/div>\n","protected":false},"excerpt":{"rendered":"","protected":false},"author":1,"featured_media":0,"parent":2319,"menu_order":2,"comment_status":"closed","ping_status":"closed","template":"","meta":{"_citadela_hide_page_title":"1","_citadela_remove_header_space":"1","_citadela_custom_class":"","_citadela_half_map_provider":"","_citadela_half_map_theme":"","_citadela_half_map_themeOSM":"","_citadela_half_map_customTheme":"","_citadela_half_map_dataType":"","_citadela_half_map_dynamicTrack":false,"_citadela_half_map_trackColor":"","_citadela_half_map_trackEndpointsColor":"","_citadela_half_map_filterCategory":"","_citadela_half_map_filterLocation":"","_citadela_half_map_filterFeatured":false,"_citadela_half_map_noDataBehavior":"empty-map","_citadela_half_map_noDataText":"","_citadela_half_map_clusterGridSize":80,"_citadela_header":false,"_citadela_header_over_content":false,"_citadela_header_text_color":"","_citadela_header_logo":[],"_citadela_header_bg_image":[],"_citadela_header_bg_position":{"x":0.5,"y":0.5},"_citadela_header_bg_size":"cover","_citadela_header_bg_repeat":"no-repeat","_citadela_header_bg_fixed":false,"_citadela_header_bg_color":"","_citadela_header_bg_image_overlay":"","_citadela_header_transparent_bg":false,"_citadela_content_width":"","_citadela_half_layout_position":"","footnotes":""},"class_list":["post-3669","page","type-page","status-publish","hentry"],"_links":{"self":[{"href":"https:\/\/www.sclerodermie.ch\/fr\/wp-json\/wp\/v2\/pages\/3669","targetHints":{"allow":["GET"]}}],"collection":[{"href":"https:\/\/www.sclerodermie.ch\/fr\/wp-json\/wp\/v2\/pages"}],"about":[{"href":"https:\/\/www.sclerodermie.ch\/fr\/wp-json\/wp\/v2\/types\/page"}],"author":[{"embeddable":true,"href":"https:\/\/www.sclerodermie.ch\/fr\/wp-json\/wp\/v2\/users\/1"}],"replies":[{"embeddable":true,"href":"https:\/\/www.sclerodermie.ch\/fr\/wp-json\/wp\/v2\/comments?post=3669"}],"version-history":[{"count":6,"href":"https:\/\/www.sclerodermie.ch\/fr\/wp-json\/wp\/v2\/pages\/3669\/revisions"}],"predecessor-version":[{"id":3831,"href":"https:\/\/www.sclerodermie.ch\/fr\/wp-json\/wp\/v2\/pages\/3669\/revisions\/3831"}],"up":[{"embeddable":true,"href":"https:\/\/www.sclerodermie.ch\/fr\/wp-json\/wp\/v2\/pages\/2319"}],"wp:attachment":[{"href":"https:\/\/www.sclerodermie.ch\/fr\/wp-json\/wp\/v2\/media?parent=3669"}],"curies":[{"name":"wp","href":"https:\/\/api.w.org\/{rel}","templated":true}]}}