{"id":4057,"date":"2025-05-07T20:02:08","date_gmt":"2025-05-07T18:02:08","guid":{"rendered":"https:\/\/www.sclerodermie.ch\/?page_id=4057"},"modified":"2026-02-02T10:01:35","modified_gmt":"2026-02-02T09:01:35","slug":"savior_vetements_chauffants","status":"publish","type":"page","link":"https:\/\/www.sclerodermie.ch\/fr\/partenaires\/savior_vetements_chauffants\/","title":{"rendered":"Savior &#8211; v\u00eatements chauffants"},"content":{"rendered":"\n<div class=\"wp-block-citadela-blocks-custom-container citadela-block-custom-container size-wide bg-type-none inside-space-none\"><div class=\"inner-holder\">\n<div style=\"height:100px\" aria-hidden=\"true\" class=\"wp-block-spacer\"><\/div>\n\n\n<div style=\"--bb--crumb-gap:.4em; font-style:normal;font-weight:600;\" class=\"hide-home-page wp-block-boldblocks-breadcrumb-block has-large-font-size\"><nav role=\"navigation\" aria-label=\"Breadcrumbs\" class=\"breadcrumb\"><ol class=\"breadcrumb-items\"><li class=\"breadcrumb-item breadcrumb-item--current breadcrumb-item--home\"><span class=\"breadcrumb-item-name\">Home<\/span><\/li><\/ol><\/nav><\/div>\n\n\n<hr class=\"wp-block-separator has-alpha-channel-opacity is-style-wide\"\/>\n\n\n\n<div class=\"wp-block-stackable-columns alignwide stk-block-columns stk-block stk-08ba77d\" data-block-id=\"08ba77d\"><style>.stk-08ba77d-column{--stk-column-gap:48px !important;}<\/style><div class=\"stk-row stk-inner-blocks stk-block-content stk-content-align stk-08ba77d-column alignwide\">\n<div class=\"wp-block-stackable-column stk-block-column stk-column stk-block stk-000439b\" data-v=\"4\" data-block-id=\"000439b\"><style>.stk-000439b-inner-blocks{justify-content:center !important;}.stk-000439b-container{display:flex !important;}<\/style><div class=\"stk-column-wrapper stk-block-column__content stk-container stk-000439b-container stk--no-background stk--no-padding\"><div class=\"stk-block-content stk-inner-blocks stk-000439b-inner-blocks\">\n<p>Nous sommes heureux de pouvoir offrir un avantage particulier \u00e0 nos membres : Ils b\u00e9n\u00e9ficient d\u00e8s \u00e0 pr\u00e9sent d&rsquo;une r\u00e9duction de 25 % sur l&rsquo;ensemble de la gamme de Savior Europe &#8211; le fournisseur leader de v\u00eatements chauffants. Que vous fassiez du ski, de la randonn\u00e9e, de la moto ou simplement des promenades hivernales, les produits de haute qualit\u00e9 de Savior Europe vous permettront de rester au chaud en toute fiabilit\u00e9.<\/p>\n\n\n\n<p>L&rsquo;assortiment comprend notamment des gants, des chaussettes, des gilets, des sous-v\u00eatements et des vestes chauffants. Les produits sont dot\u00e9s d&rsquo;une technologie de chauffage innovante qui assure une chaleur uniforme gr\u00e2ce \u00e0 des fils chauffants ultrafins et robustes. Des batteries lithium-ion de haute qualit\u00e9 garantissent une dur\u00e9e de chauffage allant jusqu&rsquo;\u00e0 huit heures et une longue dur\u00e9e de vie.<\/p>\n\n\n\n<p>Le si\u00e8ge europ\u00e9en de Savior Europe se trouve en Suisse, un gage de qualit\u00e9 et de proximit\u00e9 avec les clients.<\/p>\n\n\n\n<p><strong>Exclusivement pour les membres:<\/strong> en tant que membre de notre association, profitez de rabais sp\u00e9ciaux sur les produits de <a href=\"https:\/\/savior-europe.com\/\" target=\"_blank\" rel=\"noreferrer noopener\">Savior<\/a>.<\/p>\n<\/div><\/div><\/div>\n\n\n\n<div class=\"wp-block-stackable-column stk-block-column stk-column stk-block stk-0917f86\" data-v=\"4\" data-block-id=\"0917f86\"><div class=\"stk-column-wrapper stk-block-column__content stk-container stk-0917f86-container stk--no-background stk--no-padding\"><div class=\"stk-block-content stk-inner-blocks stk-0917f86-inner-blocks\">\n<div class=\"wp-block-stackable-columns stk-block-columns stk-block stk-9b3ba30\" data-block-id=\"9b3ba30\"><style>.stk-9b3ba30-column{--stk-column-gap:24px !important;}<\/style><div class=\"stk-row stk-inner-blocks stk-block-content stk-content-align stk-9b3ba30-column\">\n<div class=\"wp-block-stackable-column stk-block-column stk-column stk-block stk-16c6d76\" data-v=\"4\" data-block-id=\"16c6d76\"><style>.stk-16c6d76-container{margin-top:0px !important;margin-right:0px !important;margin-bottom:0px !important;margin-left:0px !important;}<\/style><div class=\"stk-column-wrapper stk-block-column__content stk-container stk-16c6d76-container stk--no-background stk--no-padding\"><div class=\"stk-block-content stk-inner-blocks stk-16c6d76-inner-blocks\">\n<div class=\"wp-block-stackable-team-member stk-block-team-member stk-block stk-bc8e2ab is-style-default\" data-v=\"2\" data-block-id=\"bc8e2ab\"><div class=\"stk-block-team-member__content stk-content-align stk-bc8e2ab-column stk-container stk-bc8e2ab-container stk--no-background stk--no-padding\"><div class=\"stk-block-content stk-inner-blocks has-text-align-center stk-bc8e2ab-inner-blocks\">\n<div class=\"wp-block-stackable-image aligncenter stk-block-image has-text-align-left stk-block stk-95f8950\" data-block-id=\"95f8950\"><figure><span class=\"stk-img-wrapper stk-image--shape-stretch\"><img loading=\"lazy\" decoding=\"async\" class=\"stk-img wp-image-4065\" src=\"https:\/\/www.sclerodermie.ch\/wp-content\/uploads\/2025\/05\/cropped-SAVIORHEAT-transparent.png\" width=\"1034\" height=\"293\" srcset=\"https:\/\/www.sclerodermie.ch\/wp-content\/uploads\/2025\/05\/cropped-SAVIORHEAT-transparent.png 1034w, https:\/\/www.sclerodermie.ch\/wp-content\/uploads\/2025\/05\/cropped-SAVIORHEAT-transparent-300x85.png 300w, https:\/\/www.sclerodermie.ch\/wp-content\/uploads\/2025\/05\/cropped-SAVIORHEAT-transparent-1024x290.png 1024w, https:\/\/www.sclerodermie.ch\/wp-content\/uploads\/2025\/05\/cropped-SAVIORHEAT-transparent-768x218.png 768w\" sizes=\"auto, (max-width: 1034px) 100vw, 1034px\" \/><\/span><\/figure><\/div>\n<\/div><\/div><\/div>\n<\/div><\/div><\/div>\n\n\n\n<div class=\"wp-block-stackable-column stk-block-column stk-column stk-block stk-cf7ac09\" data-v=\"4\" data-block-id=\"cf7ac09\"><style>.stk-cf7ac09-container{margin-top:0px !important;margin-right:0px !important;margin-bottom:0px !important;margin-left:0px !important;}<\/style><div class=\"stk-column-wrapper stk-block-column__content stk-container stk-cf7ac09-container stk--no-background stk--no-padding\"><div class=\"stk-block-content stk-inner-blocks stk-cf7ac09-inner-blocks\">\n<div class=\"wp-block-stackable-team-member stk-block-team-member stk-block stk-9444819 is-style-default\" data-v=\"2\" data-block-id=\"9444819\"><div class=\"stk-block-team-member__content stk-content-align stk-9444819-column stk-container stk-9444819-container stk--no-background stk--no-padding\"><div class=\"stk-block-content stk-inner-blocks has-text-align-center stk-9444819-inner-blocks\">\n<div class=\"wp-block-stackable-image stk-block-image stk-block stk-2a98336\" data-block-id=\"2a98336\"><style>.stk-2a98336 .stk-img-wrapper{width:66% !important;height:250px !important;}<\/style><figure><span class=\"stk-img-wrapper stk-image--shape-stretch\"><img loading=\"lazy\" decoding=\"async\" class=\"stk-img wp-image-4068\" src=\"https:\/\/www.sclerodermie.ch\/wp-content\/uploads\/2025\/05\/Socken_Savior.png\" width=\"567\" height=\"861\" srcset=\"https:\/\/www.sclerodermie.ch\/wp-content\/uploads\/2025\/05\/Socken_Savior.png 567w, https:\/\/www.sclerodermie.ch\/wp-content\/uploads\/2025\/05\/Socken_Savior-198x300.png 198w\" sizes=\"auto, (max-width: 567px) 100vw, 567px\" \/><\/span><\/figure><\/div>\n<\/div><\/div><\/div>\n<\/div><\/div><\/div>\n<\/div><\/div>\n\n\n\n<div class=\"wp-block-stackable-columns stk-block-columns stk-block stk-d3a5d4c\" data-block-id=\"d3a5d4c\"><style>.stk-d3a5d4c-column{--stk-column-gap:24px !important;}<\/style><div class=\"stk-row stk-inner-blocks stk-block-content stk-content-align stk-d3a5d4c-column\">\n<div class=\"wp-block-stackable-column stk-block-column stk-column stk-block stk-ee26d9f\" data-v=\"4\" data-block-id=\"ee26d9f\"><style>.stk-ee26d9f-container{margin-top:0px !important;margin-right:0px !important;margin-bottom:0px !important;margin-left:0px !important;}<\/style><div class=\"stk-column-wrapper stk-block-column__content stk-container stk-ee26d9f-container stk--no-background stk--no-padding\"><div class=\"stk-block-content stk-inner-blocks stk-ee26d9f-inner-blocks\">\n<div class=\"wp-block-stackable-team-member stk-block-team-member stk-block stk-039fd16 is-style-default\" data-v=\"2\" data-block-id=\"039fd16\"><div class=\"stk-block-team-member__content stk-content-align stk-039fd16-column stk-container stk-039fd16-container stk--no-background stk--no-padding\"><div class=\"stk-block-content stk-inner-blocks has-text-align-center stk-039fd16-inner-blocks\">\n<div class=\"wp-block-stackable-image stk-block-image stk-block stk-66a7455\" data-block-id=\"66a7455\"><style>.stk-66a7455 .stk-img-wrapper{width:100% !important;height:250px !important;}<\/style><figure><span class=\"stk-img-wrapper stk-image--shape-stretch\"><img loading=\"lazy\" decoding=\"async\" class=\"stk-img wp-image-4062\" src=\"https:\/\/www.sclerodermie.ch\/wp-content\/uploads\/2025\/05\/Handschuhe_Savior.png\" width=\"562\" height=\"582\" srcset=\"https:\/\/www.sclerodermie.ch\/wp-content\/uploads\/2025\/05\/Handschuhe_Savior.png 562w, https:\/\/www.sclerodermie.ch\/wp-content\/uploads\/2025\/05\/Handschuhe_Savior-290x300.png 290w\" sizes=\"auto, (max-width: 562px) 100vw, 562px\" \/><\/span><\/figure><\/div>\n<\/div><\/div><\/div>\n<\/div><\/div><\/div>\n\n\n\n<div class=\"wp-block-stackable-column stk-block-column stk-column stk-block stk-2b07403\" data-v=\"4\" data-block-id=\"2b07403\"><style>.stk-2b07403-container{margin-top:0px !important;margin-right:0px !important;margin-bottom:0px !important;margin-left:0px !important;}<\/style><div class=\"stk-column-wrapper stk-block-column__content stk-container stk-2b07403-container stk--no-background stk--no-padding\"><div class=\"stk-block-content stk-inner-blocks stk-2b07403-inner-blocks\">\n<div class=\"wp-block-stackable-team-member stk-block-team-member stk-block stk-fe4adbe is-style-default\" data-v=\"2\" data-block-id=\"fe4adbe\"><div class=\"stk-block-team-member__content stk-content-align stk-fe4adbe-column stk-container stk-fe4adbe-container stk--no-background stk--no-padding\"><div class=\"stk-block-content stk-inner-blocks has-text-align-center stk-fe4adbe-inner-blocks\">\n<div class=\"wp-block-stackable-image stk-block-image stk-block stk-0bd1d55\" data-block-id=\"0bd1d55\"><style>.stk-0bd1d55 .stk-img-wrapper{width:100% !important;height:250px !important;}<\/style><\/div>\n<\/div><\/div><\/div>\n<\/div><\/div><\/div>\n<\/div><\/div>\n<\/div><\/div><\/div>\n<\/div><\/div>\n\n\n\n<hr class=\"wp-block-separator has-alpha-channel-opacity\"\/>\n<\/div><\/div>\n\n\n\n<div class=\"wp-block-citadela-blocks-custom-container citadela-block-custom-container size-wide bg-type-color inside-space-zero has-bg\" style=\"background-color:rgba(238, 113, 37, 1)\"><div class=\"inner-holder\">\n<div class=\"wp-block-columns alignwide are-vertically-aligned-center has-3-columns has-white-color has-text-color has-link-color wp-elements-6bb8fe760e257e423d82783bd40d9594 is-layout-flex wp-container-core-columns-is-layout-9d6595d7 wp-block-columns-is-layout-flex\">\n<div class=\"wp-block-column is-vertically-aligned-center is-layout-flow wp-block-column-is-layout-flow\">\n<div class=\"wp-block-citadela-blocks-service citadela-block-service main-holder layout-box header-type-icon standard\"><div class=\"service-header\"><div class=\"service-icon\"><a href=\"https:\/\/www.sclerodermie.ch\/contact\/\" target=\"_blank\" rel=\"noopener noreferrer\"><i class=\"fas fa-at\" style=\"color:#ffffff\"><\/i><\/a><\/div><\/div><div class=\"service-content\"><div class=\"service-content-wrap\"><a href=\"https:\/\/www.sclerodermie.ch\/contact\/\" target=\"_blank\" rel=\"noopener noreferrer\"><h3 class=\"service-title\" style=\"color:#ffffff\">NOUS ECRIRE<\/h3><\/a><p class=\"service-description\" style=\"color:#ffffff\">info@sclerodermie.ch<br\/>sclerodermie.ch<br\/>3000 Berne <\/p><\/div><\/div><\/div>\n<\/div>\n\n\n\n<div class=\"wp-block-column is-vertically-aligned-center is-layout-flow wp-block-column-is-layout-flow\">\n<div class=\"wp-block-citadela-blocks-service citadela-block-service main-holder layout-box header-type-icon standard\"><div class=\"service-header\"><div class=\"service-icon\"><i class=\"fas fa-phone\" style=\"color:#ffffff\"><\/i><\/div><\/div><div class=\"service-content\"><div class=\"service-content-wrap\"><h3 class=\"service-title\" style=\"color:#ffffff\">NOUS APPELER<\/h3><p class=\"service-description\" style=\"color:#ffffff\"><strong>077 469 75 58 \u2013 Fran\u00e7ais<br\/>077 502 18 68 \u2013 Deutsch<br\/>077 501 67 59 \u2013 Italiano <\/strong><\/p><\/div><\/div><\/div>\n<\/div>\n\n\n\n<div class=\"wp-block-column is-vertically-aligned-center is-layout-flow wp-block-column-is-layout-flow\">\n<div class=\"wp-block-citadela-blocks-service citadela-block-service main-holder layout-box header-type-icon standard\"><div class=\"service-header\"><div class=\"service-icon\"><i class=\"fas fa-piggy-bank\" style=\"color:#ffffff\"><\/i><\/div><\/div><div class=\"service-content\"><div class=\"service-content-wrap\"><h3 class=\"service-title\" style=\"color:#ffffff\">NOUS SOUTENIR<\/h3><p class=\"service-description\" style=\"color:#ffffff\">Compte postal : 12-864923-6 CHF<br\/>Code BIC : POFICHBEXXX<br\/>IBAN : CH47 0900 0000 1286 4923 6<\/p><\/div><\/div><\/div>\n<\/div>\n<\/div>\n<\/div><\/div>\n","protected":false},"excerpt":{"rendered":"","protected":false},"author":4,"featured_media":0,"parent":2319,"menu_order":0,"comment_status":"closed","ping_status":"closed","template":"","meta":{"_citadela_hide_page_title":"1","_citadela_remove_header_space":"1","_citadela_custom_class":"","_citadela_half_map_provider":"","_citadela_half_map_theme":"","_citadela_half_map_themeOSM":"","_citadela_half_map_customTheme":"","_citadela_half_map_dataType":"","_citadela_half_map_dynamicTrack":false,"_citadela_half_map_trackColor":"","_citadela_half_map_trackEndpointsColor":"","_citadela_half_map_filterCategory":"","_citadela_half_map_filterLocation":"","_citadela_half_map_filterFeatured":false,"_citadela_half_map_noDataBehavior":"empty-map","_citadela_half_map_noDataText":"","_citadela_half_map_clusterGridSize":80,"_citadela_header":false,"_citadela_header_over_content":false,"_citadela_header_text_color":"","_citadela_header_logo":[],"_citadela_header_bg_image":[],"_citadela_header_bg_position":{"x":0.5,"y":0.5},"_citadela_header_bg_size":"cover","_citadela_header_bg_repeat":"no-repeat","_citadela_header_bg_fixed":false,"_citadela_header_bg_color":"","_citadela_header_bg_image_overlay":"","_citadela_header_transparent_bg":false,"_citadela_content_width":"","_citadela_half_layout_position":"","footnotes":""},"class_list":["post-4057","page","type-page","status-publish","hentry"],"_links":{"self":[{"href":"https:\/\/www.sclerodermie.ch\/fr\/wp-json\/wp\/v2\/pages\/4057","targetHints":{"allow":["GET"]}}],"collection":[{"href":"https:\/\/www.sclerodermie.ch\/fr\/wp-json\/wp\/v2\/pages"}],"about":[{"href":"https:\/\/www.sclerodermie.ch\/fr\/wp-json\/wp\/v2\/types\/page"}],"author":[{"embeddable":true,"href":"https:\/\/www.sclerodermie.ch\/fr\/wp-json\/wp\/v2\/users\/4"}],"replies":[{"embeddable":true,"href":"https:\/\/www.sclerodermie.ch\/fr\/wp-json\/wp\/v2\/comments?post=4057"}],"version-history":[{"count":5,"href":"https:\/\/www.sclerodermie.ch\/fr\/wp-json\/wp\/v2\/pages\/4057\/revisions"}],"predecessor-version":[{"id":4633,"href":"https:\/\/www.sclerodermie.ch\/fr\/wp-json\/wp\/v2\/pages\/4057\/revisions\/4633"}],"up":[{"embeddable":true,"href":"https:\/\/www.sclerodermie.ch\/fr\/wp-json\/wp\/v2\/pages\/2319"}],"wp:attachment":[{"href":"https:\/\/www.sclerodermie.ch\/fr\/wp-json\/wp\/v2\/media?parent=4057"}],"curies":[{"name":"wp","href":"https:\/\/api.w.org\/{rel}","templated":true}]}}