{"id":4521,"date":"2026-01-27T18:05:07","date_gmt":"2026-01-27T17:05:07","guid":{"rendered":"https:\/\/www.sclerodermie.ch\/?page_id=4521"},"modified":"2026-01-27T18:16:47","modified_gmt":"2026-01-27T17:16:47","slug":"devenir-membre","status":"publish","type":"page","link":"https:\/\/www.sclerodermie.ch\/fr\/ass\/devenir-membre\/","title":{"rendered":"Devenir membre"},"content":{"rendered":"\n<div class=\"wp-block-citadela-blocks-custom-container citadela-block-custom-container size-wide bg-type-none inside-space-none\"><div class=\"inner-holder\">\n<div style=\"height:100px\" aria-hidden=\"true\" class=\"wp-block-spacer\"><\/div>\n\n\n<div style=\"--bb--crumb-gap:.4em; font-style:normal;font-weight:600;\" class=\"hide-home-page wp-block-boldblocks-breadcrumb-block has-large-font-size\"><nav role=\"navigation\" aria-label=\"Breadcrumbs\" class=\"breadcrumb\"><ol class=\"breadcrumb-items\"><li class=\"breadcrumb-item breadcrumb-item--current breadcrumb-item--home\"><span class=\"breadcrumb-item-name\">Home<\/span><\/li><\/ol><\/nav><\/div>\n\n\n<hr class=\"wp-block-separator has-alpha-channel-opacity is-style-wide\"\/>\n\n\n\n<div class=\"wp-block-columns is-layout-flex wp-container-core-columns-is-layout-9d6595d7 wp-block-columns-is-layout-flex\">\n<div class=\"wp-block-column is-layout-flow wp-block-column-is-layout-flow\">\n<h2 class=\"wp-block-heading has-medium-font-size\"><strong>Pour devenir membre :<\/strong><\/h2>\n\n\n\n<p class=\"has-medium-font-size\"><strong><a href=\"https:\/\/www.sclerodermie.ch\/fr\/ass\/devenir-membre\/formulaire-dadhesion\/\" data-type=\"page\" data-id=\"4508\">Remplir la demande d\u2019adh\u00e9sion en ligne ICI.<\/a><\/strong><\/p>\n\n\n\n<p class=\"has-medium-font-size\">Ou :<\/p>\n\n\n\n<p class=\"has-medium-font-size\"><strong><a href=\"https:\/\/www.sclerodermie.ch\/wp-content\/uploads\/2026\/01\/Demande_adhesion_f_2022.pdf\" data-type=\"attachment\" data-id=\"4506\" target=\"_blank\" rel=\"noreferrer noopener\">T\u00e9l\u00e9charger la demande d\u2019adh\u00e9sion<\/a><\/strong> et nous la renvoyer sign\u00e9e par la poste \u00e0 :<\/p>\n\n\n\n<div class=\"wp-block-stackable-text stk-block-text stk-block stk-fe53acf\" data-block-id=\"fe53acf\"><style>.stk-fe53acf .stk-block-text__text{font-size:23px !important;}@media screen and (max-width: 1023px){.stk-fe53acf .stk-block-text__text{font-size:23px !important;}}<\/style><p class=\"stk-block-text__text has-text-align-center\"><strong>sclerodermie.ch<\/strong><br>3000 Berne<\/p><\/div>\n\n\n\n<p class=\"has-text-align-center has-medium-font-size\"><a href=\"https:\/\/www.sclerodermie.ch\/wp-content\/uploads\/2024\/06\/Statuts_f.pdf\" data-type=\"link\" data-id=\"https:\/\/www.sclerodermie.ch\/wp-content\/uploads\/2024\/06\/Statuts_f.pdf\" target=\"_blank\" rel=\"noreferrer noopener\"><strong>T\u00e9l\u00e9charger les statuts de l&rsquo;ASS<\/strong><\/a><\/p>\n\n\n\n<h2 class=\"wp-block-heading has-medium-font-size\"><strong>Membre actif<\/strong><\/h2>\n\n\n\n<div class=\"wp-block-stackable-text stk-block-text stk-block stk-f12c2c0\" data-block-id=\"f12c2c0\"><p class=\"stk-block-text__text\">Peut devenir membre actif toute personne elle-m\u00eame atteinte de scl\u00e9rodermie, ou d\u2019une maladie associ\u00e9e, \u00e2g\u00e9e de 18 ans ou plus. Peuvent \u00e9galement \u00eatre membres actifs un membre de la famille ainsi que les parents d\u2019une personne \u00e2g\u00e9e de moins de 18 ans atteinte de scl\u00e9rodermie ou d\u2019une maladie associ\u00e9e.<\/p><\/div>\n\n\n\n<h2 class=\"wp-block-heading has-medium-font-size\"><strong>Membre passif et donateur<\/strong><\/h2>\n\n\n\n<div class=\"wp-block-stackable-text stk-block-text stk-block stk-7f11be3\" data-block-id=\"7f11be3\"><p class=\"stk-block-text__text\">Peuvent devenir membres passifs\/donateurs les personnes, les entreprises, soci\u00e9t\u00e9s et institutions qui soutiennent et promeuvent les int\u00e9r\u00eats de l\u2019ASS. Ils peuvent prendre part \u00e0 l\u2019assembl\u00e9e g\u00e9n\u00e9rale. Ils ont tous les droits des membres actifs.<\/p><\/div>\n<\/div>\n\n\n\n<div class=\"wp-block-column is-layout-flow wp-block-column-is-layout-flow\">\n<figure class=\"wp-block-image size-full\"><img loading=\"lazy\" decoding=\"async\" width=\"933\" height=\"933\" src=\"https:\/\/www.sclerodermie.ch\/wp-content\/uploads\/2024\/06\/Hand-in-hand-1-edited-1.jpg\" alt=\"\" class=\"wp-image-2536\" srcset=\"https:\/\/www.sclerodermie.ch\/wp-content\/uploads\/2024\/06\/Hand-in-hand-1-edited-1.jpg 933w, https:\/\/www.sclerodermie.ch\/wp-content\/uploads\/2024\/06\/Hand-in-hand-1-edited-1-300x300.jpg 300w, https:\/\/www.sclerodermie.ch\/wp-content\/uploads\/2024\/06\/Hand-in-hand-1-edited-1-150x150.jpg 150w, https:\/\/www.sclerodermie.ch\/wp-content\/uploads\/2024\/06\/Hand-in-hand-1-edited-1-768x768.jpg 768w\" sizes=\"auto, (max-width: 933px) 100vw, 933px\" \/><\/figure>\n<\/div>\n<\/div>\n\n\n\n<h2 class=\"wp-block-heading has-medium-font-size\"><strong>Membre d\u2019honneur<\/strong><\/h2>\n\n\n\n<div class=\"wp-block-stackable-text stk-block-text stk-block stk-cca2440\" data-block-id=\"cca2440\"><p class=\"stk-block-text__text\">Peuvent \u00eatre nomm\u00e9es membres d\u2019honneur des personnalit\u00e9s qui ont particuli\u00e8rement rendu service \u00e0 l\u2019ASS, \u00e0 la recherche ou \u00e0 la lutte contre la scl\u00e9rodermie.<\/p><\/div>\n\n\n\n<h2 class=\"wp-block-heading has-medium-font-size\"><strong>Cotisation<\/strong><\/h2>\n\n\n\n<p>La cotisation annuelle est de Fr. 50,- pour les membres actifs et passifs.<\/p>\n\n\n\n<div class=\"wp-block-citadela-blocks-spacer citadela-block-spacer\"><div class=\"inner-holder\" style=\"padding-top:20px\"><\/div><\/div>\n<\/div><\/div>\n\n\n\n<div class=\"wp-block-citadela-blocks-custom-container citadela-block-custom-container size-wide bg-type-color inside-space-zero has-bg\" style=\"background-color:rgba(238, 113, 37, 1)\"><div class=\"inner-holder\">\n<div class=\"wp-block-columns alignwide are-vertically-aligned-center has-3-columns has-white-color has-text-color has-link-color wp-elements-6bb8fe760e257e423d82783bd40d9594 is-layout-flex wp-container-core-columns-is-layout-9d6595d7 wp-block-columns-is-layout-flex\">\n<div class=\"wp-block-column is-vertically-aligned-center is-layout-flow wp-block-column-is-layout-flow\">\n<div class=\"wp-block-citadela-blocks-service citadela-block-service main-holder layout-box header-type-icon standard\"><div class=\"service-header\"><div class=\"service-icon\"><a href=\"https:\/\/www.sclerodermie.ch\/contact\/\" target=\"_blank\" rel=\"noopener noreferrer\"><i class=\"fas fa-at\" style=\"color:#ffffff\"><\/i><\/a><\/div><\/div><div class=\"service-content\"><div class=\"service-content-wrap\"><a href=\"https:\/\/www.sclerodermie.ch\/contact\/\" target=\"_blank\" rel=\"noopener noreferrer\"><h3 class=\"service-title\" style=\"color:#ffffff\">NOUS ECRIRE<\/h3><\/a><p class=\"service-description\" style=\"color:#ffffff\">info@sclerodermie.ch<br\/>sclerodermie.ch<br\/>3000 Berne <\/p><\/div><\/div><\/div>\n<\/div>\n\n\n\n<div class=\"wp-block-column is-vertically-aligned-center is-layout-flow wp-block-column-is-layout-flow\">\n<div class=\"wp-block-citadela-blocks-service citadela-block-service main-holder layout-box header-type-icon standard\"><div class=\"service-header\"><div class=\"service-icon\"><i class=\"fas fa-phone\" style=\"color:#ffffff\"><\/i><\/div><\/div><div class=\"service-content\"><div class=\"service-content-wrap\"><h3 class=\"service-title\" style=\"color:#ffffff\">NOUS APPELER<\/h3><p class=\"service-description\" style=\"color:#ffffff\"><strong>077 469 75 58 \u2013 Fran\u00e7ais<br\/>077 502 18 68 \u2013 Deutsch<br\/>077 501 67 59 \u2013 Italiano <\/strong><\/p><\/div><\/div><\/div>\n<\/div>\n\n\n\n<div class=\"wp-block-column is-vertically-aligned-center is-layout-flow wp-block-column-is-layout-flow\">\n<div class=\"wp-block-citadela-blocks-service citadela-block-service main-holder layout-box header-type-icon standard\"><div class=\"service-header\"><div class=\"service-icon\"><i class=\"fas fa-piggy-bank\" style=\"color:#ffffff\"><\/i><\/div><\/div><div class=\"service-content\"><div class=\"service-content-wrap\"><h3 class=\"service-title\" style=\"color:#ffffff\">NOUS SOUTENIR<\/h3><p class=\"service-description\" style=\"color:#ffffff\">Compte postal : 12-864923-6 CHF<br\/>Code BIC : POFICHBEXXX<br\/>IBAN : CH47 0900 0000 1286 4923 6<\/p><\/div><\/div><\/div>\n<\/div>\n<\/div>\n<\/div><\/div>\n\n\n\n<p><\/p>\n","protected":false},"excerpt":{"rendered":"","protected":false},"author":1,"featured_media":0,"parent":2290,"menu_order":3,"comment_status":"closed","ping_status":"closed","template":"","meta":{"_citadela_hide_page_title":"1","_citadela_remove_header_space":"1","_citadela_custom_class":"","_citadela_half_map_provider":"","_citadela_half_map_theme":"","_citadela_half_map_themeOSM":"","_citadela_half_map_customTheme":"","_citadela_half_map_dataType":"","_citadela_half_map_dynamicTrack":false,"_citadela_half_map_trackColor":"","_citadela_half_map_trackEndpointsColor":"","_citadela_half_map_filterCategory":"","_citadela_half_map_filterLocation":"","_citadela_half_map_filterFeatured":false,"_citadela_half_map_noDataBehavior":"empty-map","_citadela_half_map_noDataText":"","_citadela_half_map_clusterGridSize":80,"_citadela_header":false,"_citadela_header_over_content":false,"_citadela_header_text_color":"","_citadela_header_logo":[],"_citadela_header_bg_image":[],"_citadela_header_bg_position":{"x":0.5,"y":0.5},"_citadela_header_bg_size":"cover","_citadela_header_bg_repeat":"no-repeat","_citadela_header_bg_fixed":false,"_citadela_header_bg_color":"","_citadela_header_bg_image_overlay":"","_citadela_header_transparent_bg":false,"_citadela_content_width":"","_citadela_half_layout_position":"","footnotes":""},"class_list":["post-4521","page","type-page","status-publish","hentry"],"_links":{"self":[{"href":"https:\/\/www.sclerodermie.ch\/fr\/wp-json\/wp\/v2\/pages\/4521","targetHints":{"allow":["GET"]}}],"collection":[{"href":"https:\/\/www.sclerodermie.ch\/fr\/wp-json\/wp\/v2\/pages"}],"about":[{"href":"https:\/\/www.sclerodermie.ch\/fr\/wp-json\/wp\/v2\/types\/page"}],"author":[{"embeddable":true,"href":"https:\/\/www.sclerodermie.ch\/fr\/wp-json\/wp\/v2\/users\/1"}],"replies":[{"embeddable":true,"href":"https:\/\/www.sclerodermie.ch\/fr\/wp-json\/wp\/v2\/comments?post=4521"}],"version-history":[{"count":10,"href":"https:\/\/www.sclerodermie.ch\/fr\/wp-json\/wp\/v2\/pages\/4521\/revisions"}],"predecessor-version":[{"id":4581,"href":"https:\/\/www.sclerodermie.ch\/fr\/wp-json\/wp\/v2\/pages\/4521\/revisions\/4581"}],"up":[{"embeddable":true,"href":"https:\/\/www.sclerodermie.ch\/fr\/wp-json\/wp\/v2\/pages\/2290"}],"wp:attachment":[{"href":"https:\/\/www.sclerodermie.ch\/fr\/wp-json\/wp\/v2\/media?parent=4521"}],"curies":[{"name":"wp","href":"https:\/\/api.w.org\/{rel}","templated":true}]}}