{"id":4847,"date":"2026-04-14T23:07:38","date_gmt":"2026-04-14T21:07:38","guid":{"rendered":"https:\/\/www.sclerodermie.ch\/?page_id=4847"},"modified":"2026-04-14T23:16:01","modified_gmt":"2026-04-14T21:16:01","slug":"soutenez-notre-action","status":"publish","type":"page","link":"https:\/\/www.sclerodermie.ch\/fr\/soutenez-notre-action\/","title":{"rendered":"Soutenez notre action"},"content":{"rendered":"\n<p>L\u2019Association Suisse des Scl\u00e9rodermiques s\u2019engage aux c\u00f4t\u00e9s des personnes atteintes de scl\u00e9rodermie et de maladies associ\u00e9es. Elle offre un espace d\u2019information, d\u2019\u00e9change et de soutien, et aide les personnes concern\u00e9es \u00e0 trouver les interlocuteurs et professionnels comp\u00e9tents selon leurs besoins.<\/p>\n\n\n\n<p>Par votre don, vous contribuez directement \u00e0 ce travail d\u2019accompagnement, de mise en r\u00e9seau et d\u2019information. Votre soutien nous aide \u00e0 poursuivre nos efforts en faveur des patientes, des patients et de leurs proches dans toute la Suisse.<\/p>\n\n\n\n<h2 class=\"wp-block-heading\" id=\"coordonnes-bancaires\">Coordonn\u00e9es bancaires<\/h2>\n\n\n\n<p>Compte postal :&nbsp;12-864923-6&nbsp;CHF<a rel=\"noreferrer noopener\" target=\"_blank\" href=\"https:\/\/www.sclerodermie.ch\/fr\/la-maladie\/adresses-utiles\/\"><\/a><br>Code BIC : POFICHBEXXX<a rel=\"noreferrer noopener\" target=\"_blank\" href=\"https:\/\/www.sclerodermie.ch\/fr\/la-maladie\/adresses-utiles\/\"><\/a><br>IBAN : CH47 0900 0000 1286 4923 6<\/p>\n","protected":false},"excerpt":{"rendered":"<p>L\u2019Association Suisse des Scl\u00e9rodermiques s\u2019engage aux c\u00f4t\u00e9s des personnes atteintes de scl\u00e9rodermie et de maladies associ\u00e9es. Elle offre un espace d\u2019information, d\u2019\u00e9change et de soutien, et aide les personnes concern\u00e9es [&hellip;]<\/p>\n","protected":false},"author":4,"featured_media":0,"parent":0,"menu_order":0,"comment_status":"closed","ping_status":"closed","template":"","meta":{"_citadela_hide_page_title":"","_citadela_remove_header_space":"","_citadela_custom_class":"","_citadela_half_map_provider":"","_citadela_half_map_theme":"","_citadela_half_map_themeOSM":"","_citadela_half_map_customTheme":"","_citadela_half_map_dataType":"","_citadela_half_map_dynamicTrack":false,"_citadela_half_map_trackColor":"","_citadela_half_map_trackEndpointsColor":"","_citadela_half_map_filterCategory":"","_citadela_half_map_filterLocation":"","_citadela_half_map_filterFeatured":false,"_citadela_half_map_noDataBehavior":"empty-map","_citadela_half_map_noDataText":"","_citadela_half_map_clusterGridSize":80,"_citadela_header":false,"_citadela_header_over_content":false,"_citadela_header_text_color":"","_citadela_header_logo":[],"_citadela_header_bg_image":[],"_citadela_header_bg_position":[],"_citadela_header_bg_size":"","_citadela_header_bg_repeat":"","_citadela_header_bg_fixed":false,"_citadela_header_bg_color":"","_citadela_header_bg_image_overlay":"","_citadela_header_transparent_bg":false,"_citadela_content_width":"","_citadela_half_layout_position":"","footnotes":""},"class_list":["post-4847","page","type-page","status-publish","hentry"],"_links":{"self":[{"href":"https:\/\/www.sclerodermie.ch\/fr\/wp-json\/wp\/v2\/pages\/4847","targetHints":{"allow":["GET"]}}],"collection":[{"href":"https:\/\/www.sclerodermie.ch\/fr\/wp-json\/wp\/v2\/pages"}],"about":[{"href":"https:\/\/www.sclerodermie.ch\/fr\/wp-json\/wp\/v2\/types\/page"}],"author":[{"embeddable":true,"href":"https:\/\/www.sclerodermie.ch\/fr\/wp-json\/wp\/v2\/users\/4"}],"replies":[{"embeddable":true,"href":"https:\/\/www.sclerodermie.ch\/fr\/wp-json\/wp\/v2\/comments?post=4847"}],"version-history":[{"count":1,"href":"https:\/\/www.sclerodermie.ch\/fr\/wp-json\/wp\/v2\/pages\/4847\/revisions"}],"predecessor-version":[{"id":4848,"href":"https:\/\/www.sclerodermie.ch\/fr\/wp-json\/wp\/v2\/pages\/4847\/revisions\/4848"}],"wp:attachment":[{"href":"https:\/\/www.sclerodermie.ch\/fr\/wp-json\/wp\/v2\/media?parent=4847"}],"curies":[{"name":"wp","href":"https:\/\/api.w.org\/{rel}","templated":true}]}}