{"id":2699,"date":"2024-06-06T10:10:55","date_gmt":"2024-06-06T08:10:55","guid":{"rendered":"https:\/\/new3.sclerodermie.ch\/peers\/"},"modified":"2025-03-16T22:48:30","modified_gmt":"2025-03-16T21:48:30","slug":"peers","status":"publish","type":"page","link":"https:\/\/www.sclerodermie.ch\/it\/peers\/","title":{"rendered":"PEER \u2013 Formazione"},"content":{"rendered":"\n<div class=\"wp-block-citadela-blocks-custom-container citadela-block-custom-container size-wide bg-type-none inside-space-none\"><div class=\"inner-holder\">\n<div style=\"height:100px\" aria-hidden=\"true\" class=\"wp-block-spacer\"><\/div>\n\n\n<div style=\"--bb--crumb-gap:.4em; font-style:normal;font-weight:600;\" class=\"hide-home-page wp-block-boldblocks-breadcrumb-block has-large-font-size\"><nav role=\"navigation\" aria-label=\"Breadcrumbs\" class=\"breadcrumb\"><ol class=\"breadcrumb-items\"><li class=\"breadcrumb-item breadcrumb-item--current breadcrumb-item--home\"><span class=\"breadcrumb-item-name\">Home<\/span><\/li><\/ol><\/nav><\/div>\n\n\n<hr class=\"wp-block-separator has-alpha-channel-opacity is-style-wide\"\/>\n\n\n\n<div class=\"wp-block-stackable-subtitle stk-block-subtitle stk-block stk-43637a5\" data-block-id=\"43637a5\"><style>.stk-43637a5 .stk-block-subtitle__text{font-size:24px !important;}@media screen and (max-width: 1023px){.stk-43637a5 .stk-block-subtitle__text{font-size:24px !important;}}<\/style><p class=\"stk-block-subtitle__text stk-subtitle\"><strong>&#8220;Recovery&#8221; e &#8220;Peer&#8221; in reumatologia: un concetto collaudato per un nuovo gruppo target<\/strong><\/p><\/div>\n\n\n\n<div class=\"wp-block-columns is-layout-flex wp-container-core-columns-is-layout-9d6595d7 wp-block-columns-is-layout-flex\">\n<div class=\"wp-block-column is-layout-flow wp-block-column-is-layout-flow\" style=\"flex-basis:33.33%\">\n<div class=\"wp-block-stackable-image stk-block-image stk-block stk-96698e4\" data-block-id=\"96698e4\"><figure><span class=\"stk-img-wrapper stk-image--shape-stretch\"><img loading=\"lazy\" decoding=\"async\" class=\"stk-img wp-image-3321\" src=\"https:\/\/www.sclerodermie.ch\/wp-content\/uploads\/2024\/12\/apa843frizi.jpg\" width=\"800\" height=\"1200\" alt=\"person in black long sleeve shirt holding babys feet\" srcset=\"https:\/\/www.sclerodermie.ch\/wp-content\/uploads\/2024\/12\/apa843frizi.jpg 800w, https:\/\/www.sclerodermie.ch\/wp-content\/uploads\/2024\/12\/apa843frizi-200x300.jpg 200w, https:\/\/www.sclerodermie.ch\/wp-content\/uploads\/2024\/12\/apa843frizi-683x1024.jpg 683w, https:\/\/www.sclerodermie.ch\/wp-content\/uploads\/2024\/12\/apa843frizi-768x1152.jpg 768w\" sizes=\"auto, (max-width: 800px) 100vw, 800px\" \/><\/span><\/figure><\/div>\n<\/div>\n\n\n\n<div class=\"wp-block-column is-layout-flow wp-block-column-is-layout-flow\" style=\"flex-basis:66.66%\">\n<p class=\"has-medium-font-size\">I \u201c<strong>Peer<\/strong>\u201d sono compagni in remissione o persone con la stessa esperienza. Hanno gi\u00e0 fatto progressi nella gestione della propria malattia. Condividono le loro esperienze, dando ai nuovi pazienti la speranza che permetter\u00e0 loro di percorrere con sicurezza la via della remissione.  <\/p>\n\n\n\n<p class=\"has-text-align-left has-medium-font-size\">Il termine \u201cPeer\u201d deriva anche dall\u2019inglese e significa \u201clike-minded people\u201d.<\/p>\n\n\n\n<p class=\"has-medium-font-size\">I \u201cPeer\u201d sono anche definiti \u201c<strong>esperti per esperienza personale<\/strong>\u201d o \u201cc<strong>ompagni di recupero\u201d<\/strong> e utilizzano il loro bagaglio di esperienze per accompagnare i pazienti nel loro percorso di recupero nei settori ospedaliero e ambulatoriale. Danno speranza agli altri e possono mostrare loro come convivere e accettare la malattia. I \u201cPeer\u201d sono conosciuti e affermati nel campo della psichiatria da oltre 10 anni.  <\/p>\n\n\n\n<p class=\"has-medium-font-size\">Le aee di responsabilit\u00e0 dei \u201cPeer\u201d includono la gestione del gruppo di recupero, l\u2019organizzazione e la gestione dei dialoghi a tre. I <strong>triloghi<\/strong> sono gruppi di discussione tra le persone coinvolte, i loro cari e gli specialisti (medici, infermieri, terapisti, ecc.). <\/p>\n<\/div>\n<\/div>\n\n\n\n<div class=\"wp-block-stackable-image alignright stk-block-image stk-block stk-445dd41\" data-block-id=\"445dd41\"><\/div>\n\n\n\n<div class=\"wp-block-stackable-icon-box stk-block-icon-box stk-block stk-10177d4\" data-v=\"2\" data-block-id=\"10177d4\"><div class=\"stk-block-content stk-inner-blocks stk-block-icon-box__content stk-container stk-10177d4-container stk--no-background stk--no-padding\">\n<div class=\"wp-block-stackable-icon-label stk-block-icon-label stk-block stk-a7920a1\" data-block-id=\"a7920a1\"><style>.stk-a7920a1 {margin-bottom:0px !important;}<\/style><div class=\"stk-row stk-inner-blocks stk-block-content\">\n<div class=\"wp-block-stackable-icon stk-block-icon has-text-align-left stk-block stk-2c9d753\" data-block-id=\"2c9d753\"><style>.stk-2c9d753 .stk--svg-wrapper .stk--inner-svg svg:last-child, .stk-2c9d753 .stk--svg-wrapper .stk--inner-svg svg:last-child :is(g, path, rect, polygon, ellipse){fill:#ff6900 !important;}<\/style><span class=\"stk--svg-wrapper\"><div class=\"stk--inner-svg\"><svg style=\"height:0;width:0\"><defs><lineargradient id=\"linear-gradient-2c9d753\" x1=\"0\" x2=\"100%\" y1=\"0\" y2=\"0\"><stop offset=\"0%\" style=\"stop-opacity:1;stop-color:var(--linear-gradient-2-c-9-d-753-color-1)\"><\/stop><stop offset=\"100%\" style=\"stop-opacity:1;stop-color:var(--linear-gradient-2-c-9-d-753-color-2)\"><\/stop><\/lineargradient><\/defs><\/svg><svg xmlns=\"http:\/\/www.w3.org\/2000\/svg\" viewbox=\"0 0 512 512\" aria-hidden=\"true\" width=\"32\" height=\"32\"><path d=\"M256 48a208 208 0 1 1 0 416 208 208 0 1 1 0-416zm0 464A256 256 0 1 0 256 0a256 256 0 1 0 0 512zM369 209c9.4-9.4 9.4-24.6 0-33.9s-24.6-9.4-33.9 0l-111 111-47-47c-9.4-9.4-24.6-9.4-33.9 0s-9.4 24.6 0 33.9l64 64c9.4 9.4 24.6 9.4 33.9 0L369 209z\"><\/path><\/svg><\/div><\/span><\/div>\n\n\n\n<div class=\"wp-block-stackable-heading stk-block-heading stk-block-heading--v2 stk-block stk-fdb1abe\" id=\"a-qui-voulons-nous-nous-adresser\" data-block-id=\"fdb1abe\"><h4 class=\"stk-block-heading__text\">Con chi vogliamo parlare?<\/h4><\/div>\n<\/div><\/div>\n\n\n\n<p class=\"has-medium-font-size\">Persone con malattie infiammatorie (es. Artrite reumatoide, sclerodermia, ecc.), Che desiderano trasmettere le loro esperienze a pazienti appena ammalati e seguire una formazione per aiutare questi pazienti (PEERS).<\/p>\n<\/div><\/div>\n\n\n\n<div class=\"wp-block-stackable-icon-box stk-block-icon-box stk-block stk-312c07d\" data-v=\"2\" data-block-id=\"312c07d\"><div class=\"stk-block-content stk-inner-blocks stk-block-icon-box__content stk-container stk-312c07d-container stk--no-background stk--no-padding\">\n<div class=\"wp-block-stackable-icon-label stk-block-icon-label stk-block stk-8820ac6\" data-block-id=\"8820ac6\"><style>.stk-8820ac6 {margin-bottom:0px !important;}<\/style><div class=\"stk-row stk-inner-blocks stk-block-content\">\n<div class=\"wp-block-stackable-icon stk-block-icon has-text-align-left stk-block stk-3ddd635\" data-block-id=\"3ddd635\"><style>.stk-3ddd635 .stk--svg-wrapper .stk--inner-svg svg:last-child, .stk-3ddd635 .stk--svg-wrapper .stk--inner-svg svg:last-child :is(g, path, rect, polygon, ellipse){fill:#ff6900 !important;}<\/style><span class=\"stk--svg-wrapper\"><div class=\"stk--inner-svg\"><svg style=\"height:0;width:0\"><defs><lineargradient id=\"linear-gradient-3ddd635\" x1=\"0\" x2=\"100%\" y1=\"0\" y2=\"0\"><stop offset=\"0%\" style=\"stop-opacity:1;stop-color:var(--linear-gradient-3-ddd-635-color-1)\"><\/stop><stop offset=\"100%\" style=\"stop-opacity:1;stop-color:var(--linear-gradient-3-ddd-635-color-2)\"><\/stop><\/lineargradient><\/defs><\/svg><svg xmlns=\"http:\/\/www.w3.org\/2000\/svg\" viewbox=\"0 0 512 512\" aria-hidden=\"true\" width=\"32\" height=\"32\"><path d=\"M256 48a208 208 0 1 1 0 416 208 208 0 1 1 0-416zm0 464A256 256 0 1 0 256 0a256 256 0 1 0 0 512zM369 209c9.4-9.4 9.4-24.6 0-33.9s-24.6-9.4-33.9 0l-111 111-47-47c-9.4-9.4-24.6-9.4-33.9 0s-9.4 24.6 0 33.9l64 64c9.4 9.4 24.6 9.4 33.9 0L369 209z\"><\/path><\/svg><\/div><\/span><\/div>\n\n\n\n<div class=\"wp-block-stackable-heading stk-block-heading stk-block-heading--v2 stk-block stk-39ecc0e\" id=\"quattendons-nous-de-la-formation\" data-block-id=\"39ecc0e\"><h4 class=\"stk-block-heading__text\">Cosa ci aspettiamo dalla formazione?<\/h4><\/div>\n<\/div><\/div>\n\n\n\n<p class=\"has-medium-font-size\">Deve fornire alle persone interessate i metodi necessari nel loro processo di supporto.<\/p>\n<\/div><\/div>\n\n\n\n<div class=\"wp-block-stackable-icon-box stk-block-icon-box stk-block stk-26a2b15\" data-v=\"2\" data-block-id=\"26a2b15\"><div class=\"stk-block-content stk-inner-blocks stk-block-icon-box__content stk-container stk-26a2b15-container stk--no-background stk--no-padding\">\n<div class=\"wp-block-stackable-icon-label stk-block-icon-label stk-block stk-649240d\" data-block-id=\"649240d\"><style>.stk-649240d {margin-bottom:0px !important;}<\/style><div class=\"stk-row stk-inner-blocks stk-block-content\">\n<div class=\"wp-block-stackable-icon stk-block-icon has-text-align-left stk-block stk-f3c751a\" data-block-id=\"f3c751a\"><style>.stk-f3c751a .stk--svg-wrapper .stk--inner-svg svg:last-child, .stk-f3c751a .stk--svg-wrapper .stk--inner-svg svg:last-child :is(g, path, rect, polygon, ellipse){fill:#ff6900 !important;}<\/style><span class=\"stk--svg-wrapper\"><div class=\"stk--inner-svg\"><svg style=\"height:0;width:0\"><defs><lineargradient id=\"linear-gradient-f3c751a\" x1=\"0\" x2=\"100%\" y1=\"0\" y2=\"0\"><stop offset=\"0%\" style=\"stop-opacity:1;stop-color:var(--linear-gradient-f-3-c-751-a-color-1)\"><\/stop><stop offset=\"100%\" style=\"stop-opacity:1;stop-color:var(--linear-gradient-f-3-c-751-a-color-2)\"><\/stop><\/lineargradient><\/defs><\/svg><svg xmlns=\"http:\/\/www.w3.org\/2000\/svg\" viewbox=\"0 0 512 512\" aria-hidden=\"true\" width=\"32\" height=\"32\"><path d=\"M256 48a208 208 0 1 1 0 416 208 208 0 1 1 0-416zm0 464A256 256 0 1 0 256 0a256 256 0 1 0 0 512zM369 209c9.4-9.4 9.4-24.6 0-33.9s-24.6-9.4-33.9 0l-111 111-47-47c-9.4-9.4-24.6-9.4-33.9 0s-9.4 24.6 0 33.9l64 64c9.4 9.4 24.6 9.4 33.9 0L369 209z\"><\/path><\/svg><\/div><\/span><\/div>\n\n\n\n<div class=\"wp-block-stackable-heading stk-block-heading stk-block-heading--v2 stk-block stk-40320e4\" id=\"ou-puis-je-pratiquer-mes-connaissances-apres-la-formation\" data-block-id=\"40320e4\"><h4 class=\"stk-block-heading__text\">Dove posso mettere in pratica le mie conoscenze dopo la formazione?<\/h4><\/div>\n<\/div><\/div>\n\n\n\n<p class=\"has-medium-font-size\">In cliniche di reumatologia e riabilitazione, studi medici, assistenza domiciliare, studenti, ambulatori diurni, case \u2026 L\u2019obiettivo \u00e8 che ogni persona con sclerosi sistemica diagnosticata di recente avr\u00e0 un pari che potr\u00e0 aiutarla a trovare la sua strada nella giungla di una malattia sistemica.<\/p>\n<\/div><\/div>\n\n\n\n<p class=\"has-medium-font-size\">Non vediamo l\u2019ora di realizzare questo importantissimo progetto dell\u2019ASS e speriamo che questa idea si diffonda ad altre organizzazioni di pazienti.<\/p>\n\n\n\n<p class=\"has-medium-font-size\">e desideri maggiori informazioni sulla formazione \u201cPeer\u201d, non esitare a contattare l<a href=\"https:\/\/www.sclerodermie.ch\/it\/contatto\/\" data-type=\"link\" data-id=\"https:\/\/www.sclerodermie.ch\/contact\/\" target=\"_blank\" rel=\"noreferrer noopener\">a nostra segreteria<\/a>.<\/p>\n\n\n\n<p class=\"has-medium-font-size\"><a href=\"https:\/\/www.sclerodermie.ch\/wp-content\/uploads\/2024\/12\/peer_f.pdf\" target=\"_blank\" rel=\"noreferrer noopener\">Articolo completo pubblicato su Scleronews 19<\/a> (novembre 2020)<\/p>\n\n\n\n<hr class=\"wp-block-separator has-alpha-channel-opacity\"\/>\n<\/div><\/div>\n\n<div class=\"wp-block-citadela-blocks-custom-container citadela-block-custom-container size-wide bg-type-color inside-space-zero has-bg\" style=\"background-color:rgba(238, 113, 37, 1)\"><div class=\"inner-holder\">\n<div class=\"wp-block-columns alignwide are-vertically-aligned-center has-3-columns has-white-color has-text-color has-link-color wp-elements-1703f4865c6e4db333877a37ed254c3a is-layout-flex wp-container-core-columns-is-layout-9d6595d7 wp-block-columns-is-layout-flex\">\n<div class=\"wp-block-column is-vertically-aligned-center is-layout-flow wp-block-column-is-layout-flow\">\n<div class=\"wp-block-citadela-blocks-service citadela-block-service main-holder layout-box header-type-icon standard\"><div class=\"service-header\"><div class=\"service-icon\"><a href=\"https:\/\/www.sclerodermie.ch\/it\/contatto\/\" target=\"_blank\" rel=\"noopener noreferrer\"><i class=\"fas fa-at\" style=\"color:#ffffff\"><\/i><\/a><\/div><\/div><div class=\"service-content\"><div class=\"service-content-wrap\"><a href=\"https:\/\/www.sclerodermie.ch\/it\/contatto\/\" target=\"_blank\" rel=\"noopener noreferrer\"><h3 class=\"service-title\" style=\"color:#ffffff\">SCRIVICI<\/h3><\/a><p class=\"service-description\" style=\"color:#ffffff\">info@sclerodermie.ch<br>sclerodermie.ch<br>3000 Berne <\/p><\/div><\/div><\/div>\n<\/div>\n\n\n\n<div class=\"wp-block-column is-vertically-aligned-center is-layout-flow wp-block-column-is-layout-flow\">\n<div class=\"wp-block-citadela-blocks-service citadela-block-service main-holder layout-box header-type-icon standard\"><div class=\"service-header\"><div class=\"service-icon\"><i class=\"fas fa-phone\" style=\"color:#ffffff\"><\/i><\/div><\/div><div class=\"service-content\"><div class=\"service-content-wrap\"><h3 class=\"service-title\" style=\"color:#ffffff\">CHIAMACI<\/h3><p class=\"service-description\" style=\"color:#ffffff\"><strong>077 469 75 58 &#8211; Francese<br>077 502 18 68 &#8211; Tedesco<br>077 501 67 59 &#8211; Italiano  <\/strong><\/p><\/div><\/div><\/div>\n<\/div>\n\n\n\n<div class=\"wp-block-column is-vertically-aligned-center is-layout-flow wp-block-column-is-layout-flow\">\n<div class=\"wp-block-citadela-blocks-service citadela-block-service main-holder layout-box header-type-icon standard\"><div class=\"service-header\"><div class=\"service-icon\"><i class=\"fas fa-piggy-bank\" style=\"color:#ffffff\"><\/i><\/div><\/div><div class=\"service-content\"><div class=\"service-content-wrap\"><h3 class=\"service-title\" style=\"color:#ffffff\">SOSTIENICI<\/h3><p class=\"service-description\" style=\"color:#ffffff\">Conto corrente postale: 12-864923-6 CHF<br>Codice BIC: POFICHBEXXX<br>IBAN : CH47 0900 0000 1286 4923 6<\/p><\/div><\/div><\/div>\n<\/div>\n<\/div>\n<\/div><\/div>\n","protected":false},"excerpt":{"rendered":"","protected":false},"author":1,"featured_media":0,"parent":0,"menu_order":4,"comment_status":"closed","ping_status":"closed","template":"","meta":{"_citadela_hide_page_title":"1","_citadela_remove_header_space":"1","_citadela_custom_class":"","_citadela_half_map_provider":"","_citadela_half_map_theme":"","_citadela_half_map_themeOSM":"","_citadela_half_map_customTheme":"","_citadela_half_map_dataType":"","_citadela_half_map_dynamicTrack":false,"_citadela_half_map_trackColor":"","_citadela_half_map_trackEndpointsColor":"","_citadela_half_map_filterCategory":"","_citadela_half_map_filterLocation":"","_citadela_half_map_filterFeatured":false,"_citadela_half_map_noDataBehavior":"empty-map","_citadela_half_map_noDataText":"","_citadela_half_map_clusterGridSize":80,"_citadela_header":false,"_citadela_header_over_content":false,"_citadela_header_text_color":"","_citadela_header_logo":[],"_citadela_header_bg_image":[],"_citadela_header_bg_position":{"x":0.5,"y":0.5},"_citadela_header_bg_size":"cover","_citadela_header_bg_repeat":"no-repeat","_citadela_header_bg_fixed":false,"_citadela_header_bg_color":"","_citadela_header_bg_image_overlay":"","_citadela_header_transparent_bg":false,"_citadela_content_width":"","_citadela_half_layout_position":"","footnotes":""},"class_list":["post-2699","page","type-page","status-publish","hentry"],"_links":{"self":[{"href":"https:\/\/www.sclerodermie.ch\/it\/wp-json\/wp\/v2\/pages\/2699","targetHints":{"allow":["GET"]}}],"collection":[{"href":"https:\/\/www.sclerodermie.ch\/it\/wp-json\/wp\/v2\/pages"}],"about":[{"href":"https:\/\/www.sclerodermie.ch\/it\/wp-json\/wp\/v2\/types\/page"}],"author":[{"embeddable":true,"href":"https:\/\/www.sclerodermie.ch\/it\/wp-json\/wp\/v2\/users\/1"}],"replies":[{"embeddable":true,"href":"https:\/\/www.sclerodermie.ch\/it\/wp-json\/wp\/v2\/comments?post=2699"}],"version-history":[{"count":6,"href":"https:\/\/www.sclerodermie.ch\/it\/wp-json\/wp\/v2\/pages\/2699\/revisions"}],"predecessor-version":[{"id":3860,"href":"https:\/\/www.sclerodermie.ch\/it\/wp-json\/wp\/v2\/pages\/2699\/revisions\/3860"}],"wp:attachment":[{"href":"https:\/\/www.sclerodermie.ch\/it\/wp-json\/wp\/v2\/media?parent=2699"}],"curies":[{"name":"wp","href":"https:\/\/api.w.org\/{rel}","templated":true}]}}