{"id":2721,"date":"2024-06-06T09:47:24","date_gmt":"2024-06-06T07:47:24","guid":{"rendered":"https:\/\/new3.sclerodermie.ch\/la-malattia\/la-sclerosi-sistemica\/"},"modified":"2026-01-27T16:39:31","modified_gmt":"2026-01-27T15:39:31","slug":"la-sclerosi-sistemica","status":"publish","type":"page","link":"https:\/\/www.sclerodermie.ch\/it\/la-malattia\/la-sclerosi-sistemica\/","title":{"rendered":"La sclerosi sistemica"},"content":{"rendered":"\n<div class=\"wp-block-citadela-blocks-custom-container citadela-block-custom-container size-wide bg-type-none inside-space-none\"><div class=\"inner-holder\">\n<div style=\"height:100px\" aria-hidden=\"true\" class=\"wp-block-spacer\"><\/div>\n\n\n<div style=\"--bb--crumb-gap:.4em; font-style:normal;font-weight:600;\" class=\"hide-home-page wp-block-boldblocks-breadcrumb-block has-large-font-size\"><nav role=\"navigation\" aria-label=\"Breadcrumbs\" class=\"breadcrumb\"><ol class=\"breadcrumb-items\"><li class=\"breadcrumb-item breadcrumb-item--current breadcrumb-item--home\"><span class=\"breadcrumb-item-name\">Home<\/span><\/li><\/ol><\/nav><\/div>\n\n\n<hr class=\"wp-block-separator has-alpha-channel-opacity is-style-wide\"\/>\n\n\n\n<h2 class=\"wp-block-heading\">Estratto dal nuovo opuscolo della Lega svizzera contro il reumatismo (2021)<\/h2>\n\n\n<div class=\"wp-block-image\">\n<figure class=\"alignleft size-full\"><img loading=\"lazy\" decoding=\"async\" width=\"580\" height=\"580\" src=\"https:\/\/www.sclerodermie.ch\/wp-content\/uploads\/2024\/06\/Sclerose_systemique_F362_Layout_low_210830-2-pdf-722x1024-1-e1716708049153-edited.jpg\" alt=\"\" class=\"wp-image-2600\" srcset=\"https:\/\/www.sclerodermie.ch\/wp-content\/uploads\/2024\/06\/Sclerose_systemique_F362_Layout_low_210830-2-pdf-722x1024-1-e1716708049153-edited.jpg 580w, https:\/\/www.sclerodermie.ch\/wp-content\/uploads\/2024\/06\/Sclerose_systemique_F362_Layout_low_210830-2-pdf-722x1024-1-e1716708049153-edited-300x300.jpg 300w, https:\/\/www.sclerodermie.ch\/wp-content\/uploads\/2024\/06\/Sclerose_systemique_F362_Layout_low_210830-2-pdf-722x1024-1-e1716708049153-edited-150x150.jpg 150w\" sizes=\"auto, (max-width: 580px) 100vw, 580px\" \/><\/figure>\n<\/div>\n\n\n<p class=\"has-medium-font-size\">A te o a una persona a te cara \u00e8 stata diagnosticata la sclerodermia sistemica? Forse non eri a conoscenza della causa del tuo dolore solo per poco tempo? Oppure, al contrario, ti \u00e8 servita una lunga e faticosa ricerca per individuare la causa? I percorsi che portano alla diagnosi variano tanto quanto le reazioni ad essa.   <br> <br>\u00c8 comprensibile che dover gestire un\u2019incertezza tolga il fiato e lasci un senso di solitudine nell\u2019affrontare questa malattia rara e, per questo, sconosciuta. Non deve per\u00f2 dubitare di essere in buone mani: il personale specialistico conosce a fondo la sclerosi sistemica. Oggi questa malattia non \u00e8 ancora curabile, ma \u00e8 trattabile. E questo fa una grande differenza.<br> <br>Con questa guida, il personale specializzato in fisioterapia, ergoterapia e cure mediche, il personale medico nonch\u00e9 le persone colpite desiderano fornire risposte complete e comprensibili sulla sclerosi sistemica, una malattia rara. Questo opuscolo intende aiutarla a comprendere il quadro clinico e i disturbi a esso collegati. Vengono anche illustrate le attuali possibilit\u00e0 terapeutiche. Poich\u00e9 la sclerosi sistemica pu\u00f2 variare molto da persona a persona, \u00e8 importante ricevere un trattamento e un\u2019assistenza personalizzati. Alcune persone colpite necessitano \u00absolo\u00bb di controlli regolari da parte di personale specialistico, mentre altre richiedono un trattamento globale con medicamenti e terapie non farmacologiche. Le terapie complementari possono avere un effetto benefico sui sintomi e migliorare la qualit\u00e0 di vita delle persone colpite. Per raggiungere questo obiettivo, le persone con sclerosi sistemica hanno bisogno di una valutazione attenta e completa e di un\u2019assistenza ottimale.     <br> <br>Non esiti a porre allo\/alla specialista tutte le Sue domande. In questo modo, con il tempo, diventer\u00e0 specialista della Sua malattia e sapr\u00e0 cosa Le fa bene e cosa Le semplifica la vita. <br> <br>Si prenda del tempo per accettare la diagnosi e integrarla nella Sua vita. Abbia pazienza con le persone che La circondano: mentre una gamba rotta \u00e8 ben visibile agli altri, questa malattia \u00e8 per lo pi\u00f9 nascosta. Disporre di informazioni sufficienti aiuter\u00e0 Lei e chi Le sta accanto ad affrontare meglio la malattia.   <\/p>\n\n\n\n<blockquote class=\"wp-block-quote is-layout-flow wp-block-quote-is-layout-flow\">\n<p class=\"has-medium-font-size\"><strong>Viva \u00abcon\u00bb e non \u00abper\u00bb la malattia.<\/strong><\/p>\n<\/blockquote>\n\n\n\n<p class=\"has-medium-font-size\">E se dovesse attraversare un momento difficile, o avesse semplicemente voglia di parlare con qualcuno che La comprende, la Lega contro il reumatismo, il personale medico e l\u2019Associazione Svizzera della Sclerodermia sono a Sua disposizione.<\/p>\n\n\n\n<p class=\"has-medium-font-size\"><em>La Sua Lega svizzera contro il reumatismo<\/em><\/p>\n\n\n\n<p class=\"has-medium-font-size\"><strong><a href=\"https:\/\/www.sclerodermie.ch\/wp-content\/uploads\/2024\/06\/Sclerose_systemique_F362_Layout_low_210830-2.pdf\" target=\"_blank\" rel=\"noreferrer noopener\">Scarica il libretto QUI<\/a><br><\/strong><a href=\"https:\/\/rheumaliga-schweiz.ch\/it\/shop\/prodotti\/pubblicazioni\/patologie-reumatiche\/sclerodermia\/systemische-sklerose8\/\" target=\"_blank\" rel=\"noreferrer noopener\"><strong>Ordina la brochure direttamente dalla Ligue contre le rhumatisme QUI.<\/strong><\/a><br><strong><a href=\"https:\/\/www.sclerodermie.ch\/it\/contatto\/\" data-type=\"page\" data-id=\"523\" target=\"_blank\" rel=\"noreferrer noopener\">Per ordinare il libretto, clicca QUI.<\/a><\/strong><\/p>\n\n\n\n<p class=\"has-medium-font-size\"><strong>In queste pagine troverai informazioni su :<\/strong><\/p>\n\n\n\n<figure class=\"wp-block-table is-style-stripes\"><table><thead><tr><th>Pagina<\/th><th>Titolo<\/th><th><\/th><th>Pagina<\/th><th>Titolo<\/th><\/tr><\/thead><tbody><tr><td><\/td><td><\/td><td><\/td><td><\/td><td><\/td><\/tr><tr><td>9<\/td><td>Come si manifesta la sclerosi sistemica?<\/td><td><\/td><td>24<\/td><td>Reni, crisi renale<\/td><\/tr><tr><td>9<\/td><td>Fenomeno di Raynaud<\/td><td><\/td><td>25<\/td><td>Funzione sessuale<\/td><\/tr><tr><td>12<\/td><td>Ulcere<\/td><td><\/td><td>26<\/td><td><br> Psiche<\/td><\/tr><tr><td>13<\/td><td>Pelle<\/td><td><\/td><td>27<\/td><td>Come si formula la diagnosi?<\/td><\/tr><tr><td>17<\/td><td>Articolazioni e muscolatura<\/td><td><\/td><td>38<\/td><td>Come si tratta la sclerosi sistemica?<\/td><\/tr><tr><td>18<\/td><td>Ossa<\/td><td><\/td><td>39<\/td><td>Terapie farmacologiche dirette agli organi<\/td><\/tr><tr><td>19<\/td><td>Tratto digerente<\/td><td><\/td><td>53<\/td><td>Terapie non farmacologiche<\/td><\/tr><tr><td>21<\/td><td>Polmoni, ipertensione polmonare e cuore<\/td><td><\/td><td>71<\/td><td>Contatti utili<\/td><\/tr><\/tbody><\/table><\/figure>\n<\/div><\/div>\n\n\n\n<div class=\"wp-block-citadela-blocks-custom-container citadela-block-custom-container size-wide bg-type-color inside-space-zero has-bg\" style=\"background-color:rgba(238, 113, 37, 1)\"><div class=\"inner-holder\">\n<div class=\"wp-block-columns alignwide are-vertically-aligned-center has-3-columns has-white-color has-text-color has-link-color wp-elements-1703f4865c6e4db333877a37ed254c3a is-layout-flex wp-container-core-columns-is-layout-9d6595d7 wp-block-columns-is-layout-flex\">\n<div class=\"wp-block-column is-vertically-aligned-center is-layout-flow wp-block-column-is-layout-flow\">\n<div class=\"wp-block-citadela-blocks-service citadela-block-service main-holder layout-box header-type-icon standard\"><div class=\"service-header\"><div class=\"service-icon\"><a href=\"https:\/\/www.sclerodermie.ch\/it\/contatto\/\" target=\"_blank\" rel=\"noopener noreferrer\"><i class=\"fas fa-at\" style=\"color:#ffffff\"><\/i><\/a><\/div><\/div><div class=\"service-content\"><div class=\"service-content-wrap\"><a href=\"https:\/\/www.sclerodermie.ch\/it\/contatto\/\" target=\"_blank\" rel=\"noopener noreferrer\"><h3 class=\"service-title\" style=\"color:#ffffff\">SCRIVICI<\/h3><\/a><p class=\"service-description\" style=\"color:#ffffff\">info@sclerodermie.ch<br>sclerodermie.ch<br>3000 Berne <\/p><\/div><\/div><\/div>\n<\/div>\n\n\n\n<div class=\"wp-block-column is-vertically-aligned-center is-layout-flow wp-block-column-is-layout-flow\">\n<div class=\"wp-block-citadela-blocks-service citadela-block-service main-holder layout-box header-type-icon standard\"><div class=\"service-header\"><div class=\"service-icon\"><i class=\"fas fa-phone\" style=\"color:#ffffff\"><\/i><\/div><\/div><div class=\"service-content\"><div class=\"service-content-wrap\"><h3 class=\"service-title\" style=\"color:#ffffff\">CHIAMACI<\/h3><p class=\"service-description\" style=\"color:#ffffff\"><strong>077 469 75 58 &#8211; Francese<br>077 502 18 68 &#8211; Tedesco<br>077 501 67 59 &#8211; Italiano  <\/strong><\/p><\/div><\/div><\/div>\n<\/div>\n\n\n\n<div class=\"wp-block-column is-vertically-aligned-center is-layout-flow wp-block-column-is-layout-flow\">\n<div class=\"wp-block-citadela-blocks-service citadela-block-service main-holder layout-box header-type-icon standard\"><div class=\"service-header\"><div class=\"service-icon\"><i class=\"fas fa-piggy-bank\" style=\"color:#ffffff\"><\/i><\/div><\/div><div class=\"service-content\"><div class=\"service-content-wrap\"><h3 class=\"service-title\" style=\"color:#ffffff\">SOSTIENICI<\/h3><p class=\"service-description\" style=\"color:#ffffff\">Conto corrente postale: 12-864923-6 CHF<br>Codice BIC: POFICHBEXXX<br>IBAN : CH47 0900 0000 1286 4923 6<\/p><\/div><\/div><\/div>\n<\/div>\n<\/div>\n<\/div><\/div>\n\n\n\n<p><\/p>\n","protected":false},"excerpt":{"rendered":"","protected":false},"author":1,"featured_media":0,"parent":2548,"menu_order":0,"comment_status":"closed","ping_status":"closed","template":"page-templates\/right-sidebar.php","meta":{"_citadela_hide_page_title":"1","_citadela_remove_header_space":"1","_citadela_custom_class":"","_citadela_half_map_provider":"","_citadela_half_map_theme":"","_citadela_half_map_themeOSM":"","_citadela_half_map_customTheme":"","_citadela_half_map_dataType":"","_citadela_half_map_dynamicTrack":false,"_citadela_half_map_trackColor":"","_citadela_half_map_trackEndpointsColor":"","_citadela_half_map_filterCategory":"","_citadela_half_map_filterLocation":"","_citadela_half_map_filterFeatured":false,"_citadela_half_map_noDataBehavior":"empty-map","_citadela_half_map_noDataText":"","_citadela_half_map_clusterGridSize":80,"_citadela_header":false,"_citadela_header_over_content":false,"_citadela_header_text_color":"","_citadela_header_logo":[],"_citadela_header_bg_image":[],"_citadela_header_bg_position":{"x":0.5,"y":0.5},"_citadela_header_bg_size":"cover","_citadela_header_bg_repeat":"no-repeat","_citadela_header_bg_fixed":false,"_citadela_header_bg_color":"","_citadela_header_bg_image_overlay":"","_citadela_header_transparent_bg":false,"_citadela_content_width":"","_citadela_half_layout_position":"","footnotes":""},"class_list":["post-2721","page","type-page","status-publish","hentry"],"_links":{"self":[{"href":"https:\/\/www.sclerodermie.ch\/it\/wp-json\/wp\/v2\/pages\/2721","targetHints":{"allow":["GET"]}}],"collection":[{"href":"https:\/\/www.sclerodermie.ch\/it\/wp-json\/wp\/v2\/pages"}],"about":[{"href":"https:\/\/www.sclerodermie.ch\/it\/wp-json\/wp\/v2\/types\/page"}],"author":[{"embeddable":true,"href":"https:\/\/www.sclerodermie.ch\/it\/wp-json\/wp\/v2\/users\/1"}],"replies":[{"embeddable":true,"href":"https:\/\/www.sclerodermie.ch\/it\/wp-json\/wp\/v2\/comments?post=2721"}],"version-history":[{"count":10,"href":"https:\/\/www.sclerodermie.ch\/it\/wp-json\/wp\/v2\/pages\/2721\/revisions"}],"predecessor-version":[{"id":4538,"href":"https:\/\/www.sclerodermie.ch\/it\/wp-json\/wp\/v2\/pages\/2721\/revisions\/4538"}],"up":[{"embeddable":true,"href":"https:\/\/www.sclerodermie.ch\/it\/wp-json\/wp\/v2\/pages\/2548"}],"wp:attachment":[{"href":"https:\/\/www.sclerodermie.ch\/it\/wp-json\/wp\/v2\/media?parent=2721"}],"curies":[{"name":"wp","href":"https:\/\/api.w.org\/{rel}","templated":true}]}}