{"id":3082,"date":"2024-06-06T09:50:11","date_gmt":"2024-06-06T07:50:11","guid":{"rendered":"https:\/\/new3.sclerodermie.ch\/la-malattia\/assicurazione-invalidita-ai\/"},"modified":"2024-10-27T10:48:27","modified_gmt":"2024-10-27T09:48:27","slug":"assicurazione-invalidita-ai","status":"publish","type":"page","link":"https:\/\/www.sclerodermie.ch\/it\/la-malattia\/assicurazione-invalidita-ai\/","title":{"rendered":"Assicurazione invalidit\u00e0 (AI)"},"content":{"rendered":"\n<div class=\"wp-block-citadela-blocks-custom-container citadela-block-custom-container size-wide bg-type-none inside-space-none\"><div class=\"inner-holder\">\r\n        <div \r\n            class=\"citadela-block-page-title align-left\"\r\n                         \r\n        >\r\n            <div class=\"page-title custom\">\r\n                <header class=\"entry-header \" style=\"\">\r\n                    <div class=\"entry-header-wrap\">\r\n\r\n                        <h1 class=\"entry-title\" style=\"\">Assicurazione invalidit\u00e0 (AI)<\/h1>                    \r\n                    <\/div>\r\n                <\/header>\r\n            <\/div>\r\n        <\/div>\r\n\r\n        \n\n<div class=\"wp-block-image\">\n<figure class=\"alignright size-citadela_service\"><img loading=\"lazy\" decoding=\"async\" width=\"480\" height=\"360\" src=\"https:\/\/www.sclerodermie.ch\/wp-content\/uploads\/2024\/10\/723925-480x360.jpg\" alt=\"calcolatrice, calcolo, assicurazione\" class=\"wp-image-3004\" style=\"object-fit:cover\" srcset=\"https:\/\/www.sclerodermie.ch\/wp-content\/uploads\/2024\/10\/723925-480x360.jpg 480w, https:\/\/www.sclerodermie.ch\/wp-content\/uploads\/2024\/10\/723925-300x225.jpg 300w, https:\/\/www.sclerodermie.ch\/wp-content\/uploads\/2024\/10\/723925-1024x768.jpg 1024w, https:\/\/www.sclerodermie.ch\/wp-content\/uploads\/2024\/10\/723925-768x576.jpg 768w, https:\/\/www.sclerodermie.ch\/wp-content\/uploads\/2024\/10\/723925-640x480.jpg 640w, https:\/\/www.sclerodermie.ch\/wp-content\/uploads\/2024\/10\/723925.jpg 1280w\" sizes=\"auto, (max-width: 480px) 100vw, 480px\" \/><\/figure>\n<\/div>\n\n\n<p class=\"has-medium-font-size\">L\u2019assicurazione invalidit\u00e0 \u00e8 un\u2019assicurazione obbligatoria concepita per garantire il sostentamento delle persone assicurate che sono diventate invalide, sia attraverso la riabilitazione che con le rendite vitalizie. Tutte le persone che vivono in Svizzera o che esercitano un\u2019attivit\u00e0 lucrativa sono obbligatoriamente affiliate all\u2019assicurazione invalidit\u00e0 (AI). <\/p>\n\n\n\n<p class=\"has-medium-font-size\">La legge federale sull\u2019assicurazione invalidit\u00e0 definisce l\u2019invalidit\u00e0 come \u201cuna riduzione della capacit\u00e0 di guadagno o l\u2019esecuzione di compiti normali quali le faccende domestiche, con conseguente compromissione della salute fisica, psichica o mentale\u201d. Questa disabilit\u00e0 deve essere permanente o a lungo termine (almeno un anno). <\/p>\n\n\n\n<p class=\"has-medium-font-size\">Per ottenere le prestazioni dell\u2019AI, le persone assicurate devono registrarsi presso l\u2019Ufficio assicurazione invalidit\u00e0 (Ufficio AI) nel loro cantone di domicilio. Il formulario necessario pu\u00f2 essere stampato direttamente o ottenuto presso gli uffici AI. La domanda deve essere presentata il prima possibile, cio\u00e8 quando \u00e8 possibile prevedere un\u2019invalidit\u00e0 a lungo termine.  <\/p>\n\n\n\n<p class=\"has-medium-font-size\">Per ottenere le prestazioni dell\u2019AI, le persone assicurate devono registrarsi presso l\u2019Ufficio assicurazione invalidit\u00e0 (Ufficio AI) nel loro cantone di domicilio. Il formulario necessario pu\u00f2 essere stampato direttamente o ottenuto presso gli uffici AI. La domanda deve essere presentata il prima possibile, cio\u00e8 quando \u00e8 possibile prevedere un\u2019invalidit\u00e0 a lungo termine.  <\/p>\n\n\n\n<p class=\"has-medium-font-size\">L\u2019obiettivo principale dell\u2019AI \u00e8 quello di promuovere il reinserimento delle persone con invalidit\u00e0 in modo che possano sostenersi in tutto, o in parte, da soli e condurre cos\u00ec una vita il pi\u00f9 indipendente possibile.<\/p>\n\n\n\n<p class=\"has-medium-font-size\">Pertanto i benefici si concentrano principalmente sulle misure di riabilitazione per :<\/p>\n\n\n\n<div class=\"wp-block-stackable-icon-list stk-block-icon-list stk-block stk-ce3d14b stk-block-background\" data-block-id=\"ce3d14b\"><style>.stk-ce3d14b ul, .stk-ce3d14b ol{padding-left:10px !important;}.stk-ce3d14b {--stk-icon-height:21px !important;background-color:#ff6a0036 !important;}.stk-ce3d14b .stk-block-icon-list-item__content{align-items:baseline !important;}.stk-ce3d14b ul .stk-block-icon-list-item__content .stk--inner-svg, .stk-ce3d14b ol .stk-block-icon-list-item__content .stk-block-icon-list-item__marker{transform:translateY(0px) !important;}.stk-ce3d14b ul li, .stk-ce3d14b ol li{font-size:20px !important;}.stk-ce3d14b:before{background-color:#ff6a0036 !important;}@media screen and (max-width: 1023px){.stk-ce3d14b ul li, .stk-ce3d14b ol li{font-size:20px !important;}}<\/style><svg style=\"display:none\"><defs><g id=\"stk-icon-list__icon-svg-def-ce3d14b\"><svg xmlns=\"http:\/\/www.w3.org\/2000\/svg\" viewBox=\"0 0 512 512\"><path d=\"M256 48a208 208 0 1 1 0 416 208 208 0 1 1 0-416zm0 464A256 256 0 1 0 256 0a256 256 0 1 0 0 512zM369 209c9.4-9.4 9.4-24.6 0-33.9s-24.6-9.4-33.9 0l-111 111-47-47c-9.4-9.4-24.6-9.4-33.9 0s-9.4 24.6 0 33.9l64 64c9.4 9.4 24.6 9.4 33.9 0L369 209z\"\/><\/svg><\/g><\/defs><\/svg><ul class=\"stk-block-icon-list__ul stk-block-icon-list--column\">\n<li class=\"wp-block-stackable-icon-list-item stk-block-icon-list-item stk-block stk-a7c680f\" data-block-id=\"a7c680f\"><div class=\"stk-block-icon-list-item__content\"><span class=\"stk--svg-wrapper\"><div class=\"stk--inner-svg\"><svg aria-hidden=\"true\" width=\"32\" height=\"32\"><use xlink:href=\"#stk-icon-list__icon-svg-def-ce3d14b\"><\/use><\/svg><\/div><\/span><span class=\"stk-block-icon-list-item__text\">Misure d\u2019intervento precoce<\/span><\/div><\/li>\n\n\n\n<li class=\"wp-block-stackable-icon-list-item stk-block-icon-list-item stk-block stk-7f54e99\" data-block-id=\"7f54e99\"><div class=\"stk-block-icon-list-item__content\"><span class=\"stk--svg-wrapper\"><div class=\"stk--inner-svg\"><svg aria-hidden=\"true\" width=\"32\" height=\"32\"><use xlink:href=\"#stk-icon-list__icon-svg-def-ce3d14b\"><\/use><\/svg><\/div><\/span><span class=\"stk-block-icon-list-item__text\">Misure di reinserimento<\/span><\/div><\/li>\n\n\n\n<li class=\"wp-block-stackable-icon-list-item stk-block-icon-list-item stk-block stk-026acd2\" data-block-id=\"026acd2\"><div class=\"stk-block-icon-list-item__content\"><span class=\"stk--svg-wrapper\"><div class=\"stk--inner-svg\"><svg aria-hidden=\"true\" width=\"32\" height=\"32\"><use xlink:href=\"#stk-icon-list__icon-svg-def-ce3d14b\"><\/use><\/svg><\/div><\/span><span class=\"stk-block-icon-list-item__text\">Rendita d\u2019invalidit\u00e0<\/span><\/div><\/li>\n\n\n\n<li class=\"wp-block-stackable-icon-list-item stk-block-icon-list-item stk-block stk-3ce395c\" data-block-id=\"3ce395c\"><div class=\"stk-block-icon-list-item__content\"><span class=\"stk--svg-wrapper\"><div class=\"stk--inner-svg\"><svg aria-hidden=\"true\" width=\"32\" height=\"32\"><use xlink:href=\"#stk-icon-list__icon-svg-def-ce3d14b\"><\/use><\/svg><\/div><\/span><span class=\"stk-block-icon-list-item__text\">Assegno per grandi invalidi<\/span><\/div><\/li>\n\n\n\n<li class=\"wp-block-stackable-icon-list-item stk-block-icon-list-item stk-block stk-6c33677\" data-block-id=\"6c33677\"><div class=\"stk-block-icon-list-item__content\"><span class=\"stk--svg-wrapper\"><div class=\"stk--inner-svg\"><svg aria-hidden=\"true\" width=\"32\" height=\"32\"><use xlink:href=\"#stk-icon-list__icon-svg-def-ce3d14b\"><\/use><\/svg><\/div><\/span><span class=\"stk-block-icon-list-item__text\">Una rendita di invalidit\u00e0 \u00e8 concessa solo se le misure di riabilitazione non raggiungono, o raggiungono solo in parte, i loro obiettivi.<\/span><\/div><\/li>\n<\/ul><\/div>\n\n\n\n<p class=\"has-medium-font-size\">Per le persone non attive, l\u2019ufficio AI valuta la disabilit\u00e0 in base all\u2019incapacit\u00e0 di svolgere il lavoro abituale. Per le persone che esercitano un\u2019attivit\u00e0 lucrativa a tempo pieno, l\u2019ufficio AI valuta l\u2019invalidit\u00e0 attraverso un confronto delle entrate. Determina innanzitutto le entrate derivanti dal lavoro che la persona assicurata avrebbe potuto ottenere se non fosse invalida. Detrae da questo importo il salario che la persona potrebbe ottenere dopo il verificarsi dell\u2019invalidit\u00e0 e l\u2019esecuzione delle misure di riabilitazione (indipendentemente dal fatto che il salario sia guadagnato o meno). Espressa in percentuale, questa differenza rappresenta il grado d\u2019invalidit\u00e0.    <\/p>\n\n\n\n<figure class=\"wp-block-table is-style-stripes has-medium-font-size\"><table><thead><tr><th><strong>Grado d\u2019invalidit\u00e0 in % <\/strong><\/th><th>Rendita<\/th><\/tr><\/thead><tbody><tr><td>A partire da 40%<\/td><td>un quarto della rendita<\/td><\/tr><tr><td>A partire da 50%<\/td><td>mezza rendita<\/td><\/tr><tr><td>A partire da 60%<\/td><td>tre quarti della rendita<\/td><\/tr><tr><td>A partire da 70%<\/td><td>rendita intera<\/td><\/tr><\/tbody><\/table><\/figure>\n\n\n\n<p class=\"has-medium-font-size\">Certamente non ha molto senso chiedere una rendita se l\u2019invalidit\u00e0 \u00e8 inferiore al 40%. Ma durante una riduzione del lavoro, che si traduce in una riduzione dello stipendio, \u00e8 importante avere un certificato dal proprio medico che menzioni \u201cper motivi di salute\u201d. <\/p>\n\n\n\n<p class=\"has-medium-font-size\">L\u2019AI fa la differenza tra incapacit\u00e0 lavorativa e incapacit\u00e0 di guadagno.<\/p>\n\n\n\n<p class=\"has-medium-font-size\">Il grado di incapacit\u00e0 al lavoro \u00e8 determinato dal medico. D\u2019altra parte, l\u2019incapacit\u00e0 di guadagno risultata dall\u2019impossibilit\u00e0 definitiva di esercitare un\u2019attivit\u00e0 lucrativa sul mercato del lavoro. Questo \u00e8 determinato esclusivamente dall\u2019ufficio AI.  <\/p>\n\n\n\n<p class=\"has-medium-font-size\">Questo \u00e8 il motivo per cui \u00e8 importante avere un certificato medico, soprattutto se dovete cambiare il posto di lavoro e se il salario \u00e8 inferiore.<\/p>\n\n\n\n<p class=\"has-medium-font-size\">Per determinare il grado d\u2019invalidit\u00e0, l\u2019AI prende sempre come punto di partenza l\u2019ultimo stipendio percepito. Se si riduce il proprio lavoro e quindi il salario del 50%, l\u2019AI considerer\u00e0 questa riduzione come volontaria e prender\u00e0 come base l\u2019ultimo stipendio che \u00e8 del 50%. <\/p>\n\n\n\n<p class=\"has-medium-font-size\">Pertanto parlate con il vostro medico se un cambiamento del posto di lavoro o una riduzione dell\u2019orario di lavoro, per motivi di salute, \u00e8 incombente e chiedere qual \u00e8 il modo giusto di procedere presso un ufficio informazioni.<\/p>\n\n\n\n<p class=\"has-medium-font-size\">Perch\u00e9, una volta accettate le condizioni dell\u2019AI, sar\u00e0 molto difficile, se non impossibile cambiarle e recuperare ci\u00f2 a cui si \u00e8 rinunciato a prescindere dai motivi (mancanza di energia, informazioni insufficienti \u2026).<\/p>\n\n\n\n<p class=\"has-medium-font-size\">Le informazioni sono per lo pi\u00f9 gratuite, e possono aiutarvi ad evitare di subire meno perdite finanziarie.<\/p>\n\n\n\n<p class=\"has-medium-font-size\">Troverete ulteriori informazioni presso :<\/p>\n\n\n\n<figure class=\"wp-block-table is-style-stripes\"><table><tbody><tr><td>Lega ticinese contro il reumatismo<\/td><td><a href=\"https:\/\/www.reumatismo.ch\" target=\"_blank\" rel=\"noreferrer noopener nofollow\">https:\/\/www.reumatismo.ch<\/a><\/td><\/tr><tr><td>Pro Infirmis<\/td><td><a href=\"https:\/\/www.proinfirmis.ch\/\" target=\"_blank\" rel=\"noreferrer noopener nofollow\">https:\/\/www.proinfirmis.ch\/<\/a><a href=\"https:\/\/www.ligues-rhumatisme.ch\"><\/a><\/td><\/tr><tr><td>Procap<\/td><td><a href=\"https:\/\/www.procap.ch\/\" target=\"_blank\" rel=\"noreferrer noopener nofollow\">https:\/\/www.procap.ch\/<\/a><\/td><\/tr><tr><td>Assicurazioni ( solo in francese )<\/td><td><a href=\"https:\/\/www.assurance-info.ch\" target=\"_blank\" rel=\"noreferrer noopener nofollow\">https:\/\/www.assurance-info.ch<\/a><a href=\"https:\/\/www.ligues-rhumatisme.ch\"><\/a><\/td><\/tr><tr><td>AVS<\/td><td><a href=\"https:\/\/www.ahv-iv.ch\" target=\"_blank\" rel=\"noreferrer noopener nofollow\">https:\/\/www.ahv-iv.ch<\/a><a href=\"https:\/\/www.ligues-rhumatisme.ch\"><\/a><\/td><\/tr><tr><td>AI<\/td><td><a href=\"https:\/\/www.ausgleichskasse.ch\/\" target=\"_blank\" rel=\"noreferrer noopener nofollow\">https:\/\/www.ausgleichskasse.ch\/<\/a><\/td><\/tr><tr><td>Assistenti sociali presso gli ospedali<\/td><td>Contatta l&#8217;ospedale<\/td><\/tr><\/tbody><\/table><\/figure>\n\n\n\n<div class=\"wp-block-stackable-divider stk-block-divider stk-block stk-44f1ae5\" data-block-id=\"44f1ae5\"><hr class=\"stk-block-divider__hr\"\/><\/div>\n<\/div><\/div>\n\n\n\n<div class=\"wp-block-citadela-blocks-custom-container citadela-block-custom-container size-wide bg-type-color inside-space-zero has-bg\" style=\"background-color:rgba(238, 113, 37, 1)\"><div class=\"inner-holder\">\n<div class=\"wp-block-columns alignwide are-vertically-aligned-center has-3-columns has-white-color has-text-color has-link-color wp-elements-1703f4865c6e4db333877a37ed254c3a is-layout-flex wp-container-core-columns-is-layout-9d6595d7 wp-block-columns-is-layout-flex\">\n<div class=\"wp-block-column is-vertically-aligned-center is-layout-flow wp-block-column-is-layout-flow\">\n<div class=\"wp-block-citadela-blocks-service citadela-block-service main-holder layout-box header-type-icon standard\"><div class=\"service-header\"><div class=\"service-icon\"><a href=\"https:\/\/www.sclerodermie.ch\/it\/contatto\/\" target=\"_blank\" rel=\"noopener noreferrer\"><i class=\"fas fa-at\" style=\"color:#ffffff\"><\/i><\/a><\/div><\/div><div class=\"service-content\"><div class=\"service-content-wrap\"><a href=\"https:\/\/www.sclerodermie.ch\/it\/contatto\/\" target=\"_blank\" rel=\"noopener noreferrer\"><h3 class=\"service-title\" style=\"color:#ffffff\">SCRIVICI<\/h3><\/a><p class=\"service-description\" style=\"color:#ffffff\">info@sclerodermie.ch<br>sclerodermie.ch<br>3000 Berne <\/p><\/div><\/div><\/div>\n<\/div>\n\n\n\n<div class=\"wp-block-column is-vertically-aligned-center is-layout-flow wp-block-column-is-layout-flow\">\n<div class=\"wp-block-citadela-blocks-service citadela-block-service main-holder layout-box header-type-icon standard\"><div class=\"service-header\"><div class=\"service-icon\"><i class=\"fas fa-phone\" style=\"color:#ffffff\"><\/i><\/div><\/div><div class=\"service-content\"><div class=\"service-content-wrap\"><h3 class=\"service-title\" style=\"color:#ffffff\">CHIAMACI<\/h3><p class=\"service-description\" style=\"color:#ffffff\"><strong>077 469 75 58 &#8211; Francese<br>077 502 18 68 &#8211; Tedesco<br>077 501 67 59 &#8211; Italiano  <\/strong><\/p><\/div><\/div><\/div>\n<\/div>\n\n\n\n<div class=\"wp-block-column is-vertically-aligned-center is-layout-flow wp-block-column-is-layout-flow\">\n<div class=\"wp-block-citadela-blocks-service citadela-block-service main-holder layout-box header-type-icon standard\"><div class=\"service-header\"><div class=\"service-icon\"><i class=\"fas fa-piggy-bank\" style=\"color:#ffffff\"><\/i><\/div><\/div><div class=\"service-content\"><div class=\"service-content-wrap\"><h3 class=\"service-title\" style=\"color:#ffffff\">SOSTIENICI<\/h3><p class=\"service-description\" style=\"color:#ffffff\">Conto corrente postale: 12-864923-6 CHF<br>Codice BIC: POFICHBEXXX<br>IBAN : CH47 0900 0000 1286 4923 6<\/p><\/div><\/div><\/div>\n<\/div>\n<\/div>\n<\/div><\/div>\n","protected":false},"excerpt":{"rendered":"","protected":false},"author":1,"featured_media":0,"parent":2548,"menu_order":3,"comment_status":"closed","ping_status":"closed","template":"","meta":{"_citadela_hide_page_title":"1","_citadela_remove_header_space":"1","_citadela_custom_class":"","_citadela_half_map_provider":"","_citadela_half_map_theme":"","_citadela_half_map_themeOSM":"","_citadela_half_map_customTheme":"","_citadela_half_map_dataType":"","_citadela_half_map_dynamicTrack":false,"_citadela_half_map_trackColor":"","_citadela_half_map_trackEndpointsColor":"","_citadela_half_map_filterCategory":"","_citadela_half_map_filterLocation":"","_citadela_half_map_filterFeatured":false,"_citadela_half_map_noDataBehavior":"empty-map","_citadela_half_map_noDataText":"","_citadela_half_map_clusterGridSize":80,"_citadela_header":false,"_citadela_header_over_content":false,"_citadela_header_text_color":"","_citadela_header_logo":[],"_citadela_header_bg_image":[],"_citadela_header_bg_position":{"x":0.5,"y":0.5},"_citadela_header_bg_size":"cover","_citadela_header_bg_repeat":"no-repeat","_citadela_header_bg_fixed":false,"_citadela_header_bg_color":"","_citadela_header_bg_image_overlay":"","_citadela_header_transparent_bg":false,"_citadela_content_width":"","_citadela_half_layout_position":"","footnotes":""},"class_list":["post-3082","page","type-page","status-publish","hentry"],"_links":{"self":[{"href":"https:\/\/www.sclerodermie.ch\/it\/wp-json\/wp\/v2\/pages\/3082","targetHints":{"allow":["GET"]}}],"collection":[{"href":"https:\/\/www.sclerodermie.ch\/it\/wp-json\/wp\/v2\/pages"}],"about":[{"href":"https:\/\/www.sclerodermie.ch\/it\/wp-json\/wp\/v2\/types\/page"}],"author":[{"embeddable":true,"href":"https:\/\/www.sclerodermie.ch\/it\/wp-json\/wp\/v2\/users\/1"}],"replies":[{"embeddable":true,"href":"https:\/\/www.sclerodermie.ch\/it\/wp-json\/wp\/v2\/comments?post=3082"}],"version-history":[{"count":3,"href":"https:\/\/www.sclerodermie.ch\/it\/wp-json\/wp\/v2\/pages\/3082\/revisions"}],"predecessor-version":[{"id":3088,"href":"https:\/\/www.sclerodermie.ch\/it\/wp-json\/wp\/v2\/pages\/3082\/revisions\/3088"}],"up":[{"embeddable":true,"href":"https:\/\/www.sclerodermie.ch\/it\/wp-json\/wp\/v2\/pages\/2548"}],"wp:attachment":[{"href":"https:\/\/www.sclerodermie.ch\/it\/wp-json\/wp\/v2\/media?parent=3082"}],"curies":[{"name":"wp","href":"https:\/\/api.w.org\/{rel}","templated":true}]}}