{"id":4665,"date":"2026-02-17T14:52:21","date_gmt":"2026-02-17T13:52:21","guid":{"rendered":"https:\/\/www.sclerodermie.ch\/?page_id=4665"},"modified":"2026-02-17T16:02:23","modified_gmt":"2026-02-17T15:02:23","slug":"peer-formazione","status":"publish","type":"page","link":"https:\/\/www.sclerodermie.ch\/it\/peer-formazione\/","title":{"rendered":"Newsletter"},"content":{"rendered":"\n<div class=\"wp-block-citadela-blocks-custom-container citadela-block-custom-container size-wide bg-type-none inside-space-none\"><div class=\"inner-holder\">\n<div style=\"height:100px\" aria-hidden=\"true\" class=\"wp-block-spacer\"><\/div>\n\n\n<div style=\"--bb--crumb-gap:.4em; font-style:normal;font-weight:600;\" class=\"hide-home-page wp-block-boldblocks-breadcrumb-block has-large-font-size\"><nav role=\"navigation\" aria-label=\"Breadcrumbs\" class=\"breadcrumb\"><ol class=\"breadcrumb-items\"><li class=\"breadcrumb-item breadcrumb-item--current breadcrumb-item--home\"><span class=\"breadcrumb-item-name\">Home<\/span><\/li><\/ol><\/nav><\/div>\n\n\n<hr class=\"wp-block-separator has-alpha-channel-opacity is-style-wide\"\/>\n\n\n\n<div class=\"wp-block-stackable-subtitle stk-block-subtitle stk-block stk-43637a5\" data-block-id=\"43637a5\"><style>.stk-43637a5 .stk-block-subtitle__text{font-size:24px !important;}@media screen and (max-width: 1023px){.stk-43637a5 .stk-block-subtitle__text{font-size:24px !important;}}<\/style><p class=\"stk-block-subtitle__text stk-subtitle\"><\/p><\/div>\n\n\n\n<div class=\"wp-block-columns is-layout-flex wp-container-core-columns-is-layout-9d6595d7 wp-block-columns-is-layout-flex\">\n<div class=\"wp-block-column is-layout-flow wp-block-column-is-layout-flow\" style=\"flex-basis:33.33%\">\n<div class=\"wp-block-stackable-image stk-block-image stk-block stk-96698e4\" data-block-id=\"96698e4\"><style>.stk-96698e4 .stk-img-wrapper{width:79% !important;height:367px !important;}<\/style><figure><span class=\"stk-img-wrapper stk-image--shape-stretch\"><img loading=\"lazy\" decoding=\"async\" class=\"stk-img wp-image-4669\" src=\"https:\/\/www.sclerodermie.ch\/wp-content\/uploads\/2026\/02\/Newsletter-FR.jpg\" width=\"589\" height=\"822\" alt=\"person in black long sleeve shirt holding babys feet\" srcset=\"https:\/\/www.sclerodermie.ch\/wp-content\/uploads\/2026\/02\/Newsletter-FR.jpg 589w, https:\/\/www.sclerodermie.ch\/wp-content\/uploads\/2026\/02\/Newsletter-FR-215x300.jpg 215w\" sizes=\"auto, (max-width: 589px) 100vw, 589px\" \/><\/span><\/figure><\/div>\n<\/div>\n\n\n\n<div class=\"wp-block-column is-layout-flow wp-block-column-is-layout-flow\" style=\"flex-basis:66.66%\">\n<p class=\"has-medium-font-size\">Dal 2025, il comitato ha deciso di voltare pagina su <em>Scleronews<\/em> e di adottare un nuovo formato di comunicazione: la newsletter.<\/p>\n\n\n\n<p class=\"has-medium-font-size\">Questa scelta ci permette di essere pi\u00f9 aggiornati, di comunicare con te pi\u00f9 volte all&#8217;anno e di fornirti informazioni in modo pi\u00f9 diretto e rispondente.  <\/p>\n\n\n\n<p class=\"has-medium-font-size\">Ci auguriamo che questo nuovo formato ti permetta di comprendere meglio il lavoro della commissione, di tenerti aggiornato sulle collaborazioni che stiamo sviluppando e di rafforzare gli scambi e la rete tra i membri.  <\/p>\n\n\n\n<p class=\"has-medium-font-size\">Non vediamo l&#8217;ora di continuare questo viaggio con te.<\/p>\n\n\n\n<p class=\"has-medium-font-size\"><em>Dr. Phil. Christine Merzeder, Presidente <\/em><\/p>\n\n\n\n<p><\/p>\n<\/div>\n<\/div>\n\n\n\n<div class=\"wp-block-stackable-image alignright stk-block-image stk-block stk-445dd41\" data-block-id=\"445dd41\"><\/div>\n\n\n\n<p class=\"has-medium-font-size\">Se desideri maggiori informazioni, se vuoi rilasciare una testimonianza o se vuoi parlare di un argomento di interesse per le persone coinvolte, non esitare a contattare <a href=\"https:\/\/www.sclerodermie.ch\/it\/contatto\/\" data-type=\"link\" data-id=\"https:\/\/www.sclerodermie.ch\/contact\/\" target=\"_blank\" rel=\"noreferrer noopener\">la nostra segreteria<\/a>.<\/p>\n\n\n\n<p class=\"has-medium-font-size\">Scarica la <a href=\"https:\/\/www.sclerodermie.ch\/wp-content\/uploads\/2026\/02\/SVS-Newsletter-Q2-2025_it.pdf\" target=\"_blank\" rel=\"noreferrer noopener\">newsletter N\u00b01 <\/a><br>Scarica la <a href=\"https:\/\/www.sclerodermie.ch\/wp-content\/uploads\/2026\/02\/SVS-Newsletter-Q3-2025-IT.pdf\" target=\"_blank\" rel=\"noreferrer noopener\">newsletter N\u00b02<\/a><\/p>\n\n\n\n<hr class=\"wp-block-separator has-alpha-channel-opacity\"\/>\n<\/div><\/div>\n\n\n\n<div class=\"wp-block-citadela-blocks-custom-container citadela-block-custom-container size-wide bg-type-color inside-space-zero has-bg\" style=\"background-color:rgba(238, 113, 37, 1)\"><div class=\"inner-holder\">\n<div class=\"wp-block-columns alignwide are-vertically-aligned-center has-3-columns has-white-color has-text-color has-link-color wp-elements-1703f4865c6e4db333877a37ed254c3a is-layout-flex wp-container-core-columns-is-layout-9d6595d7 wp-block-columns-is-layout-flex\">\n<div class=\"wp-block-column is-vertically-aligned-center is-layout-flow wp-block-column-is-layout-flow\">\n<div class=\"wp-block-citadela-blocks-service citadela-block-service main-holder layout-box header-type-icon standard\"><div class=\"service-header\"><div class=\"service-icon\"><a href=\"https:\/\/www.sclerodermie.ch\/it\/contatto\/\" target=\"_blank\" rel=\"noopener noreferrer\"><i class=\"fas fa-at\" style=\"color:#ffffff\"><\/i><\/a><\/div><\/div><div class=\"service-content\"><div class=\"service-content-wrap\"><a href=\"https:\/\/www.sclerodermie.ch\/it\/contatto\/\" target=\"_blank\" rel=\"noopener noreferrer\"><h3 class=\"service-title\" style=\"color:#ffffff\">SCRIVICI<\/h3><\/a><p class=\"service-description\" style=\"color:#ffffff\">info@sclerodermie.ch<br>sclerodermie.ch<br>3000 Berne <\/p><\/div><\/div><\/div>\n<\/div>\n\n\n\n<div class=\"wp-block-column is-vertically-aligned-center is-layout-flow wp-block-column-is-layout-flow\">\n<div class=\"wp-block-citadela-blocks-service citadela-block-service main-holder layout-box header-type-icon standard\"><div class=\"service-header\"><div class=\"service-icon\"><i class=\"fas fa-phone\" style=\"color:#ffffff\"><\/i><\/div><\/div><div class=\"service-content\"><div class=\"service-content-wrap\"><h3 class=\"service-title\" style=\"color:#ffffff\">CHIAMACI<\/h3><p class=\"service-description\" style=\"color:#ffffff\"><strong>077 469 75 58 &#8211; Francese<br>077 502 18 68 &#8211; Tedesco<br>077 501 67 59 &#8211; Italiano  <\/strong><\/p><\/div><\/div><\/div>\n<\/div>\n\n\n\n<div class=\"wp-block-column is-vertically-aligned-center is-layout-flow wp-block-column-is-layout-flow\">\n<div class=\"wp-block-citadela-blocks-service citadela-block-service main-holder layout-box header-type-icon standard\"><div class=\"service-header\"><div class=\"service-icon\"><i class=\"fas fa-piggy-bank\" style=\"color:#ffffff\"><\/i><\/div><\/div><div class=\"service-content\"><div class=\"service-content-wrap\"><h3 class=\"service-title\" style=\"color:#ffffff\">SOSTIENICI<\/h3><p class=\"service-description\" style=\"color:#ffffff\">Conto corrente postale: 12-864923-6 CHF<br>Codice BIC: POFICHBEXXX<br>IBAN : CH47 0900 0000 1286 4923 6<\/p><\/div><\/div><\/div>\n<\/div>\n<\/div>\n<\/div><\/div>\n","protected":false},"excerpt":{"rendered":"","protected":false},"author":2,"featured_media":0,"parent":0,"menu_order":4,"comment_status":"closed","ping_status":"closed","template":"","meta":{"_citadela_hide_page_title":"1","_citadela_remove_header_space":"1","_citadela_custom_class":"","_citadela_half_map_provider":"","_citadela_half_map_theme":"","_citadela_half_map_themeOSM":"","_citadela_half_map_customTheme":"","_citadela_half_map_dataType":"","_citadela_half_map_dynamicTrack":false,"_citadela_half_map_trackColor":"","_citadela_half_map_trackEndpointsColor":"","_citadela_half_map_filterCategory":"","_citadela_half_map_filterLocation":"","_citadela_half_map_filterFeatured":false,"_citadela_half_map_noDataBehavior":"empty-map","_citadela_half_map_noDataText":"","_citadela_half_map_clusterGridSize":80,"_citadela_header":false,"_citadela_header_over_content":false,"_citadela_header_text_color":"","_citadela_header_logo":[],"_citadela_header_bg_image":[],"_citadela_header_bg_position":{"x":0.5,"y":0.5},"_citadela_header_bg_size":"cover","_citadela_header_bg_repeat":"no-repeat","_citadela_header_bg_fixed":false,"_citadela_header_bg_color":"","_citadela_header_bg_image_overlay":"","_citadela_header_transparent_bg":false,"_citadela_content_width":"","_citadela_half_layout_position":"","footnotes":""},"class_list":["post-4665","page","type-page","status-publish","hentry"],"_links":{"self":[{"href":"https:\/\/www.sclerodermie.ch\/it\/wp-json\/wp\/v2\/pages\/4665","targetHints":{"allow":["GET"]}}],"collection":[{"href":"https:\/\/www.sclerodermie.ch\/it\/wp-json\/wp\/v2\/pages"}],"about":[{"href":"https:\/\/www.sclerodermie.ch\/it\/wp-json\/wp\/v2\/types\/page"}],"author":[{"embeddable":true,"href":"https:\/\/www.sclerodermie.ch\/it\/wp-json\/wp\/v2\/users\/2"}],"replies":[{"embeddable":true,"href":"https:\/\/www.sclerodermie.ch\/it\/wp-json\/wp\/v2\/comments?post=4665"}],"version-history":[{"count":24,"href":"https:\/\/www.sclerodermie.ch\/it\/wp-json\/wp\/v2\/pages\/4665\/revisions"}],"predecessor-version":[{"id":4762,"href":"https:\/\/www.sclerodermie.ch\/it\/wp-json\/wp\/v2\/pages\/4665\/revisions\/4762"}],"wp:attachment":[{"href":"https:\/\/www.sclerodermie.ch\/it\/wp-json\/wp\/v2\/media?parent=4665"}],"curies":[{"name":"wp","href":"https:\/\/api.w.org\/{rel}","templated":true}]}}